{"id":1875,"date":"2019-01-08T14:06:01","date_gmt":"2019-01-08T11:06:01","guid":{"rendered":"https:\/\/old.lamer-santorini.com\/?page_id=1875"},"modified":"2025-05-29T13:36:00","modified_gmt":"2025-05-29T10:36:00","slug":"home","status":"publish","type":"page","link":"https:\/\/old.lamer-santorini.com\/de\/","title":{"rendered":"Startseite"},"content":{"rendered":"<div class=\"slider-available-sec\">\n<section class=\"colosseum-main-slider\">\n\t\t\t\t\t\t<div class=\"items\">\n\t\t\t\t\t\t\t<div class=\"img-container\" data-bg-img=\"https:\/\/old.lamer-santorini.com\/wp-content\/uploads\/2017\/08\/slide1.jpg\"><\/div>\n\t\t\t\t\t\t\t<div class=\"slide-caption\">\n\t\t\t\t\t\t\t\t<div class=\"inner-container clearfix\">\n\t\t\t\t\t\t\t\t\t<div style=\"top: 0px !important;opacity:1 !important;\" class=\"up-sec\">Welcome<\/div>\n\t\t\t\t\t\t\t\t\t<div style=\"top: 0px !important;opacity:1 !important;\" class=\"down-sec\">La Mer Deluxe Hotel &#038; Spa<\/div>\n\t\t\t\t\t\t\t\t<\/div>\n\t\t\t\t\t\t\t<\/div><\/div>\n\t\t\t\t\t\t<div class=\"items\">\n\t\t\t\t\t\t\t<div class=\"img-container\" data-bg-img=\"https:\/\/old.lamer-santorini.com\/wp-content\/uploads\/2017\/08\/slide3.jpg\"><\/div>\n\t\t\t\t\t\t\t<div class=\"slide-caption\">\n\t\t\t\t\t\t\t\t<div class=\"inner-container clearfix\">\n\t\t\t\t\t\t\t\t\t<div style=\"top: 0px !important;opacity:1 !important;\" class=\"up-sec\">Extraodinary experience in Santorini<\/div>\n\t\t\t\t\t\t\t\t\t<div style=\"top: 0px !important;opacity:1 !important;\" class=\"down-sec\">La Mer Deluxe Hotel &#038; Spa<\/div>\n\t\t\t\t\t\t\t\t<\/div>\n\t\t\t\t\t\t\t<\/div><\/div>\n\t\t\t\t\t\t<div class=\"items\">\n\t\t\t\t\t\t\t<div class=\"img-container\" data-bg-img=\"https:\/\/old.lamer-santorini.com\/wp-content\/uploads\/2017\/08\/slide4.jpg\"><\/div>\n\t\t\t\t\t\t\t<div class=\"slide-caption\">\n\t\t\t\t\t\t\t\t<div class=\"inner-container clearfix\">\n\t\t\t\t\t\t\t\t\t<div style=\"top: 0px !important;opacity:1 !important;\" class=\"up-sec\">Tailor-made experience <\/div>\n\t\t\t\t\t\t\t\t\t<div style=\"top: 0px !important;opacity:1 !important;\" class=\"down-sec\">La Mer Deluxe Hotel &#038; Spa<\/div>\n\t\t\t\t\t\t\t\t<\/div>\n\t\t\t\t\t\t\t<\/div><\/div>\n\t\t\t\t\t\t<div class=\"items\">\n\t\t\t\t\t\t\t<div class=\"img-container\" data-bg-img=\"https:\/\/old.lamer-santorini.com\/wp-content\/uploads\/2017\/08\/slide6.jpg\"><\/div>\n\t\t\t\t\t\t\t<div class=\"slide-caption\">\n\t\t\t\t\t\t\t\t<div class=\"inner-container clearfix\">\n\t\t\t\t\t\t\t\t\t<div style=\"top: 0px !important;opacity:1 !important;\" class=\"up-sec\">Your perfect getaway<\/div>\n\t\t\t\t\t\t\t\t\t<div style=\"top: 0px !important;opacity:1 !important;\" class=\"down-sec\">La Mer Deluxe Hotel &#038; Spa<\/div>\n\t\t\t\t\t\t\t\t<\/div>\n\t\t\t\t\t\t\t<\/div><\/div><\/section>\n\n\t\t\t\t\t<section class=\"main-availability-form \">\n\t\t\t\t\t\t<div class=\"inner-container container\">\n\t\t\t\t\t\t\t<div class=\"l-sec col-md-4\">\n\t\t\t\t\t\t\t\t<div class=\"ravis-title\">\n\t\t\t\t\t\t\t\t\t<div class=\"inner-box\">\n\t\t\t\t\t\t\t\t\t\t<div class=\"title\">Deluxe Hotel nur f\u00fcr Erwachsene<\/div>\n\t\t\t\t\t\t\t\t\t\t<div class=\"sub-title\">Buchen Sie direkt \u00fcber unsere Website<\/div>\n\t\t\t\t\t\t\t\t\t<\/div>\n\t\t\t\t\t\t\t\t<\/div>\n\t\t\t\t\t\t\t<\/div>\n\t\t\t\t\t\t\t<div class=\"r-sec col-md-8\">\n\t\t\t\t\t\t\t\t<form target=\"_blank\" class=\"booking-form clearfix\" action=\"https:\/\/lamerdeluxe.reserve-online.net\/\" method=\"post\">\n\t\t\t\t\t\t\t\t\t<div class=\"col-md-8\">\n\t\t\t\t\t\t\t\t\t\t<div class=\"row\">\n\t\t\t\t\t\t\t\t\t\t\t<div class=\"input-daterange col-md-8\">\n\t\t\t\t\t\t\t\t\t\t\t\t<div class=\"booking-fields col-md-6\">\n\t\t\t\t\t\t\t\t\t\t\t\t<label style=\"position: absolute;font-size: 0;\" for=\"checkin\">Check-in Date<\/label>\n\t\t\t\t\t\t\t\t\t\t\t\t\t<input placeholder=\"Einchecken\" class=\"datepicker-fields check-in\" id=\"checkin\" type=\"text\" name=\"checkin\"\/>\n\t\t\t\t\t\t\t\t\t\t\t\t\t<i class=\"fa fa-calendar\"><\/i>\n\t\t\t\t\t\t\t\t\t\t\t\t<\/div>\n\t\t\t\t\t\t\t\t\t\t\t\t<div class=\"booking-fields col-md-6\">\n\t\t\t\t\t\t\t\t\t\t\t\t<label  style=\"position: absolute;font-size: 0;\" for=\"checkout\">Check-out Date<\/label>\n\t\t\t\t\t\t\t\t\t\t\t\t\t<input placeholder=\"Auschecken\" class=\"datepicker-fields check-out\" type=\"text\" id=\"checkout\" name=\"checkout\"\/>\n\t\t\t\t\t\t\t\t\t\t\t\t\t<i class=\"fa fa-calendar\"><\/i>\n\t\t\t\t\t\t\t\t\t\t\t\t<\/div>\n\t\t\t\t\t\t\t\t\t\t\t<\/div>\n\n\t\t\t\t\t\t\t\t\t\t<\/div>\n\t\t\t\t\t\t\t\t\t\t<div class=\"room-field-container\">\n\t\t\t\t\t\t\t\t\t\t\t<div class=\"row\">\n\t\t\t\t\t\t\t\t\t\t\t<div class=\"col-md-4\">\n\t\t\t\t\t\t\t\t\t\t\t<label  style=\"position: absolute;font-size: 0;\" for=\"rooms\">rooms<\/label>\n\t\t\t\t\t\t\t\t\t\t\t\t<select id=\"rooms\" name=\"rooms\">\n\t\t\t\t\t\t\t\t\t\t\t\t\t<option value=\"1\" selected=\"selected\">1 Zimmer<\/option>\n\t\t\t\t\t\t\t\t\t\t\t\t\t<option value=\"2\">2 Zimmer<\/option>\n\t\t\t\t\t\t\t\t\t\t\t\t\t<option value=\"3\">3 Zimmer<\/option>\n\t\t\t\t\t\t\t\t\t\t\t\t\t<option value=\"4\">4 Zimmer<\/option>\n\t\t\t\t\t\t\t\t\t\t\t\t\t<option value=\"5\">5 Zimmer<\/option>\n\t\t\t\t\t\t\t\t\t\t\t\t<\/select>\n\t\t\t\t\t\t\t\t\t\t\t<\/div>\n\t\t\t\t\t\t\t\t\t\t\t\t<div class=\"booking-fields col-md-4\">\n\t\t\t\t\t\t\t\t\t\t\t\t<label  style=\"position: absolute;font-size: 0;\" for=\"adults\">adults<\/label>\n\t\t\t\t\t\t\t\t\t\t\t\t\t<select id=\"adults\" name=\"adults\">\n\t\t\t\t\t\t\t\t\t\t\t\t\t\t<option value=\"1\">1 Erwachsene<\/option>\n\t\t\t\t\t\t\t\t\t\t\t\t\t\t<option value=\"2\">2 Erwachsene<\/option>\n\t\t\t\t\t\t\t\t\t\t\t\t\t\t<option value=\"3\">3 Erwachsene<\/option>\n\t\t\t\t\t\t\t\t\t\t\t\t\t\t<option value=\"4\">4 Erwachsene<\/option>\n\t\t\t\t\t\t\t\t\t\t\t\t\t\t<option value=\"5\">5 Erwachsene<\/option>\n\t\t\t\t\t\t\t\t\t\t\t\t\t<\/select>\n\t\t\t\t\t\t\t\t\t\t\t\t<\/div>\n\n\t\t\t\t\t\t\t\t\t\t\t<\/div>\n\t\t\t\t\t\t\t\t\t\t<\/div>\n\t\t\t\t\t\t\t\t\t<\/div>\n\t\t\t\t\t\t\t\t\t<div class=\"col-md-4\">\n\t\t\t\t\t\t\t\t\t\t<button type=\"submit\" class=\"ravis-btn btn-type-1\">\n\t\t\t\t\t\t\t\t\t\t\t<span class=\"inner-box\">Buchen Sie jetzt<\/span>\n\t\t\t\t\t\t\t\t\t\t<\/button>\n\t\t\t\t\t\t\t\t\t<\/div>\n\t\t\t\t\t\t\t\t<\/form>\n\t\t\t\t\t\t\t\t<div class=\"row room-field-tmpl\">\n\t\t\t\t\t\t\t\t\t<div class=\"booking-fields col-md-4\">\n\t\t\t\t\t\t\t\t\t\t<div class=\"room-title\">Room {{id_}} : <\/div>\n\t\t\t\t\t\t\t\t\t<\/div>\n\t\t\t\t\t\t\t\t\t<div class=\"booking-fields col-md-4\">\n\t\t\t\t\t\t\t\t\t\t<select name=\"room[{{id}}][adult]\" class=\"disable-select2\">\n\t\t\t\t\t\t\t\t\t\t\t<option value=\"1\">1 Erwachsene<\/option>\n\t\t\t\t\t\t\t\t\t\t\t<option value=\"2\">2 Erwachsene<\/option>\n\t\t\t\t\t\t\t\t\t\t\t<option value=\"3\">3 Erwachsene<\/option>\n\t\t\t\t\t\t\t\t\t\t\t<option value=\"4\">4 Erwachsene<\/option>\n\t\t\t\t\t\t\t\t\t\t\t<option value=\"5\">5 Erwachsene<\/option>\n\t\t\t\t\t\t\t\t\t\t<\/select>\n\t\t\t\t\t\t\t\t\t<\/div>\n\n\t\t\t\t\t\t\t\t<\/div>\n\t\t\t\t\t\t\t<\/div>\n\t\t\t\t\t\t<\/div>\n\t\t\t\t\t<\/section>\n<\/div>\n\n\t\t\t\t<section id=\"welcome-section\" class=\"simple \">\n\t\t\t\t\t<div class=\"inner-container container\">\n\t\t\t\t\t\t<div class=\"l-sec \">\n\t\t\t\t\t\t\t<div class=\"ravis-title-t-1\">\n\t\t\t\t\t\t\t\t<div class=\"title\"><span>La Mer Deluxe 5* Hotel &amp; Spa<\/span><\/div>\n\t\t\t\t\t\t\t\t<div class=\"sub-title\">Hervorragende Hotelerfahrung in Santorini<\/div>\n\t\t\t\t\t\t\t<\/div>\n\t\t\t\t\t\t\t<div class=\"content\"><\/div><\/div>\n\t\t\t\t\t<\/div>\n\t\t\t\t<\/section>\n<p style=\"text-align: center;\">Neu erbautes <strong>5-Sterne-Hotel<\/strong> mit Zimmertypen f\u00fcr Reisende aller Art, ideal f\u00fcr Hochzeitsreisende und Paare.<\/p>\n<p style=\"text-align: center;\">Das La Mer Deluxe Hotel &amp; Spa, <strong>eines der sch\u00f6nsten Hotels f\u00fcr Erwachsene in Santorini<\/strong>, hei\u00dft Sie in einem exklusiv \u00e4sthetischen und elegant gestalteten Hotel willkommen.<\/p>\n<p style=\"text-align: center;\">Die Kombination moderner Kunst mit traditioneller kykladischer Architektur mit den Einrichtungen und Dienstleistungen eines <strong>F\u00fcnf-Sterne-Luxushotels<\/strong> macht das <strong>La Mer Deluxe Hotel &amp; Spa<\/strong> zum idealen Ferienort f\u00fcr Ihren Urlaub in Santorini.<\/p>\n<p style=\"text-align: center;\"><strong>Das Hotel befindet sich im Dorf Kamari<\/strong>, nur 50 Meter vom ber\u00fchmten schwarzen Strand, und f\u00fcnf Minuten vom Zentrum entfernt, und es liegt in einer ruhigen verkehrlosen Gegend.<\/p>\n<p style=\"text-align: center;\">Tags\u00fcber entspannen Sie an den Pools und genie\u00dfen Sie Cocktails, Erfrischungen oder Snacks. Erfrischen Sie sich im Spa, genie\u00dfen Sie eine wohltuende Massage und die Einrichtungen in einer entspannten Atmosph\u00e4re.<\/p>\n<p style=\"text-align: center;\">Mittags oder abends zum Mittag- oder Abendessen in unserem A La Carte Restaurant am Pool oder auf dem Dach genie\u00dfen Sie speziell zubereitete Gerichte der Creative Mediterranean Cuisine.<\/p>\n<h2 style=\"text-align: center;\">Ein 5-Sterne-Luxusresort in Santorini<\/h2>\n<p style=\"text-align: center;\">Ihr Urlaub beginnt hier! Entspannen Sie sich und lassen Sie sich von unserem Personal verw\u00f6hnen.<\/p>\n<p style=\"text-align: center;\">Dieses <strong>Luxushotel in Kamari<\/strong>, ist der ideale R\u00fcckzugsort in einem m\u00e4rchenhaften Ambiente.<\/p>\n<p><section id=\"luxury-rooms\" class=\"clearfix\">\n\t\t\t\t\t\t<div class=\"room-boxes col-sm-6 col-md-2\">\n\t\t\t\t\t\t\t<a href=\"https:\/\/old.lamer-santorini.com\/de\/rooms\/standardzimmer\/\" class=\"inner-container\" data-bg=\"https:\/\/old.lamer-santorini.com\/wp-content\/uploads\/2017\/08\/582c4208874a4af904d0ff6f-large.jpg\">\n\t\t\t\t\t\t\t\t<span class=\"ravis-title\">\n\t\t\t\t\t\t\t\t\t<span class=\"inner-box\">\n\t\t\t\t\t\t\t\t\t\t<span class=\"title\">Standardzimmer<\/span>\n\t\t\t\t\t\t\t\t\t\t<span style=\"opacity: 1;max-height:200px;\" class=\"sub-title\">Luxussuite mit herrlicher Aussicht<\/span>\n\t\t\t\t\t\t\t\t\t<\/span>\n\t\t\t\t\t\t\t\t<\/span>\n\t\t\t\t\t\t\t<\/a>\n\t\t\t\t\t\t<\/div>\n\t\t\t\t\t\t<div class=\"room-boxes col-sm-6 col-md-2\">\n\t\t\t\t\t\t\t<a href=\"https:\/\/old.lamer-santorini.com\/de\/rooms\/executive-zimmer\/\" class=\"inner-container\" data-bg=\"https:\/\/old.lamer-santorini.com\/wp-content\/uploads\/2017\/08\/59949f94554506a07836d74e-large.jpg\">\n\t\t\t\t\t\t\t\t<span class=\"ravis-title\">\n\t\t\t\t\t\t\t\t\t<span class=\"inner-box\">\n\t\t\t\t\t\t\t\t\t\t<span class=\"title\">Executive-Zimmer<\/span>\n\t\t\t\t\t\t\t\t\t\t<span style=\"opacity: 1;max-height:200px;\" class=\"sub-title\">Luxussuite mit herrlicher Aussicht<\/span>\n\t\t\t\t\t\t\t\t\t<\/span>\n\t\t\t\t\t\t\t\t<\/span>\n\t\t\t\t\t\t\t<\/a>\n\t\t\t\t\t\t<\/div>\n\t\t\t\t\t\t<div class=\"room-boxes col-sm-6 col-md-2\">\n\t\t\t\t\t\t\t<a href=\"https:\/\/old.lamer-santorini.com\/de\/rooms\/suite-mit-schlafsofa\/\" class=\"inner-container\" data-bg=\"https:\/\/old.lamer-santorini.com\/wp-content\/uploads\/2017\/08\/5996fc9c554506122532dcfc-large.jpg\">\n\t\t\t\t\t\t\t\t<span class=\"ravis-title\">\n\t\t\t\t\t\t\t\t\t<span class=\"inner-box\">\n\t\t\t\t\t\t\t\t\t\t<span class=\"title\">Suite mit Schlafsofa<\/span>\n\t\t\t\t\t\t\t\t\t\t<span style=\"opacity: 1;max-height:200px;\" class=\"sub-title\">Luxussuite mit herrlicher Aussicht<\/span>\n\t\t\t\t\t\t\t\t\t<\/span>\n\t\t\t\t\t\t\t\t<\/span>\n\t\t\t\t\t\t\t<\/a>\n\t\t\t\t\t\t<\/div>\n\t\t\t\t\t\t<div class=\"room-boxes col-sm-6 col-md-2\">\n\t\t\t\t\t\t\t<a href=\"https:\/\/old.lamer-santorini.com\/de\/rooms\/deluxe-mit-whirlpool\/\" class=\"inner-container\" data-bg=\"https:\/\/old.lamer-santorini.com\/wp-content\/uploads\/2017\/08\/582c4f36874a4a6a06d0ff6c-large.jpg\">\n\t\t\t\t\t\t\t\t<span class=\"ravis-title\">\n\t\t\t\t\t\t\t\t\t<span class=\"inner-box\">\n\t\t\t\t\t\t\t\t\t\t<span class=\"title\">Deluxe mit Whirlpool<\/span>\n\t\t\t\t\t\t\t\t\t\t<span style=\"opacity: 1;max-height:200px;\" class=\"sub-title\">Luxussuite mit herrlicher Aussicht<\/span>\n\t\t\t\t\t\t\t\t\t<\/span>\n\t\t\t\t\t\t\t\t<\/span>\n\t\t\t\t\t\t\t<\/a>\n\t\t\t\t\t\t<\/div>\n\t\t\t\t\t\t<div class=\"room-boxes col-sm-6 col-md-2\">\n\t\t\t\t\t\t\t<a href=\"https:\/\/old.lamer-santorini.com\/de\/rooms\/hochzeitssuite-mit-whirlpool\/\" class=\"inner-container\" data-bg=\"https:\/\/old.lamer-santorini.com\/wp-content\/uploads\/2017\/08\/59e1cea35545063d4e72c216-large.jpg\">\n\t\t\t\t\t\t\t\t<span class=\"ravis-title\">\n\t\t\t\t\t\t\t\t\t<span class=\"inner-box\">\n\t\t\t\t\t\t\t\t\t\t<span class=\"title\">Hochzeitssuite mit Whirlpool<\/span>\n\t\t\t\t\t\t\t\t\t\t<span style=\"opacity: 1;max-height:200px;\" class=\"sub-title\">Luxussuite mit herrlicher Aussicht<\/span>\n\t\t\t\t\t\t\t\t\t<\/span>\n\t\t\t\t\t\t\t\t<\/span>\n\t\t\t\t\t\t\t<\/a>\n\t\t\t\t\t\t<\/div>\n\t\t\t\t\t\t<div class=\"room-boxes col-sm-6 col-md-2\">\n\t\t\t\t\t\t\t<a href=\"https:\/\/old.lamer-santorini.com\/de\/rooms\/royal-suite-mit-whirlpool\/\" class=\"inner-container\" data-bg=\"https:\/\/old.lamer-santorini.com\/wp-content\/uploads\/2017\/08\/582c59d8874a4a3908d0ff6c-large.jpg\">\n\t\t\t\t\t\t\t\t<span class=\"ravis-title\">\n\t\t\t\t\t\t\t\t\t<span class=\"inner-box\">\n\t\t\t\t\t\t\t\t\t\t<span class=\"title\">Royal Suite mit Whirlpool<\/span>\n\t\t\t\t\t\t\t\t\t\t<span style=\"opacity: 1;max-height:200px;\" class=\"sub-title\">Luxussuite mit herrlicher Aussicht<\/span>\n\t\t\t\t\t\t\t\t\t<\/span>\n\t\t\t\t\t\t\t\t<\/span>\n\t\t\t\t\t\t\t<\/a>\n\t\t\t\t\t\t<\/div><\/section>\n\t\t\t\t<section id=\"testimonials-section\" data-bg-img=\"https:\/\/old.lamer-santorini.com\/wp-content\/uploads\/2017\/08\/ac2.jpg\">\n\t\t\t\t\t<div class=\"inner-container container\">\n\t\t\t\t\t\t<div class=\"owl-carousel owl-theme\">\n\t\t\t\t\t\t<div class=\"item\">\n\t\t\t\t\t\t\t<div class=\"guest\">\n\t\t\t\t\t\t\t\t<div class=\"ravis-title\">\n\t\t\t\t\t\t\t\t\t<div class=\"inner-box\">\n\t\t\t\t\t\t\t\t\t\t<div class=\"title\">Santorini-Erfahrung<\/div>\n\t\t\t\t\t\t\t\t\t\t<div class=\"sub-title\">Ma\u00dfgeschneiderte und Reiseziel-Dienstleistungen<\/div>\n\t\t\t\t\t\t\t\t\t<\/div>\n\t\t\t\t\t\t\t\t<\/div>\n\t\t\t\t\t\t\t<\/div>\n\t\t\t\t\t\t\t\t\t\t\t<div class=\"text\"><a href=\"https:\/\/lamer-santorini.com\/de\/experience\/\" class=\"ravis-btn btn-type-2\"><span>Mehr sehen<\/span><\/a><\/div>\n\n\t\t\t\t\t\t<\/div>\n\t\t\t\t\t\t<\/div>\n\t\t\t\t\t<\/div>\n\t\t\t\t<\/section><p><\/p>\n<div class=\"section-row clearfix\">\n<div class=\"col-sm-6\">\n<div class=\"ravis-title-t-1\">\n<div class=\"title\">Ort<\/div>\n<div class=\"sub-title\">Die Insel Santorini und die Lage des Hotels<\/div>\n<\/div>\n<p style=\"text-align: justify;\">Santorini oder Thira ist das Top-Reiseziel in Griechenland und z\u00e4hlt zu den romantischsten Reisezielen auf den griechischen Inseln und der Welt. Die Insel Santorini, die sich im \u00c4g\u00e4ischen Meer in den Kykladen befindet, war der Ort eines der gr\u00f6\u00dften Vulkanausbr\u00fcche der Welt. Was heute uns bleibt, ist ein untergegangener Vulkan und eine Caldera. Am Rande dieser Caldera wurden erstaunliche D\u00f6rfer mit kykladischer Architektur und atemberaubendem Blick auf das Meer errichtet. Abgesehen von den fabelhaften Caldera-D\u00f6rfern ist Santorini, Griechenland, auch f\u00fcr den romantischen Sonnenuntergang, den Vulkan und die luxuri\u00f6sen Resorts bekannt.<\/p>\n<p style=\"text-align: justify;\">Kamari ist ein ber\u00fchmter Badeort in Santorini, 10 km s\u00fcd\u00f6stlich von Fira, der Inselhauptstadt. Der Strand ist von schwarzem Sand bedeckt und auf der linken Seite liegt ein riesiger Felsen namens Mesa Vouno, der sich aus dem Meer erhebt. Die Gegend ist besonders nachts sehr attraktiv. Das La Mer Deluxe Hotel &amp; Spa befindet sich nur 50 m vom Strand Kamari und 8 km vom lebhaften Fira, der Hauptstadt Santorinis, 4 km vom Flughafen und 11 km vom Hafen entfernt. Das Hotel ist ein absolutes Muss f\u00fcr eine Gruppe von Freunden, Hochzeitsreisenden oder alle, die eine erstklassige Unterkunft auf der weltber\u00fchmten Insel Santorini w\u00fcnschen.<\/p>\n<\/div>\n<div class=\"col-sm-6 img-container animated-box fadeInUp\"><img decoding=\"async\" src=\"https:\/\/old.lamer-santorini.com\/wp-content\/uploads\/2017\/08\/582c40cd874a4ade04d0ff6c-large.jpg\" alt=\"lamer-santorini\" \/><\/div>\n<p><img decoding=\"async\" class=\"aligncenter size-full wp-image-939\" src=\"https:\/\/old.lamer-santorini.com\/wp-content\/uploads\/2017\/08\/shutterstock_668320678.jpg\" alt=\"\" \/><\/p>\n<\/div>\n","protected":false},"excerpt":{"rendered":"<p>Neu erbautes 5-Sterne-Hotel mit Zimmertypen f\u00fcr Reisende aller Art, ideal f\u00fcr Hochzeitsreisende und Paare. Das La Mer Deluxe Hotel &amp; Spa, eines der sch\u00f6nsten Hotels f\u00fcr Erwachsene in Santorini, hei\u00dft Sie in einem exklusiv \u00e4sthetischen und elegant gestalteten Hotel willkommen. Die Kombination moderner Kunst mit traditioneller kykladischer Architektur mit den Einrichtungen und Dienstleistungen eines F\u00fcnf-Sterne-Luxushotels macht das La Mer Deluxe Hotel &amp; Spa zum idealen&#8230;<\/p>\n<div class=\"read-more-container\"><a class=\"more-link btn btn-default btn-sm read-more\" href=\"https:\/\/old.lamer-santorini.com\/de\/testimonials\/santorini-erfahrung\/\">Weiterlesen<\/a><\/div>\n","protected":false},"author":2,"featured_media":0,"parent":0,"menu_order":0,"comment_status":"closed","ping_status":"closed","template":"","meta":{"footnotes":""},"class_list":["post-1875","page","type-page","status-publish","hentry"],"yoast_head":"<!-- This site is optimized with the Yoast SEO plugin v26.5 - https:\/\/yoast.com\/wordpress\/plugins\/seo\/ -->\n<title>La Mer Deluxe Hotel &amp; Spa | 5 Sterne Luxushotel in Santorini<\/title>\n<meta name=\"description\" content=\"Das La Mer Deluxe Hotel &amp; Spa, eines der besten Hotels nur f\u00fcr Erwachsene auf Santorin, hei\u00dft Sie in einem exklusiv \u00e4sthetisch und elegant gestalteten Haus willkommen.\" \/>\n<meta name=\"robots\" content=\"index, follow, max-snippet:-1, max-image-preview:large, max-video-preview:-1\" \/>\n<link rel=\"canonical\" href=\"https:\/\/old.lamer-santorini.com\/de\/\" \/>\n<meta property=\"og:locale\" content=\"de_DE\" \/>\n<meta property=\"og:type\" content=\"article\" \/>\n<meta property=\"og:title\" content=\"La Mer Deluxe Hotel &amp; Spa | 5 Sterne Luxushotel in Santorini\" \/>\n<meta property=\"og:description\" content=\"Das La Mer Deluxe Hotel &amp; Spa, eines der besten Hotels nur f\u00fcr Erwachsene auf Santorin, hei\u00dft Sie in einem exklusiv \u00e4sthetisch und elegant gestalteten Haus willkommen.\" \/>\n<meta property=\"og:url\" content=\"https:\/\/old.lamer-santorini.com\/de\/\" \/>\n<meta property=\"og:site_name\" content=\"La Mer\" \/>\n<meta property=\"article:modified_time\" content=\"2025-05-29T10:36:00+00:00\" \/>\n<meta property=\"og:image\" content=\"https:\/\/old.lamer-santorini.com\/wp-content\/uploads\/2017\/08\/582c40cd874a4ade04d0ff6c-large.jpg\" \/>\n<meta name=\"twitter:card\" content=\"summary_large_image\" \/>\n<meta name=\"twitter:label1\" content=\"Gesch\u00e4tzte Lesezeit\" \/>\n\t<meta name=\"twitter:data1\" content=\"3\u00a0Minuten\" \/>\n<script type=\"application\/ld+json\" class=\"yoast-schema-graph\">{\"@context\":\"https:\/\/schema.org\",\"@graph\":[{\"@type\":\"WebPage\",\"@id\":\"https:\/\/old.lamer-santorini.com\/de\/\",\"url\":\"https:\/\/old.lamer-santorini.com\/de\/\",\"name\":\"La Mer Deluxe Hotel & Spa | 5 Sterne Luxushotel in Santorini\",\"isPartOf\":{\"@id\":\"https:\/\/old.lamer-santorini.com\/#website\"},\"primaryImageOfPage\":{\"@id\":\"https:\/\/old.lamer-santorini.com\/de\/#primaryimage\"},\"image\":{\"@id\":\"https:\/\/old.lamer-santorini.com\/de\/#primaryimage\"},\"thumbnailUrl\":\"https:\/\/old.lamer-santorini.com\/wp-content\/uploads\/2017\/08\/582c40cd874a4ade04d0ff6c-large.jpg\",\"datePublished\":\"2019-01-08T11:06:01+00:00\",\"dateModified\":\"2025-05-29T10:36:00+00:00\",\"description\":\"Das La Mer Deluxe Hotel & Spa, eines der besten Hotels nur f\u00fcr Erwachsene auf Santorin, hei\u00dft Sie in einem exklusiv \u00e4sthetisch und elegant gestalteten Haus willkommen.\",\"breadcrumb\":{\"@id\":\"https:\/\/old.lamer-santorini.com\/de\/#breadcrumb\"},\"inLanguage\":\"de\",\"potentialAction\":[{\"@type\":\"ReadAction\",\"target\":[\"https:\/\/old.lamer-santorini.com\/de\/\"]}]},{\"@type\":\"ImageObject\",\"inLanguage\":\"de\",\"@id\":\"https:\/\/old.lamer-santorini.com\/de\/#primaryimage\",\"url\":\"https:\/\/old.lamer-santorini.com\/wp-content\/uploads\/2017\/08\/582c40cd874a4ade04d0ff6c-large.jpg\",\"contentUrl\":\"https:\/\/old.lamer-santorini.com\/wp-content\/uploads\/2017\/08\/582c40cd874a4ade04d0ff6c-large.jpg\"},{\"@type\":\"BreadcrumbList\",\"@id\":\"https:\/\/old.lamer-santorini.com\/de\/#breadcrumb\",\"itemListElement\":[{\"@type\":\"ListItem\",\"position\":1,\"name\":\"Home\",\"item\":\"https:\/\/old.lamer-santorini.com\/de\/\"},{\"@type\":\"ListItem\",\"position\":2,\"name\":\"Startseite\"}]},{\"@type\":\"WebSite\",\"@id\":\"https:\/\/old.lamer-santorini.com\/#website\",\"url\":\"https:\/\/old.lamer-santorini.com\/\",\"name\":\"La Mer\",\"description\":\"Deluxe Hotel & Spa Resort Kamari Santorini Greece | Book Online\",\"publisher\":{\"@id\":\"https:\/\/old.lamer-santorini.com\/#organization\"},\"potentialAction\":[{\"@type\":\"SearchAction\",\"target\":{\"@type\":\"EntryPoint\",\"urlTemplate\":\"https:\/\/old.lamer-santorini.com\/?s={search_term_string}\"},\"query-input\":{\"@type\":\"PropertyValueSpecification\",\"valueRequired\":true,\"valueName\":\"search_term_string\"}}],\"inLanguage\":\"de\"},{\"@type\":\"Organization\",\"@id\":\"https:\/\/old.lamer-santorini.com\/#organization\",\"name\":\"La Mer Deluxe Hotel & Spa\",\"url\":\"https:\/\/old.lamer-santorini.com\/\",\"logo\":{\"@type\":\"ImageObject\",\"inLanguage\":\"de\",\"@id\":\"https:\/\/old.lamer-santorini.com\/#\/schema\/logo\/image\/\",\"url\":\"https:\/\/old.lamer-santorini.com\/wp-content\/uploads\/2017\/08\/logo1.png\",\"contentUrl\":\"https:\/\/old.lamer-santorini.com\/wp-content\/uploads\/2017\/08\/logo1.png\",\"width\":300,\"height\":169,\"caption\":\"La Mer Deluxe Hotel & Spa\"},\"image\":{\"@id\":\"https:\/\/old.lamer-santorini.com\/#\/schema\/logo\/image\/\"}}]}<\/script>\n<!-- \/ Yoast SEO plugin. -->","yoast_head_json":{"title":"La Mer Deluxe Hotel & Spa | 5 Sterne Luxushotel in Santorini","description":"Das La Mer Deluxe Hotel & Spa, eines der besten Hotels nur f\u00fcr Erwachsene auf Santorin, hei\u00dft Sie in einem exklusiv \u00e4sthetisch und elegant gestalteten Haus willkommen.","robots":{"index":"index","follow":"follow","max-snippet":"max-snippet:-1","max-image-preview":"max-image-preview:large","max-video-preview":"max-video-preview:-1"},"canonical":"https:\/\/old.lamer-santorini.com\/de\/","og_locale":"de_DE","og_type":"article","og_title":"La Mer Deluxe Hotel & Spa | 5 Sterne Luxushotel in Santorini","og_description":"Das La Mer Deluxe Hotel & Spa, eines der besten Hotels nur f\u00fcr Erwachsene auf Santorin, hei\u00dft Sie in einem exklusiv \u00e4sthetisch und elegant gestalteten Haus willkommen.","og_url":"https:\/\/old.lamer-santorini.com\/de\/","og_site_name":"La Mer","article_modified_time":"2025-05-29T10:36:00+00:00","og_image":[{"url":"https:\/\/old.lamer-santorini.com\/wp-content\/uploads\/2017\/08\/582c40cd874a4ade04d0ff6c-large.jpg","type":"","width":"","height":""}],"twitter_card":"summary_large_image","twitter_misc":{"Gesch\u00e4tzte Lesezeit":"3\u00a0Minuten"},"schema":{"@context":"https:\/\/schema.org","@graph":[{"@type":"WebPage","@id":"https:\/\/old.lamer-santorini.com\/de\/","url":"https:\/\/old.lamer-santorini.com\/de\/","name":"La Mer Deluxe Hotel & Spa | 5 Sterne Luxushotel in Santorini","isPartOf":{"@id":"https:\/\/old.lamer-santorini.com\/#website"},"primaryImageOfPage":{"@id":"https:\/\/old.lamer-santorini.com\/de\/#primaryimage"},"image":{"@id":"https:\/\/old.lamer-santorini.com\/de\/#primaryimage"},"thumbnailUrl":"https:\/\/old.lamer-santorini.com\/wp-content\/uploads\/2017\/08\/582c40cd874a4ade04d0ff6c-large.jpg","datePublished":"2019-01-08T11:06:01+00:00","dateModified":"2025-05-29T10:36:00+00:00","description":"Das La Mer Deluxe Hotel & Spa, eines der besten Hotels nur f\u00fcr Erwachsene auf Santorin, hei\u00dft Sie in einem exklusiv \u00e4sthetisch und elegant gestalteten Haus willkommen.","breadcrumb":{"@id":"https:\/\/old.lamer-santorini.com\/de\/#breadcrumb"},"inLanguage":"de","potentialAction":[{"@type":"ReadAction","target":["https:\/\/old.lamer-santorini.com\/de\/"]}]},{"@type":"ImageObject","inLanguage":"de","@id":"https:\/\/old.lamer-santorini.com\/de\/#primaryimage","url":"https:\/\/old.lamer-santorini.com\/wp-content\/uploads\/2017\/08\/582c40cd874a4ade04d0ff6c-large.jpg","contentUrl":"https:\/\/old.lamer-santorini.com\/wp-content\/uploads\/2017\/08\/582c40cd874a4ade04d0ff6c-large.jpg"},{"@type":"BreadcrumbList","@id":"https:\/\/old.lamer-santorini.com\/de\/#breadcrumb","itemListElement":[{"@type":"ListItem","position":1,"name":"Home","item":"https:\/\/old.lamer-santorini.com\/de\/"},{"@type":"ListItem","position":2,"name":"Startseite"}]},{"@type":"WebSite","@id":"https:\/\/old.lamer-santorini.com\/#website","url":"https:\/\/old.lamer-santorini.com\/","name":"La Mer","description":"Deluxe Hotel & Spa Resort Kamari Santorini Greece | Book Online","publisher":{"@id":"https:\/\/old.lamer-santorini.com\/#organization"},"potentialAction":[{"@type":"SearchAction","target":{"@type":"EntryPoint","urlTemplate":"https:\/\/old.lamer-santorini.com\/?s={search_term_string}"},"query-input":{"@type":"PropertyValueSpecification","valueRequired":true,"valueName":"search_term_string"}}],"inLanguage":"de"},{"@type":"Organization","@id":"https:\/\/old.lamer-santorini.com\/#organization","name":"La Mer Deluxe Hotel & Spa","url":"https:\/\/old.lamer-santorini.com\/","logo":{"@type":"ImageObject","inLanguage":"de","@id":"https:\/\/old.lamer-santorini.com\/#\/schema\/logo\/image\/","url":"https:\/\/old.lamer-santorini.com\/wp-content\/uploads\/2017\/08\/logo1.png","contentUrl":"https:\/\/old.lamer-santorini.com\/wp-content\/uploads\/2017\/08\/logo1.png","width":300,"height":169,"caption":"La Mer Deluxe Hotel & Spa"},"image":{"@id":"https:\/\/old.lamer-santorini.com\/#\/schema\/logo\/image\/"}}]}},"_links":{"self":[{"href":"https:\/\/old.lamer-santorini.com\/de\/wp-json\/wp\/v2\/pages\/1875","targetHints":{"allow":["GET"]}}],"collection":[{"href":"https:\/\/old.lamer-santorini.com\/de\/wp-json\/wp\/v2\/pages"}],"about":[{"href":"https:\/\/old.lamer-santorini.com\/de\/wp-json\/wp\/v2\/types\/page"}],"author":[{"embeddable":true,"href":"https:\/\/old.lamer-santorini.com\/de\/wp-json\/wp\/v2\/users\/2"}],"replies":[{"embeddable":true,"href":"https:\/\/old.lamer-santorini.com\/de\/wp-json\/wp\/v2\/comments?post=1875"}],"version-history":[{"count":11,"href":"https:\/\/old.lamer-santorini.com\/de\/wp-json\/wp\/v2\/pages\/1875\/revisions"}],"predecessor-version":[{"id":3385,"href":"https:\/\/old.lamer-santorini.com\/de\/wp-json\/wp\/v2\/pages\/1875\/revisions\/3385"}],"wp:attachment":[{"href":"https:\/\/old.lamer-santorini.com\/de\/wp-json\/wp\/v2\/media?parent=1875"}],"curies":[{"name":"wp","href":"https:\/\/api.w.org\/{rel}","templated":true}]}}