{"id":1893,"date":"2017-08-06T12:15:09","date_gmt":"2017-08-06T09:15:09","guid":{"rendered":"https:\/\/old.lamer-santorini.com\/?page_id=1893"},"modified":"2019-09-06T16:23:26","modified_gmt":"2019-09-06T13:23:26","slug":"zimmer-suiten","status":"publish","type":"page","link":"https:\/\/old.lamer-santorini.com\/de\/zimmer-suiten\/","title":{"rendered":"Zimmer &#038; Suiten"},"content":{"rendered":"\n\t\t\t\t<section id=\"rooms-section\" class=\"row-view\">\n\t\t\t\t\t<div class=\"inner-container container\">\n\t\t\t\t\t\t<div class=\"ravis-title-t-2\">\n\t\t\t\t\t\t\t<div class=\"title\"><span>Unsere Luxuszimmer<\/span><\/div>\n\t\t\t\t\t\t\t<div class=\"sub-title\"><\/div>\n\t\t\t\t\t\t<\/div><div class=\"desc\">Das La Mer Deluxe Hotel &amp; Spa erreicht eine sch\u00f6ne Balance von Komfort, Luxus und Stil. Alle G\u00e4stezimmer und Suiten sind so gestaltet, dass sie eine zeitgen\u00f6ssische, minimalistische Insel\u00e4sthetik verk\u00f6rpern und gleichzeitig dem traditionellen Charakter und der Architektur der Kykladen-Inseln treu bleiben. Alle modernen geleisteten Komforten und Annehmlichkeiten sorgen f\u00fcr ein komfortables Erlebnis und auch werden luxuri\u00f6sen Annehmlichkeiten wie Innen- oder Au\u00dfen-Whirlpools hinzugef\u00fcgt. F\u00fcr einen unvergesslichen Aufenthalt bietet unsere Unterkunft alle Annehmlichkeiten, die Sie von einem F\u00fcnf-Sterne-Hotel erwarten.<\/div><div class=\"room-container clearfix\">\n\t\t\t\t\t\t\t<div class=\"room-box row animated-box\" data-animation=\"fadeInUp\">\n\t\t\t\t\t\t\t\t<div class=\"col-md-4 room-img\" data-bg-img=\"https:\/\/old.lamer-santorini.com\/wp-content\/uploads\/2017\/08\/582c4208874a4af904d0ff6f-large.jpg\">\n\t\t\t\t\t\t\t\t\t<a href=\"https:\/\/old.lamer-santorini.com\/de\/rooms\/standardzimmer\/\" class=\"more-info-url\"><\/a>\n\t\t\t\t\t\t\t\t<\/div>\n\t\t\t\t\t\t\t\t<div class=\"r-sec col-md-8\">\n\t\t\t\t\t\t\t\t\t<div class=\"col-md-6 m-sec\">\n\t\t\t\t\t\t\t\t\t\t<div class=\"title-box\">\n\t\t\t\t\t\t\t\t\t\t\t<div class=\"title\">Standardzimmer<\/div>\n\t\t\t\t\t\t\t\t\t\t\t<div class=\"price\">\n\t\t\t\t\t\t\t\t\t\t\t\t<div class=\"title\">Starting from :<\/div>\n\t\t\t\t\t\t\t\t\t\t\t\t<div class=\"value\">450\u20ac<\/div>\n\t\t\t\t\t\t\t\t\t\t\t<\/div>\n\t\t\t\t\t\t\t\t\t\t<\/div>\n\t\t\t\t\t\t\t\t\t\t<div class=\"amenities\">\n\t\t\t\t\t\t\t\t\t\t\t<ul class=\"list-inline clearfix\">\n\t\t\t\t\t\t\t\t\t\t\t\t<li class=\"col-md-12\">\n\t\t\t\t\t\t\t\t\t\t\t\t\t<div class=\"title\">Anlagen :<\/div>\n\t\t\t\t\t\t\t\t\t\t\t\t\t<div class=\"value\">WLAN-Internetzugang - kostenfrei, Telefon, Badem\u00e4ntel, Pflegeprodukte, Geldschrank, Haartrockner, Minibar, TV, Klimaanlage, Badet\u00fccher, Eigenes Badezimmer, Balkon oder Terrasse, Badeschuhe<\/div>\n\t\t\t\t\t\t\t\t\t\t\t\t<\/li>\n\t\t\t\t\t\t\t\t\t\t\t<\/ul>\n\t\t\t\t\t\t\t\t\t\t<\/div>\n\t\t\t\t\t\t\t\t\t\t<a href=\"https:\/\/old.lamer-santorini.com\/de\/rooms\/standardzimmer\/\" class=\"more-info\">More Info<\/a>\n\t\t\t\t\t\t\t\t\t<\/div>\n\t\t\t\t\t\t\t\t\t<div class=\"col-md-6 desc\">Das Standard Doppel- oder Zweibettzimmer verbindet Eleganz mit Komfort und bietet alle modernen Annehmlichkeiten f\u00fcr einen entspannten Aufenthalt. Die Zimmer dieses Typs befinden sich im Erdgeschoss und verf\u00fcgen \u00fcber eine Terrasse mit Poolblick.<\/div>\n\t\t\t\t\t\t\t\t<\/div>\n\t\t\t\t\t\t\t<\/div>\n\t\t\t\t\t\t\t<div class=\"room-box row animated-box\" data-animation=\"fadeInUp\">\n\t\t\t\t\t\t\t\t<div class=\"col-md-4 room-img\" data-bg-img=\"https:\/\/old.lamer-santorini.com\/wp-content\/uploads\/2017\/08\/59949f94554506a07836d74e-large.jpg\">\n\t\t\t\t\t\t\t\t\t<a href=\"https:\/\/old.lamer-santorini.com\/de\/rooms\/executive-zimmer\/\" class=\"more-info-url\"><\/a>\n\t\t\t\t\t\t\t\t<\/div>\n\t\t\t\t\t\t\t\t<div class=\"r-sec col-md-8\">\n\t\t\t\t\t\t\t\t\t<div class=\"col-md-6 m-sec\">\n\t\t\t\t\t\t\t\t\t\t<div class=\"title-box\">\n\t\t\t\t\t\t\t\t\t\t\t<div class=\"title\">Executive-Zimmer<\/div>\n\t\t\t\t\t\t\t\t\t\t\t<div class=\"price\">\n\t\t\t\t\t\t\t\t\t\t\t\t<div class=\"title\">Starting from :<\/div>\n\t\t\t\t\t\t\t\t\t\t\t\t<div class=\"value\">300\u20ac<\/div>\n\t\t\t\t\t\t\t\t\t\t\t<\/div>\n\t\t\t\t\t\t\t\t\t\t<\/div>\n\t\t\t\t\t\t\t\t\t\t<div class=\"amenities\">\n\t\t\t\t\t\t\t\t\t\t\t<ul class=\"list-inline clearfix\">\n\t\t\t\t\t\t\t\t\t\t\t\t<li class=\"col-md-12\">\n\t\t\t\t\t\t\t\t\t\t\t\t\t<div class=\"title\">Anlagen :<\/div>\n\t\t\t\t\t\t\t\t\t\t\t\t\t<div class=\"value\">WLAN-Internetzugang - kostenfrei, Telefon, Badem\u00e4ntel, Pflegeprodukte, Geldschrank, Haartrockner, Minibar, TV, Klimaanlage, Badet\u00fccher, Eigenes Badezimmer, Balkon oder Terrasse, Badeschuhe<\/div>\n\t\t\t\t\t\t\t\t\t\t\t\t<\/li>\n\t\t\t\t\t\t\t\t\t\t\t<\/ul>\n\t\t\t\t\t\t\t\t\t\t<\/div>\n\t\t\t\t\t\t\t\t\t\t<a href=\"https:\/\/old.lamer-santorini.com\/de\/rooms\/executive-zimmer\/\" class=\"more-info\">More Info<\/a>\n\t\t\t\t\t\t\t\t\t<\/div>\n\t\t\t\t\t\t\t\t\t<div class=\"col-md-6 desc\">Elegantes Zimmer mit traditioneller Architektur und wei\u00dfen Erdt\u00f6nen. Dieses Executive-Zimmer bietet unseren G\u00e4sten Ruhe und Komfort. Das Hotel liegt im ersten Stock und verf\u00fcgt \u00fcber einen privaten Balkon mit Pool- oder Landblick.<\/div>\n\t\t\t\t\t\t\t\t<\/div>\n\t\t\t\t\t\t\t<\/div>\n\t\t\t\t\t\t\t<div class=\"room-box row animated-box\" data-animation=\"fadeInUp\">\n\t\t\t\t\t\t\t\t<div class=\"col-md-4 room-img\" data-bg-img=\"https:\/\/old.lamer-santorini.com\/wp-content\/uploads\/2017\/08\/5996fc9c554506122532dcfc-large.jpg\">\n\t\t\t\t\t\t\t\t\t<a href=\"https:\/\/old.lamer-santorini.com\/de\/rooms\/suite-mit-schlafsofa\/\" class=\"more-info-url\"><\/a>\n\t\t\t\t\t\t\t\t<\/div>\n\t\t\t\t\t\t\t\t<div class=\"r-sec col-md-8\">\n\t\t\t\t\t\t\t\t\t<div class=\"col-md-6 m-sec\">\n\t\t\t\t\t\t\t\t\t\t<div class=\"title-box\">\n\t\t\t\t\t\t\t\t\t\t\t<div class=\"title\">Suite mit Schlafsofa<\/div>\n\t\t\t\t\t\t\t\t\t\t\t<div class=\"price\">\n\t\t\t\t\t\t\t\t\t\t\t\t<div class=\"title\">Starting from :<\/div>\n\t\t\t\t\t\t\t\t\t\t\t\t<div class=\"value\">230\u20ac<\/div>\n\t\t\t\t\t\t\t\t\t\t\t<\/div>\n\t\t\t\t\t\t\t\t\t\t<\/div>\n\t\t\t\t\t\t\t\t\t\t<div class=\"amenities\">\n\t\t\t\t\t\t\t\t\t\t\t<ul class=\"list-inline clearfix\">\n\t\t\t\t\t\t\t\t\t\t\t\t<li class=\"col-md-12\">\n\t\t\t\t\t\t\t\t\t\t\t\t\t<div class=\"title\">Anlagen :<\/div>\n\t\t\t\t\t\t\t\t\t\t\t\t\t<div class=\"value\">WLAN-Internetzugang - kostenfrei, Telefon, Badem\u00e4ntel, Pflegeprodukte, Geldschrank, Haartrockner, Minibar, TV, Klimaanlage, Badet\u00fccher, Eigenes Badezimmer, Balkon oder Terrasse, Badeschuhe, Rasier-\/Kosmetikspiegel<\/div>\n\t\t\t\t\t\t\t\t\t\t\t\t<\/li>\n\t\t\t\t\t\t\t\t\t\t\t<\/ul>\n\t\t\t\t\t\t\t\t\t\t<\/div>\n\t\t\t\t\t\t\t\t\t\t<a href=\"https:\/\/old.lamer-santorini.com\/de\/rooms\/suite-mit-schlafsofa\/\" class=\"more-info\">More Info<\/a>\n\t\t\t\t\t\t\t\t\t<\/div>\n\t\t\t\t\t\t\t\t\t<div class=\"col-md-6 desc\">W\u00e4hlen Sie eine unserer modernen Suiten f\u00fcr ein exklusives Erlebnis! \r\n\r\nWei\u00dfe T\u00f6ne und das minimalistische Design bilden das Interieur dieser komfortablen Suite. Die Suiten mit Schlafsofa verf\u00fcgen \u00fcber ein ger\u00e4umiges Schlafzimmer, einen separaten Wohnbereich und eine private Terrasse mit Poolblick.<\/div>\n\t\t\t\t\t\t\t\t<\/div>\n\t\t\t\t\t\t\t<\/div>\n\t\t\t\t\t\t\t<div class=\"room-box row animated-box\" data-animation=\"fadeInUp\">\n\t\t\t\t\t\t\t\t<div class=\"col-md-4 room-img\" data-bg-img=\"https:\/\/old.lamer-santorini.com\/wp-content\/uploads\/2017\/08\/582c4f36874a4a6a06d0ff6c-large.jpg\">\n\t\t\t\t\t\t\t\t\t<a href=\"https:\/\/old.lamer-santorini.com\/de\/rooms\/deluxe-mit-whirlpool\/\" class=\"more-info-url\"><\/a>\n\t\t\t\t\t\t\t\t<\/div>\n\t\t\t\t\t\t\t\t<div class=\"r-sec col-md-8\">\n\t\t\t\t\t\t\t\t\t<div class=\"col-md-6 m-sec\">\n\t\t\t\t\t\t\t\t\t\t<div class=\"title-box\">\n\t\t\t\t\t\t\t\t\t\t\t<div class=\"title\">Deluxe mit Whirlpool<\/div>\n\t\t\t\t\t\t\t\t\t\t\t<div class=\"price\">\n\t\t\t\t\t\t\t\t\t\t\t\t<div class=\"title\">Starting from :<\/div>\n\t\t\t\t\t\t\t\t\t\t\t\t<div class=\"value\">180\u20ac<\/div>\n\t\t\t\t\t\t\t\t\t\t\t<\/div>\n\t\t\t\t\t\t\t\t\t\t<\/div>\n\t\t\t\t\t\t\t\t\t\t<div class=\"amenities\">\n\t\t\t\t\t\t\t\t\t\t\t<ul class=\"list-inline clearfix\">\n\t\t\t\t\t\t\t\t\t\t\t\t<li class=\"col-md-12\">\n\t\t\t\t\t\t\t\t\t\t\t\t\t<div class=\"title\">Anlagen :<\/div>\n\t\t\t\t\t\t\t\t\t\t\t\t\t<div class=\"value\">WLAN-Internetzugang - kostenfrei, Telefon, Badem\u00e4ntel, Pflegeprodukte, Geldschrank, Haartrockner, Minibar, TV, Klimaanlage, Badet\u00fccher, Eigenes Badezimmer, Balkon oder Terrasse, Badeschuhe, Whirlpool im Freien, Rasier-\/Kosmetikspiegel<\/div>\n\t\t\t\t\t\t\t\t\t\t\t\t<\/li>\n\t\t\t\t\t\t\t\t\t\t\t<\/ul>\n\t\t\t\t\t\t\t\t\t\t<\/div>\n\t\t\t\t\t\t\t\t\t\t<a href=\"https:\/\/old.lamer-santorini.com\/de\/rooms\/deluxe-mit-whirlpool\/\" class=\"more-info\">More Info<\/a>\n\t\t\t\t\t\t\t\t\t<\/div>\n\t\t\t\t\t\t\t\t\t<div class=\"col-md-6 desc\">Mit einer Reihe von luxuri\u00f6sen Annehmlichkeiten und Komfort sorgen diese sch\u00f6nen Zimmer f\u00fcr einen angenehmen Aufenthalt in Santorini. Deluxe Zimmer verf\u00fcgen \u00fcber ger\u00e4umige Balkone oder Terrassen und einen privaten Whirlpool im Freien.<\/div>\n\t\t\t\t\t\t\t\t<\/div>\n\t\t\t\t\t\t\t<\/div>\n\t\t\t\t\t\t\t<div class=\"room-box row animated-box\" data-animation=\"fadeInUp\">\n\t\t\t\t\t\t\t\t<div class=\"col-md-4 room-img\" data-bg-img=\"https:\/\/old.lamer-santorini.com\/wp-content\/uploads\/2017\/08\/59e1cea35545063d4e72c216-large.jpg\">\n\t\t\t\t\t\t\t\t\t<a href=\"https:\/\/old.lamer-santorini.com\/de\/rooms\/hochzeitssuite-mit-whirlpool\/\" class=\"more-info-url\"><\/a>\n\t\t\t\t\t\t\t\t<\/div>\n\t\t\t\t\t\t\t\t<div class=\"r-sec col-md-8\">\n\t\t\t\t\t\t\t\t\t<div class=\"col-md-6 m-sec\">\n\t\t\t\t\t\t\t\t\t\t<div class=\"title-box\">\n\t\t\t\t\t\t\t\t\t\t\t<div class=\"title\">Hochzeitssuite mit Whirlpool<\/div>\n\t\t\t\t\t\t\t\t\t\t\t<div class=\"price\">\n\t\t\t\t\t\t\t\t\t\t\t\t<div class=\"title\">Starting from :<\/div>\n\t\t\t\t\t\t\t\t\t\t\t\t<div class=\"value\">150\u20ac<\/div>\n\t\t\t\t\t\t\t\t\t\t\t<\/div>\n\t\t\t\t\t\t\t\t\t\t<\/div>\n\t\t\t\t\t\t\t\t\t\t<div class=\"amenities\">\n\t\t\t\t\t\t\t\t\t\t\t<ul class=\"list-inline clearfix\">\n\t\t\t\t\t\t\t\t\t\t\t\t<li class=\"col-md-12\">\n\t\t\t\t\t\t\t\t\t\t\t\t\t<div class=\"title\">Anlagen :<\/div>\n\t\t\t\t\t\t\t\t\t\t\t\t\t<div class=\"value\">WLAN-Internetzugang - kostenfrei, Whirlpool, Badem\u00e4ntel, Pflegeprodukte, Geldschrank, Haartrockner, Minibar, TV, Klimaanlage, Badet\u00fccher, Eigenes Badezimmer, Balkon oder Terrasse, Badeschuhe, Rasier-\/Kosmetikspiegel<\/div>\n\t\t\t\t\t\t\t\t\t\t\t\t<\/li>\n\t\t\t\t\t\t\t\t\t\t\t<\/ul>\n\t\t\t\t\t\t\t\t\t\t<\/div>\n\t\t\t\t\t\t\t\t\t\t<a href=\"https:\/\/old.lamer-santorini.com\/de\/rooms\/hochzeitssuite-mit-whirlpool\/\" class=\"more-info\">More Info<\/a>\n\t\t\t\t\t\t\t\t\t<\/div>\n\t\t\t\t\t\t\t\t\t<div class=\"col-md-6 desc\">Die luxuri\u00f6se Hochzeitssuite verf\u00fcgt \u00fcber einen Whirlpool mit allen Annehmlichkeiten und Einrichtungen, die einen unvergesslichen Aufenthalt garantieren. Die Merkmale dieser Suite sind das elegante Interieur, das minimalistische Design und der traditionelle Marmor-Whirlpool.<\/div>\n\t\t\t\t\t\t\t\t<\/div>\n\t\t\t\t\t\t\t<\/div>\n\t\t\t\t\t\t\t<div class=\"room-box row animated-box\" data-animation=\"fadeInUp\">\n\t\t\t\t\t\t\t\t<div class=\"col-md-4 room-img\" data-bg-img=\"https:\/\/old.lamer-santorini.com\/wp-content\/uploads\/2017\/08\/582c59d8874a4a3908d0ff6c-large.jpg\">\n\t\t\t\t\t\t\t\t\t<a href=\"https:\/\/old.lamer-santorini.com\/de\/rooms\/royal-suite-mit-whirlpool\/\" class=\"more-info-url\"><\/a>\n\t\t\t\t\t\t\t\t<\/div>\n\t\t\t\t\t\t\t\t<div class=\"r-sec col-md-8\">\n\t\t\t\t\t\t\t\t\t<div class=\"col-md-6 m-sec\">\n\t\t\t\t\t\t\t\t\t\t<div class=\"title-box\">\n\t\t\t\t\t\t\t\t\t\t\t<div class=\"title\">Royal Suite mit Whirlpool<\/div>\n\t\t\t\t\t\t\t\t\t\t\t<div class=\"price\">\n\t\t\t\t\t\t\t\t\t\t\t\t<div class=\"title\">Starting from :<\/div>\n\t\t\t\t\t\t\t\t\t\t\t\t<div class=\"value\">100\u20ac<\/div>\n\t\t\t\t\t\t\t\t\t\t\t<\/div>\n\t\t\t\t\t\t\t\t\t\t<\/div>\n\t\t\t\t\t\t\t\t\t\t<div class=\"amenities\">\n\t\t\t\t\t\t\t\t\t\t\t<ul class=\"list-inline clearfix\">\n\t\t\t\t\t\t\t\t\t\t\t\t<li class=\"col-md-12\">\n\t\t\t\t\t\t\t\t\t\t\t\t\t<div class=\"title\">Anlagen :<\/div>\n\t\t\t\t\t\t\t\t\t\t\t\t\t<div class=\"value\">WLAN-Internetzugang - kostenfrei, Whirlpool, Badem\u00e4ntel, Pflegeprodukte, Geldschrank, Haartrockner, Minibar, TV, Klimaanlage, Badet\u00fccher, Eigenes Badezimmer, Balkon oder Terrasse, Badeschuhe, Rasier-\/Kosmetikspiegel<\/div>\n\t\t\t\t\t\t\t\t\t\t\t\t<\/li>\n\t\t\t\t\t\t\t\t\t\t\t<\/ul>\n\t\t\t\t\t\t\t\t\t\t<\/div>\n\t\t\t\t\t\t\t\t\t\t<a href=\"https:\/\/old.lamer-santorini.com\/de\/rooms\/royal-suite-mit-whirlpool\/\" class=\"more-info\">More Info<\/a>\n\t\t\t\t\t\t\t\t\t<\/div>\n\t\t\t\t\t\t\t\t\t<div class=\"col-md-6 desc\">Die elegant eingerichtete Royal Suite verf\u00fcgt \u00fcber einen eigenen Au\u00dfenwhirlpool, einen gro\u00dfen Balkon und einen gro\u00dfen Sitzbereich. Das moderne Design und das nat\u00fcrliche Licht bilden die ideale Wahl f\u00fcr Paare, die die Insel Santorini besuchen.<\/div>\n\t\t\t\t\t\t\t\t<\/div>\n\t\t\t\t\t\t\t<\/div><\/div>\n\t\t\t\t\t<\/div>\n\t\t\t\t<\/section>\n","protected":false},"excerpt":{"rendered":"","protected":false},"author":2,"featured_media":0,"parent":0,"menu_order":0,"comment_status":"closed","ping_status":"closed","template":"","meta":{"footnotes":""},"class_list":["post-1893","page","type-page","status-publish","hentry"],"yoast_head":"<!-- This site is optimized with the Yoast SEO plugin v26.5 - https:\/\/yoast.com\/wordpress\/plugins\/seo\/ -->\n<title>Zimmer &amp; Suiten | La Mer Deluxe Hotel &amp; Spa<\/title>\n<meta name=\"description\" content=\"Das La Mer Deluxe Hotel &amp; Spa bietet ein sch\u00f6nes Gleichgewicht zwischen Komfort, Luxus und Stil. Alle G\u00e4stezimmer und Suiten sind so gestaltet, dass sie eine zeitgem\u00e4\u00dfe, minimalistische Insel\u00e4sthetik verk\u00f6rpern und gleichzeitig dem traditionellen Charakter und der Architektur der Kykladen-Inseln treu bleiben.\" \/>\n<meta name=\"robots\" content=\"index, follow, max-snippet:-1, max-image-preview:large, max-video-preview:-1\" \/>\n<link rel=\"canonical\" href=\"https:\/\/old.lamer-santorini.com\/de\/zimmer-suiten\/\" \/>\n<meta property=\"og:locale\" content=\"de_DE\" \/>\n<meta property=\"og:type\" content=\"article\" \/>\n<meta property=\"og:title\" content=\"Zimmer &amp; Suiten | La Mer Deluxe Hotel &amp; Spa\" \/>\n<meta property=\"og:description\" content=\"Das La Mer Deluxe Hotel &amp; Spa bietet ein sch\u00f6nes Gleichgewicht zwischen Komfort, Luxus und Stil. Alle G\u00e4stezimmer und Suiten sind so gestaltet, dass sie eine zeitgem\u00e4\u00dfe, minimalistische Insel\u00e4sthetik verk\u00f6rpern und gleichzeitig dem traditionellen Charakter und der Architektur der Kykladen-Inseln treu bleiben.\" \/>\n<meta property=\"og:url\" content=\"https:\/\/old.lamer-santorini.com\/de\/zimmer-suiten\/\" \/>\n<meta property=\"og:site_name\" content=\"La Mer\" \/>\n<meta property=\"article:modified_time\" content=\"2019-09-06T13:23:26+00:00\" \/>\n<meta name=\"twitter:card\" content=\"summary_large_image\" \/>\n<script type=\"application\/ld+json\" class=\"yoast-schema-graph\">{\"@context\":\"https:\/\/schema.org\",\"@graph\":[{\"@type\":\"WebPage\",\"@id\":\"https:\/\/old.lamer-santorini.com\/de\/zimmer-suiten\/\",\"url\":\"https:\/\/old.lamer-santorini.com\/de\/zimmer-suiten\/\",\"name\":\"Zimmer & Suiten | La Mer Deluxe Hotel & Spa\",\"isPartOf\":{\"@id\":\"https:\/\/old.lamer-santorini.com\/#website\"},\"datePublished\":\"2017-08-06T09:15:09+00:00\",\"dateModified\":\"2019-09-06T13:23:26+00:00\",\"description\":\"Das La Mer Deluxe Hotel & Spa bietet ein sch\u00f6nes Gleichgewicht zwischen Komfort, Luxus und Stil. Alle G\u00e4stezimmer und Suiten sind so gestaltet, dass sie eine zeitgem\u00e4\u00dfe, minimalistische Insel\u00e4sthetik verk\u00f6rpern und gleichzeitig dem traditionellen Charakter und der Architektur der Kykladen-Inseln treu bleiben.\",\"breadcrumb\":{\"@id\":\"https:\/\/old.lamer-santorini.com\/de\/zimmer-suiten\/#breadcrumb\"},\"inLanguage\":\"de\",\"potentialAction\":[{\"@type\":\"ReadAction\",\"target\":[\"https:\/\/old.lamer-santorini.com\/de\/zimmer-suiten\/\"]}]},{\"@type\":\"BreadcrumbList\",\"@id\":\"https:\/\/old.lamer-santorini.com\/de\/zimmer-suiten\/#breadcrumb\",\"itemListElement\":[{\"@type\":\"ListItem\",\"position\":1,\"name\":\"Home\",\"item\":\"https:\/\/old.lamer-santorini.com\/de\/\"},{\"@type\":\"ListItem\",\"position\":2,\"name\":\"Zimmer &#038; Suiten\"}]},{\"@type\":\"WebSite\",\"@id\":\"https:\/\/old.lamer-santorini.com\/#website\",\"url\":\"https:\/\/old.lamer-santorini.com\/\",\"name\":\"La Mer\",\"description\":\"Deluxe Hotel & Spa Resort Kamari Santorini Greece | Book Online\",\"publisher\":{\"@id\":\"https:\/\/old.lamer-santorini.com\/#organization\"},\"potentialAction\":[{\"@type\":\"SearchAction\",\"target\":{\"@type\":\"EntryPoint\",\"urlTemplate\":\"https:\/\/old.lamer-santorini.com\/?s={search_term_string}\"},\"query-input\":{\"@type\":\"PropertyValueSpecification\",\"valueRequired\":true,\"valueName\":\"search_term_string\"}}],\"inLanguage\":\"de\"},{\"@type\":\"Organization\",\"@id\":\"https:\/\/old.lamer-santorini.com\/#organization\",\"name\":\"La Mer Deluxe Hotel & Spa\",\"url\":\"https:\/\/old.lamer-santorini.com\/\",\"logo\":{\"@type\":\"ImageObject\",\"inLanguage\":\"de\",\"@id\":\"https:\/\/old.lamer-santorini.com\/#\/schema\/logo\/image\/\",\"url\":\"https:\/\/old.lamer-santorini.com\/wp-content\/uploads\/2017\/08\/logo1.png\",\"contentUrl\":\"https:\/\/old.lamer-santorini.com\/wp-content\/uploads\/2017\/08\/logo1.png\",\"width\":300,\"height\":169,\"caption\":\"La Mer Deluxe Hotel & Spa\"},\"image\":{\"@id\":\"https:\/\/old.lamer-santorini.com\/#\/schema\/logo\/image\/\"}}]}<\/script>\n<!-- \/ Yoast SEO plugin. -->","yoast_head_json":{"title":"Zimmer & Suiten | La Mer Deluxe Hotel & Spa","description":"Das La Mer Deluxe Hotel & Spa bietet ein sch\u00f6nes Gleichgewicht zwischen Komfort, Luxus und Stil. Alle G\u00e4stezimmer und Suiten sind so gestaltet, dass sie eine zeitgem\u00e4\u00dfe, minimalistische Insel\u00e4sthetik verk\u00f6rpern und gleichzeitig dem traditionellen Charakter und der Architektur der Kykladen-Inseln treu bleiben.","robots":{"index":"index","follow":"follow","max-snippet":"max-snippet:-1","max-image-preview":"max-image-preview:large","max-video-preview":"max-video-preview:-1"},"canonical":"https:\/\/old.lamer-santorini.com\/de\/zimmer-suiten\/","og_locale":"de_DE","og_type":"article","og_title":"Zimmer & Suiten | La Mer Deluxe Hotel & Spa","og_description":"Das La Mer Deluxe Hotel & Spa bietet ein sch\u00f6nes Gleichgewicht zwischen Komfort, Luxus und Stil. Alle G\u00e4stezimmer und Suiten sind so gestaltet, dass sie eine zeitgem\u00e4\u00dfe, minimalistische Insel\u00e4sthetik verk\u00f6rpern und gleichzeitig dem traditionellen Charakter und der Architektur der Kykladen-Inseln treu bleiben.","og_url":"https:\/\/old.lamer-santorini.com\/de\/zimmer-suiten\/","og_site_name":"La Mer","article_modified_time":"2019-09-06T13:23:26+00:00","twitter_card":"summary_large_image","schema":{"@context":"https:\/\/schema.org","@graph":[{"@type":"WebPage","@id":"https:\/\/old.lamer-santorini.com\/de\/zimmer-suiten\/","url":"https:\/\/old.lamer-santorini.com\/de\/zimmer-suiten\/","name":"Zimmer & Suiten | La Mer Deluxe Hotel & Spa","isPartOf":{"@id":"https:\/\/old.lamer-santorini.com\/#website"},"datePublished":"2017-08-06T09:15:09+00:00","dateModified":"2019-09-06T13:23:26+00:00","description":"Das La Mer Deluxe Hotel & Spa bietet ein sch\u00f6nes Gleichgewicht zwischen Komfort, Luxus und Stil. Alle G\u00e4stezimmer und Suiten sind so gestaltet, dass sie eine zeitgem\u00e4\u00dfe, minimalistische Insel\u00e4sthetik verk\u00f6rpern und gleichzeitig dem traditionellen Charakter und der Architektur der Kykladen-Inseln treu bleiben.","breadcrumb":{"@id":"https:\/\/old.lamer-santorini.com\/de\/zimmer-suiten\/#breadcrumb"},"inLanguage":"de","potentialAction":[{"@type":"ReadAction","target":["https:\/\/old.lamer-santorini.com\/de\/zimmer-suiten\/"]}]},{"@type":"BreadcrumbList","@id":"https:\/\/old.lamer-santorini.com\/de\/zimmer-suiten\/#breadcrumb","itemListElement":[{"@type":"ListItem","position":1,"name":"Home","item":"https:\/\/old.lamer-santorini.com\/de\/"},{"@type":"ListItem","position":2,"name":"Zimmer &#038; Suiten"}]},{"@type":"WebSite","@id":"https:\/\/old.lamer-santorini.com\/#website","url":"https:\/\/old.lamer-santorini.com\/","name":"La Mer","description":"Deluxe Hotel & Spa Resort Kamari Santorini Greece | Book Online","publisher":{"@id":"https:\/\/old.lamer-santorini.com\/#organization"},"potentialAction":[{"@type":"SearchAction","target":{"@type":"EntryPoint","urlTemplate":"https:\/\/old.lamer-santorini.com\/?s={search_term_string}"},"query-input":{"@type":"PropertyValueSpecification","valueRequired":true,"valueName":"search_term_string"}}],"inLanguage":"de"},{"@type":"Organization","@id":"https:\/\/old.lamer-santorini.com\/#organization","name":"La Mer Deluxe Hotel & Spa","url":"https:\/\/old.lamer-santorini.com\/","logo":{"@type":"ImageObject","inLanguage":"de","@id":"https:\/\/old.lamer-santorini.com\/#\/schema\/logo\/image\/","url":"https:\/\/old.lamer-santorini.com\/wp-content\/uploads\/2017\/08\/logo1.png","contentUrl":"https:\/\/old.lamer-santorini.com\/wp-content\/uploads\/2017\/08\/logo1.png","width":300,"height":169,"caption":"La Mer Deluxe Hotel & Spa"},"image":{"@id":"https:\/\/old.lamer-santorini.com\/#\/schema\/logo\/image\/"}}]}},"_links":{"self":[{"href":"https:\/\/old.lamer-santorini.com\/de\/wp-json\/wp\/v2\/pages\/1893","targetHints":{"allow":["GET"]}}],"collection":[{"href":"https:\/\/old.lamer-santorini.com\/de\/wp-json\/wp\/v2\/pages"}],"about":[{"href":"https:\/\/old.lamer-santorini.com\/de\/wp-json\/wp\/v2\/types\/page"}],"author":[{"embeddable":true,"href":"https:\/\/old.lamer-santorini.com\/de\/wp-json\/wp\/v2\/users\/2"}],"replies":[{"embeddable":true,"href":"https:\/\/old.lamer-santorini.com\/de\/wp-json\/wp\/v2\/comments?post=1893"}],"version-history":[{"count":5,"href":"https:\/\/old.lamer-santorini.com\/de\/wp-json\/wp\/v2\/pages\/1893\/revisions"}],"predecessor-version":[{"id":2618,"href":"https:\/\/old.lamer-santorini.com\/de\/wp-json\/wp\/v2\/pages\/1893\/revisions\/2618"}],"wp:attachment":[{"href":"https:\/\/old.lamer-santorini.com\/de\/wp-json\/wp\/v2\/media?parent=1893"}],"curies":[{"name":"wp","href":"https:\/\/api.w.org\/{rel}","templated":true}]}}