{"id":1903,"date":"2017-11-21T13:33:10","date_gmt":"2017-11-21T10:33:10","guid":{"rendered":"https:\/\/old.lamer-santorini.com\/?page_id=1903"},"modified":"2019-09-06T16:29:25","modified_gmt":"2019-09-06T13:29:25","slug":"hochzeiten","status":"publish","type":"page","link":"https:\/\/old.lamer-santorini.com\/de\/hochzeiten\/","title":{"rendered":"Hochzeiten"},"content":{"rendered":"\n\t\t\t\t<section id=\"welcome-section\" class=\"simple \">\n\t\t\t\t\t<div class=\"inner-container container\">\n\t\t\t\t\t\t<div class=\"l-sec \">\n\t\t\t\t\t\t\t<div class=\"ravis-title-t-1\">\n\t\t\t\t\t\t\t\t<div class=\"title\"><span>Hochzeitsort Santorini<\/span><\/div>\n\t\t\t\t\t\t\t\t<div class=\"sub-title\">Santorini Gem Venue in Caldera<\/div>\n\t\t\t\t\t\t\t<\/div>\n\t\t\t\t\t\t\t<div class=\"content\">Einer der sch\u00f6nsten Orte der Insel mit einzigartigem Blick auf Caldera und den ber\u00fchmten Vulkan, der von tiefblauer \u00c4g\u00e4is umgeben ist. Das Meer ruht unter tausend Schattierungen der goldenen Sonne des Mittelmeers. Ein magischer Ort f\u00fcr eine gro\u00dfartige Hochzeit, so wie Sie es sich gew\u00fcnscht haben\u2026<\/p>\n<p>Einrichtungen der Hochzeitsszene: Privater Hochzeitsvorbereitungsraum mit eigenem Bad, Zeremonie auf dem h\u00f6chsten Punkt des Anwesens, Rezeption &amp; Cocktail, 1 Bar im Freien, 200 m\u00b2 Schwimmbad, unendlicher Whirlpool mit Blick auf die Caldera, Parkplatz, G\u00e4ste-WC. Sie k\u00f6nnen aus einer Vielzahl von empfohlenen Men\u00fcs ausw\u00e4hlen.<\/div><a href=\"https:\/\/santorinigem.com\/packages\/the-wedding-ceremony-and-reception\/\" class=\"ravis-btn btn-type-2\" target=\"_blank\">Weiterlesen<\/a><\/div>\n\t\t\t\t\t<\/div>\n\t\t\t\t<\/section>\n\n\t\t\t\t<section id=\"welcome-section\" class=\"simple \">\n\t\t\t\t\t<div class=\"inner-container container\">\n\t\t\t\t\t\t<div class=\"l-sec \">\n\t\t\t\t\t\t\t<div class=\"ravis-title-t-1\">\n\t\t\t\t\t\t\t\t<div class=\"title\"><span>Hochzeitvilla Santorini<\/span><\/div>\n\t\t\t\t\t\t\t\t<div class=\"sub-title\">Hochzeitvilla in Caldera Santorini<\/div>\n\t\t\t\t\t\t\t<\/div>\n\t\t\t\t\t\t\t<div class=\"content\">Ein 5000 m\u00b2 gro\u00dfes Anwesen mit einer einzigartigen privilegierten Lage, einer der h\u00f6chsten Punkte auf Santorini, mit herrlichem Blick auf die Caldera und den ber\u00fchmten Vulkan.<\/p>\n<p>Eine 400 qm gro\u00dfe Villa, die von wundersch\u00f6nen gepflegten G\u00e4rten, elegante Pergolen, die sich von den Seiten der Villa aus erstrecken und mit dem Hauptbereich der Unterkunft verbunden sind, umgeben ist, wo verschiedene Ebenen den Mittelpunkt im Freien bilden, mit Ess- und Entspannungsbereichen, Au\u00dfenbar, Grill, einem 25-Meter-Pool und einem beheizten, endlosen Whirlpool, die alle die Caldera und den Vulkan \u00fcberschauen.<\/p>\n<p>Das Innere der Hochzeitsvilla ist geschmackvoll eingerichtet, mit Marmorb\u00f6den, modernen M\u00f6beln und in verschiedenen Pastellt\u00f6nen. Der Haupteingang f\u00fchrt direkt zu einem 90 m\u00b2 gro\u00dfen Wohnzimmer mit Tageslicht und direktem Zugang zum Au\u00dfenschwerpunkt der Immobilie.<\/div><a href=\"https:\/\/santorinigem.com\/packages\/the-wedding-villa-the-view-of-your-first-morning-together\/\" class=\"ravis-btn btn-type-2\" target=\"_blank\">Weiterlesen<\/a><\/div>\n\t\t\t\t\t<\/div>\n\t\t\t\t<\/section>\n\n\t\t\t\t<section id=\"welcome-section\" class=\"simple \">\n\t\t\t\t\t<div class=\"inner-container container\">\n\t\t\t\t\t\t<div class=\"l-sec \">\n\t\t\t\t\t\t\t<div class=\"ravis-title-t-1\">\n\t\t\t\t\t\t\t\t<div class=\"title\"><span>Planungsleistungen Santorini<\/span><\/div>\n\t\t\t\t\t\t\t\t<div class=\"sub-title\">Erleben Sie unvergessliche Momente an Ihrem besonderen Tag...<\/div>\n\t\t\t\t\t\t\t<\/div>\n\t\t\t\t\t\t\t<div class=\"content\">Atemberaubende Landschaften, der atemberaubendste Sonnenuntergang der Welt, glitzernde schwarze Sandstr\u00e4nde oder traditionelle Weing\u00fcter aus Santorini. Alles zu Ihrer Verf\u00fcgung, mit unserem kompletten Hochzeitsplanungsservice. W\u00e4hlen Sie aus einer Vielzahl von Paketen, die von Hochzeitsvorschl\u00e4gen bis zur Koordination aller Arten von Hochzeiten reichen, von kleinen und intimen Veranstaltungen bis hin zu gro\u00dfen Veranstaltungen.<\/div><a href=\"http:\/\/idosantorini.com\/\" class=\"ravis-btn btn-type-2\" target=\"_blank\">Weiterlesen<\/a><\/div>\n\t\t\t\t\t<\/div>\n\t\t\t\t<\/section>\n<div class=\"my-text\" style=\"background-image: url('https:\/\/old.lamer-santorini.com\/wp-content\/uploads\/2017\/12\/weddingvenuenew.jpg'); background-size: cover;\">\n<div><\/div>\n<\/div>\n","protected":false},"excerpt":{"rendered":"","protected":false},"author":2,"featured_media":0,"parent":0,"menu_order":0,"comment_status":"closed","ping_status":"closed","template":"","meta":{"footnotes":""},"class_list":["post-1903","page","type-page","status-publish","hentry"],"yoast_head":"<!-- This site is optimized with the Yoast SEO plugin v26.5 - https:\/\/yoast.com\/wordpress\/plugins\/seo\/ -->\n<title>Hochzeit in Santorini | La Mer Deluxe Hotel &amp; Spa<\/title>\n<meta name=\"description\" content=\"Erleben Sie unvergessliche Momente an Ihrem besonderen Tag. Atemberaubende Landschaften, der atemberaubendste Sonnenuntergang der Welt, glitzernde schwarze Sandstr\u00e4nde oder traditionelle santorinische Weing\u00fcter. Alles zu Ihrer Verf\u00fcgung, mit unserem kompletten Hochzeitsplanungsservice.\" \/>\n<meta name=\"robots\" content=\"index, follow, max-snippet:-1, max-image-preview:large, max-video-preview:-1\" \/>\n<link rel=\"canonical\" href=\"https:\/\/old.lamer-santorini.com\/de\/hochzeiten\/\" \/>\n<meta property=\"og:locale\" content=\"de_DE\" \/>\n<meta property=\"og:type\" content=\"article\" \/>\n<meta property=\"og:title\" content=\"Hochzeit in Santorini | La Mer Deluxe Hotel &amp; Spa\" \/>\n<meta property=\"og:description\" content=\"Erleben Sie unvergessliche Momente an Ihrem besonderen Tag. Atemberaubende Landschaften, der atemberaubendste Sonnenuntergang der Welt, glitzernde schwarze Sandstr\u00e4nde oder traditionelle santorinische Weing\u00fcter. Alles zu Ihrer Verf\u00fcgung, mit unserem kompletten Hochzeitsplanungsservice.\" \/>\n<meta property=\"og:url\" content=\"https:\/\/old.lamer-santorini.com\/de\/hochzeiten\/\" \/>\n<meta property=\"og:site_name\" content=\"La Mer\" \/>\n<meta property=\"article:modified_time\" content=\"2019-09-06T13:29:25+00:00\" \/>\n<meta name=\"twitter:card\" content=\"summary_large_image\" \/>\n<meta name=\"twitter:label1\" content=\"Gesch\u00e4tzte Lesezeit\" \/>\n\t<meta name=\"twitter:data1\" content=\"2\u00a0Minuten\" \/>\n<script type=\"application\/ld+json\" class=\"yoast-schema-graph\">{\"@context\":\"https:\/\/schema.org\",\"@graph\":[{\"@type\":\"WebPage\",\"@id\":\"https:\/\/old.lamer-santorini.com\/de\/hochzeiten\/\",\"url\":\"https:\/\/old.lamer-santorini.com\/de\/hochzeiten\/\",\"name\":\"Hochzeit in Santorini | La Mer Deluxe Hotel & Spa\",\"isPartOf\":{\"@id\":\"https:\/\/old.lamer-santorini.com\/#website\"},\"datePublished\":\"2017-11-21T10:33:10+00:00\",\"dateModified\":\"2019-09-06T13:29:25+00:00\",\"description\":\"Erleben Sie unvergessliche Momente an Ihrem besonderen Tag. Atemberaubende Landschaften, der atemberaubendste Sonnenuntergang der Welt, glitzernde schwarze Sandstr\u00e4nde oder traditionelle santorinische Weing\u00fcter. Alles zu Ihrer Verf\u00fcgung, mit unserem kompletten Hochzeitsplanungsservice.\",\"breadcrumb\":{\"@id\":\"https:\/\/old.lamer-santorini.com\/de\/hochzeiten\/#breadcrumb\"},\"inLanguage\":\"de\",\"potentialAction\":[{\"@type\":\"ReadAction\",\"target\":[\"https:\/\/old.lamer-santorini.com\/de\/hochzeiten\/\"]}]},{\"@type\":\"BreadcrumbList\",\"@id\":\"https:\/\/old.lamer-santorini.com\/de\/hochzeiten\/#breadcrumb\",\"itemListElement\":[{\"@type\":\"ListItem\",\"position\":1,\"name\":\"Home\",\"item\":\"https:\/\/old.lamer-santorini.com\/de\/\"},{\"@type\":\"ListItem\",\"position\":2,\"name\":\"Hochzeiten\"}]},{\"@type\":\"WebSite\",\"@id\":\"https:\/\/old.lamer-santorini.com\/#website\",\"url\":\"https:\/\/old.lamer-santorini.com\/\",\"name\":\"La Mer\",\"description\":\"Deluxe Hotel & Spa Resort Kamari Santorini Greece | Book Online\",\"publisher\":{\"@id\":\"https:\/\/old.lamer-santorini.com\/#organization\"},\"potentialAction\":[{\"@type\":\"SearchAction\",\"target\":{\"@type\":\"EntryPoint\",\"urlTemplate\":\"https:\/\/old.lamer-santorini.com\/?s={search_term_string}\"},\"query-input\":{\"@type\":\"PropertyValueSpecification\",\"valueRequired\":true,\"valueName\":\"search_term_string\"}}],\"inLanguage\":\"de\"},{\"@type\":\"Organization\",\"@id\":\"https:\/\/old.lamer-santorini.com\/#organization\",\"name\":\"La Mer Deluxe Hotel & Spa\",\"url\":\"https:\/\/old.lamer-santorini.com\/\",\"logo\":{\"@type\":\"ImageObject\",\"inLanguage\":\"de\",\"@id\":\"https:\/\/old.lamer-santorini.com\/#\/schema\/logo\/image\/\",\"url\":\"https:\/\/old.lamer-santorini.com\/wp-content\/uploads\/2017\/08\/logo1.png\",\"contentUrl\":\"https:\/\/old.lamer-santorini.com\/wp-content\/uploads\/2017\/08\/logo1.png\",\"width\":300,\"height\":169,\"caption\":\"La Mer Deluxe Hotel & Spa\"},\"image\":{\"@id\":\"https:\/\/old.lamer-santorini.com\/#\/schema\/logo\/image\/\"}}]}<\/script>\n<!-- \/ Yoast SEO plugin. -->","yoast_head_json":{"title":"Hochzeit in Santorini | La Mer Deluxe Hotel & Spa","description":"Erleben Sie unvergessliche Momente an Ihrem besonderen Tag. Atemberaubende Landschaften, der atemberaubendste Sonnenuntergang der Welt, glitzernde schwarze Sandstr\u00e4nde oder traditionelle santorinische Weing\u00fcter. Alles zu Ihrer Verf\u00fcgung, mit unserem kompletten Hochzeitsplanungsservice.","robots":{"index":"index","follow":"follow","max-snippet":"max-snippet:-1","max-image-preview":"max-image-preview:large","max-video-preview":"max-video-preview:-1"},"canonical":"https:\/\/old.lamer-santorini.com\/de\/hochzeiten\/","og_locale":"de_DE","og_type":"article","og_title":"Hochzeit in Santorini | La Mer Deluxe Hotel & Spa","og_description":"Erleben Sie unvergessliche Momente an Ihrem besonderen Tag. Atemberaubende Landschaften, der atemberaubendste Sonnenuntergang der Welt, glitzernde schwarze Sandstr\u00e4nde oder traditionelle santorinische Weing\u00fcter. Alles zu Ihrer Verf\u00fcgung, mit unserem kompletten Hochzeitsplanungsservice.","og_url":"https:\/\/old.lamer-santorini.com\/de\/hochzeiten\/","og_site_name":"La Mer","article_modified_time":"2019-09-06T13:29:25+00:00","twitter_card":"summary_large_image","twitter_misc":{"Gesch\u00e4tzte Lesezeit":"2\u00a0Minuten"},"schema":{"@context":"https:\/\/schema.org","@graph":[{"@type":"WebPage","@id":"https:\/\/old.lamer-santorini.com\/de\/hochzeiten\/","url":"https:\/\/old.lamer-santorini.com\/de\/hochzeiten\/","name":"Hochzeit in Santorini | La Mer Deluxe Hotel & Spa","isPartOf":{"@id":"https:\/\/old.lamer-santorini.com\/#website"},"datePublished":"2017-11-21T10:33:10+00:00","dateModified":"2019-09-06T13:29:25+00:00","description":"Erleben Sie unvergessliche Momente an Ihrem besonderen Tag. Atemberaubende Landschaften, der atemberaubendste Sonnenuntergang der Welt, glitzernde schwarze Sandstr\u00e4nde oder traditionelle santorinische Weing\u00fcter. Alles zu Ihrer Verf\u00fcgung, mit unserem kompletten Hochzeitsplanungsservice.","breadcrumb":{"@id":"https:\/\/old.lamer-santorini.com\/de\/hochzeiten\/#breadcrumb"},"inLanguage":"de","potentialAction":[{"@type":"ReadAction","target":["https:\/\/old.lamer-santorini.com\/de\/hochzeiten\/"]}]},{"@type":"BreadcrumbList","@id":"https:\/\/old.lamer-santorini.com\/de\/hochzeiten\/#breadcrumb","itemListElement":[{"@type":"ListItem","position":1,"name":"Home","item":"https:\/\/old.lamer-santorini.com\/de\/"},{"@type":"ListItem","position":2,"name":"Hochzeiten"}]},{"@type":"WebSite","@id":"https:\/\/old.lamer-santorini.com\/#website","url":"https:\/\/old.lamer-santorini.com\/","name":"La Mer","description":"Deluxe Hotel & Spa Resort Kamari Santorini Greece | Book Online","publisher":{"@id":"https:\/\/old.lamer-santorini.com\/#organization"},"potentialAction":[{"@type":"SearchAction","target":{"@type":"EntryPoint","urlTemplate":"https:\/\/old.lamer-santorini.com\/?s={search_term_string}"},"query-input":{"@type":"PropertyValueSpecification","valueRequired":true,"valueName":"search_term_string"}}],"inLanguage":"de"},{"@type":"Organization","@id":"https:\/\/old.lamer-santorini.com\/#organization","name":"La Mer Deluxe Hotel & Spa","url":"https:\/\/old.lamer-santorini.com\/","logo":{"@type":"ImageObject","inLanguage":"de","@id":"https:\/\/old.lamer-santorini.com\/#\/schema\/logo\/image\/","url":"https:\/\/old.lamer-santorini.com\/wp-content\/uploads\/2017\/08\/logo1.png","contentUrl":"https:\/\/old.lamer-santorini.com\/wp-content\/uploads\/2017\/08\/logo1.png","width":300,"height":169,"caption":"La Mer Deluxe Hotel & Spa"},"image":{"@id":"https:\/\/old.lamer-santorini.com\/#\/schema\/logo\/image\/"}}]}},"_links":{"self":[{"href":"https:\/\/old.lamer-santorini.com\/de\/wp-json\/wp\/v2\/pages\/1903","targetHints":{"allow":["GET"]}}],"collection":[{"href":"https:\/\/old.lamer-santorini.com\/de\/wp-json\/wp\/v2\/pages"}],"about":[{"href":"https:\/\/old.lamer-santorini.com\/de\/wp-json\/wp\/v2\/types\/page"}],"author":[{"embeddable":true,"href":"https:\/\/old.lamer-santorini.com\/de\/wp-json\/wp\/v2\/users\/2"}],"replies":[{"embeddable":true,"href":"https:\/\/old.lamer-santorini.com\/de\/wp-json\/wp\/v2\/comments?post=1903"}],"version-history":[{"count":6,"href":"https:\/\/old.lamer-santorini.com\/de\/wp-json\/wp\/v2\/pages\/1903\/revisions"}],"predecessor-version":[{"id":2620,"href":"https:\/\/old.lamer-santorini.com\/de\/wp-json\/wp\/v2\/pages\/1903\/revisions\/2620"}],"wp:attachment":[{"href":"https:\/\/old.lamer-santorini.com\/de\/wp-json\/wp\/v2\/media?parent=1903"}],"curies":[{"name":"wp","href":"https:\/\/api.w.org\/{rel}","templated":true}]}}