{"id":1948,"date":"2017-11-15T15:47:19","date_gmt":"2017-11-15T12:47:19","guid":{"rendered":"https:\/\/old.lamer-santorini.com\/?page_id=1948"},"modified":"2019-09-06T16:13:01","modified_gmt":"2019-09-06T13:13:01","slug":"flitterwochen-romantik","status":"publish","type":"page","link":"https:\/\/old.lamer-santorini.com\/de\/flitterwochen-romantik\/","title":{"rendered":"Flitterwochen &#038; Romantik"},"content":{"rendered":"\n\t\t\t\t<section id=\"welcome-section\" class=\" \">\n\t\t\t\t\t<div class=\"inner-container container\">\n\t\t\t\t\t\t<div class=\"l-sec col-md-7\">\n\t\t\t\t\t\t\t<div class=\"ravis-title-t-1\">\n\t\t\t\t\t\t\t\t<div class=\"title\"><span>Wo Reise Romantik trifft<\/span><\/div>\n\t\t\t\t\t\t\t\t<div class=\"sub-title\"><\/div>\n\t\t\t\t\t\t\t<\/div>\n\t\t\t\t\t\t\t<div class=\"content\">Im romantischsten Reiseziel, in der sch\u00f6nsten Umgebung, k\u00f6nnen Sie die beste Hochzeitsreise erleben, die auf Ihre eigenen W\u00fcnsche, Bed\u00fcrfnisse und Ihren Stil abgestimmt ist. Santorini steht f\u00fcr Romantik.<br \/>\nEs ist eine Kombination von Architektur, Essen und Kunst, die diese Insel so besonders macht. Da Sie sich bereits entschieden haben, Ihren Urlaub in Santorini zu verbringen, sorgen wir daf\u00fcr, dass Ihre Hochzeitsreise zu einem unvergesslichen Erlebnis Ihres Lebens wird.<br \/>\nWir geben Ideen an, um eine Reise ganz nach Ihrem Geschmack und Ihren Tr\u00e4umen zu gestalten, unabh\u00e4ngig von der H\u00f6he Ihres Budgets.<br \/>\nIhre Hochzeitsreise in Santorini wird mehr sein, als Sie sich jemals vorstellen k\u00f6nnen. Exklusive romantische Services wie Kerzenlichtschmuck, Segeln bei Sonnenuntergang, spezielle Hotel-Arrangements und Pakete werden angeboten, um Ihren perfekten Urlaub in Santorini sicherzustellen. Unser Ziel ist es, dass jeder unserer G\u00e4ste willkommen und besonders sich f\u00fchlt und einzigartige Erinnerungen schafft, die er teilt und wertsch\u00e4tzt.<br \/>\n<\/div><\/div><div class=\"r-sec col-md-5\"><img decoding=\"async\" src=\"https:\/\/old.lamer-santorini.com\/wp-content\/uploads\/2017\/08\/shutterstock_644871199.jpg\" alt=\"Wo Reise Romantik trifft\"><\/div>\n\t\t\t\t\t<\/div>\n\t\t\t\t<\/section>\n\n\t\t\t\t\t<section id=\"special-offers\">\n\t\t\t\t\t\t<div class=\"inner-container container\">\n\t\t\t\t\t\t<div class=\"ravis-title\">\n\t\t\t\t\t\t\t<div class=\"inner-box\">\n\t\t\t\t\t\t\t\t<div class=\"title\"><span>Sonderpakete und Angebote<\/span><\/div>\n\t\t\t\t\t\t\t\t<div class=\"sub-title\">W\u00e4hlen Sie aus den folgenden Optionen das Beste aus<\/div>\n\t\t\t\t\t\t\t<\/div>\n\t\t\t\t\t\t<\/div>\n\t\t\t\t\t\t\t<div class=\"main-desc\"><\/div>\n\t\t\t\t\t\t\t<div class=\"packages-container clearfix\">\n\n\t\t\t\t\t\t\t\t<div class=\"package-box col-sm-6 col-md-4\">\n\t\t\t\t\t\t\t\t\t<div class=\"main-inner-box\" data-bg-img=\"https:\/\/old.lamer-santorini.com\/wp-content\/uploads\/2017\/11\/CHR_7242.jpg\">\n\t\t\t\t\t\t\t\t\t\t<div class=\"title-box\">\n\t\t\t\t\t\t\t\t\t\t\t<div class=\"title\">Deluxe-Paket<\/div>\n\t\t\t\t\t\t\t\t\t\t\t<div class=\"sub-title\">Paket f\u00fcr 2<\/div>\n\t\t\t\t\t\t\t\t\t\t<\/div>\n\t\t\t\t\t\t\t\t\t\t<div class=\"price-box\"><div class=\"price\">650.00\u20ac<\/div><div class=\"type\">Guest <i>\/<\/i> Night<\/div><\/div>\n\t\t\t\t\t\t\t\t\t\t<div class=\"detail-box\"><ul><li><div class=\"inner-box\">Hin- und R\u00fccktransfer von\/zu unserem Hotel<\/div><\/li><li><div class=\"inner-box\">VIP-Express-Check-In\/Portierservice<\/div><\/li><li><div class=\"inner-box\">Frische Blumen bei der Ankunft<\/div><\/li><li><div class=\"inner-box\">Gek\u00fchlter Sekt bei der Ankunft<\/div><\/li><li><div class=\"inner-box\">Zimmerupgrade in die n\u00e4chste Kategorie nach Verf\u00fcgbarkeit<\/div><\/li><li><div class=\"inner-box\">Zimmerservice \/ Fr\u00fchst\u00fcck im Bett f\u00fcr den ersten Morgen<\/div><\/li><li><div class=\"inner-box\">Kerzenlichtdekoration des Betts mit duftenden Rosenbl\u00e4ttern<\/div><\/li><li><div class=\"inner-box\">Halbprivate Katamaranfahrt bei Sonnenuntergang mit vollem BBQ-Men\u00fc<\/div><\/li><li><div class=\"inner-box\">Privater R\u00fccktransfer nach Sonnenuntegang-Dorf Oia<\/div><\/li><li><div class=\"inner-box\">Aromatherapie-Massagen von je 30\u2019<\/div><\/li><\/ul>\n\t\t\t\t\t\t\t\t\t\t<\/div>\n\t\t\t\t\t\t\t\t\t\t<form action=\"https:\/\/lamerdeluxe.reserve-online.net\/\" method=\"post\">\n\t\t\t\t\t\t\t\t\t\t\t<input type=\"hidden\" name=\"package-id\" value=\"2003\">\n\t\t\t\t\t\t\t\t\t\t\t<button type=\"submit\" class=\"ravis-btn btn-type-2\">Select<\/button>\n\t\t\t\t\t\t\t\t\t\t<\/form>\n\t\t\t\t\t\t\t\t\t<\/div>\n\t\t\t\t\t\t\t<\/div>\n\n\t\t\t\t\t\t\t\t<div class=\"package-box col-sm-6 col-md-4\">\n\t\t\t\t\t\t\t\t\t<div class=\"main-inner-box\" data-bg-img=\"https:\/\/old.lamer-santorini.com\/wp-content\/uploads\/2017\/11\/DSC_1806.jpg\">\n\t\t\t\t\t\t\t\t\t\t<div class=\"title-box\">\n\t\t\t\t\t\t\t\t\t\t\t<div class=\"title\">Executive Hochzeitsreise-Paket<\/div>\n\t\t\t\t\t\t\t\t\t\t\t<div class=\"sub-title\">Paket f\u00fcr 2<\/div>\n\t\t\t\t\t\t\t\t\t\t<\/div>\n\t\t\t\t\t\t\t\t\t\t<div class=\"price-box\"><div class=\"price\">350.00\u20ac<\/div><div class=\"type\">Guest <i>\/<\/i> Night<\/div><\/div>\n\t\t\t\t\t\t\t\t\t\t<div class=\"detail-box\"><ul><li><div class=\"inner-box\">Hin- und R\u00fccktransfer von\/zu unserem Hotel<\/div><\/li><li><div class=\"inner-box\">VIP-Express-Check-In\/Portierservice<\/div><\/li><li><div class=\"inner-box\">Frische Blumen bei der Ankunft<\/div><\/li><li><div class=\"inner-box\">Gek\u00fchlter Sekt bei der Ankunft<\/div><\/li><li><div class=\"inner-box\">Zimmerupgrade in die n\u00e4chste Kategorie nach Verf\u00fcgbarkeit<\/div><\/li><li><div class=\"inner-box\">Zimmerservice\/Fr\u00fchst\u00fcck im Bett f\u00fcr den ersten Morgen<\/div><\/li><li><div class=\"inner-box\">Kerzenlichtdekoration des Betts mit duftenden Rosenbl\u00e4ttern<\/div><\/li><li><div class=\"inner-box\">Sonnenuntergangsfahrt nach Caldera mit traditionellem Boot<\/div><\/li><li><div class=\"inner-box\">Schwedische Massagen von je 30\u2019<\/div><\/li><\/ul>\n\t\t\t\t\t\t\t\t\t\t<\/div>\n\t\t\t\t\t\t\t\t\t\t<form action=\"https:\/\/lamerdeluxe.reserve-online.net\/\" method=\"post\">\n\t\t\t\t\t\t\t\t\t\t\t<input type=\"hidden\" name=\"package-id\" value=\"2005\">\n\t\t\t\t\t\t\t\t\t\t\t<button type=\"submit\" class=\"ravis-btn btn-type-2\">Select<\/button>\n\t\t\t\t\t\t\t\t\t\t<\/form>\n\t\t\t\t\t\t\t\t\t<\/div>\n\t\t\t\t\t\t\t<\/div>\n\n\t\t\t\t\t\t\t\t<div class=\"package-box col-sm-6 col-md-4\">\n\t\t\t\t\t\t\t\t\t<div class=\"main-inner-box\" data-bg-img=\"https:\/\/old.lamer-santorini.com\/wp-content\/uploads\/2017\/11\/CHR_4038.jpg\">\n\t\t\t\t\t\t\t\t\t\t<div class=\"title-box\">\n\t\t\t\t\t\t\t\t\t\t\t<div class=\"title\">Klassisches Romantik-Paket<\/div>\n\t\t\t\t\t\t\t\t\t\t\t<div class=\"sub-title\">Paket f\u00fcr 2<\/div>\n\t\t\t\t\t\t\t\t\t\t<\/div>\n\t\t\t\t\t\t\t\t\t\t<div class=\"price-box\"><div class=\"price\">200.00\u20ac<\/div><div class=\"type\">Guest <i>\/<\/i> Night<\/div><\/div>\n\t\t\t\t\t\t\t\t\t\t<div class=\"detail-box\"><ul><li><div class=\"inner-box\">VIP-Express-Check-In\/Portierservice<\/div><\/li><li><div class=\"inner-box\">Frische Blumen bei der Ankunft<\/div><\/li><li><div class=\"inner-box\">Gek\u00fchlter Sekt bei der Ankunft<\/div><\/li><li><div class=\"inner-box\">Zimmerservice \/ Fr\u00fchst\u00fcck im Bett f\u00fcr den ersten Morgen<\/div><\/li><li><div class=\"inner-box\">Kerzenlichtdekoration des Betts mit duftenden Rosenbl\u00e4ttern<\/div><\/li><\/ul>\n\t\t\t\t\t\t\t\t\t\t<\/div>\n\t\t\t\t\t\t\t\t\t\t<form action=\"https:\/\/lamerdeluxe.reserve-online.net\/\" method=\"post\">\n\t\t\t\t\t\t\t\t\t\t\t<input type=\"hidden\" name=\"package-id\" value=\"2007\">\n\t\t\t\t\t\t\t\t\t\t\t<button type=\"submit\" class=\"ravis-btn btn-type-2\">Select<\/button>\n\t\t\t\t\t\t\t\t\t\t<\/form>\n\t\t\t\t\t\t\t\t\t<\/div>\n\t\t\t\t\t\t\t<\/div><\/section>\n\t\t\t\t\t\t<\/div>\n\t\t\t\t\t<\/div>\n\t\t\t\t<\/section>\n<p>\n\t\t\t\t<section id=\"welcome-section\" class=\"simple \">\n\t\t\t\t\t<div class=\"inner-container container\">\n\t\t\t\t\t\t<div class=\"l-sec \">\n\t\t\t\t\t\t\t<div class=\"ravis-title-t-1\">\n\t\t\t\t\t\t\t\t<div class=\"title\"><span>Gesch\u00e4ftsbedingungen<\/span><\/div>\n\t\t\t\t\t\t\t\t<div class=\"sub-title\"><\/div>\n\t\t\t\t\t\t\t<\/div>\n\t\t\t\t\t\t\t<div class=\"content\">Die Arrangements sind Komplettpakete und Artikel sind nicht austauschbar.<br \/>\nFalls Sie sich entscheiden, eine der Dienstleistungen nicht zu nutzen, kann keine Erstattung oder Alternative gew\u00e4hrt werden. Die Preise beinhalten alle lokalen Steuern zum aktuellen Preis. Ein Zimmer-Upgrade in die n\u00e4chste Kategorie unterliegt der Verf\u00fcgbarkeit des Hotels<br \/>\n*kann nicht garantiert werden.<br \/>\n* Stornierungsbedingungen:<br \/>\nAufgrund der Besonderheiten dieser Angebote werden die Pakete nicht erstattet.<br \/>\nDie Zahlung wird zum Zeitpunkt der Buchung verlangt.<\/div><\/div>\n\t\t\t\t\t<\/div>\n\t\t\t\t<\/section><img decoding=\"async\" class=\"aligncenter size-full wp-image-913\" src=\"https:\/\/old.lamer-santorini.com\/wp-content\/uploads\/2017\/08\/shutterstock_648596593.jpg\" alt=\"\"><\/p>\n","protected":false},"excerpt":{"rendered":"","protected":false},"author":2,"featured_media":0,"parent":0,"menu_order":0,"comment_status":"closed","ping_status":"closed","template":"","meta":{"footnotes":""},"class_list":["post-1948","page","type-page","status-publish","hentry"],"yoast_head":"<!-- This site is optimized with the Yoast SEO plugin v26.5 - https:\/\/yoast.com\/wordpress\/plugins\/seo\/ -->\n<title>Flitterwochen &amp; Romantik auf Santorini | Flitterwochen-Pakete | La Mer<\/title>\n<meta name=\"description\" content=\"Genie\u00dfen Sie das beste Honeymoon-Erlebnis, das auf Ihre W\u00fcnsche, Bed\u00fcrfnisse und Ihren Stil zugeschnitten ist. Das La Mer Deluxe Hotel &amp; Spa bietet Ihnen einzigartige Flitterwochen.\" \/>\n<meta name=\"robots\" content=\"index, follow, max-snippet:-1, max-image-preview:large, max-video-preview:-1\" \/>\n<link rel=\"canonical\" href=\"https:\/\/old.lamer-santorini.com\/de\/flitterwochen-romantik\/\" \/>\n<meta property=\"og:locale\" content=\"de_DE\" \/>\n<meta property=\"og:type\" content=\"article\" \/>\n<meta property=\"og:title\" content=\"Flitterwochen &amp; Romantik auf Santorini | Flitterwochen-Pakete | La Mer\" \/>\n<meta property=\"og:description\" content=\"Genie\u00dfen Sie das beste Honeymoon-Erlebnis, das auf Ihre W\u00fcnsche, Bed\u00fcrfnisse und Ihren Stil zugeschnitten ist. Das La Mer Deluxe Hotel &amp; Spa bietet Ihnen einzigartige Flitterwochen.\" \/>\n<meta property=\"og:url\" content=\"https:\/\/old.lamer-santorini.com\/de\/flitterwochen-romantik\/\" \/>\n<meta property=\"og:site_name\" content=\"La Mer\" \/>\n<meta property=\"article:modified_time\" content=\"2019-09-06T13:13:01+00:00\" \/>\n<meta property=\"og:image\" content=\"https:\/\/old.lamer-santorini.com\/wp-content\/uploads\/2017\/08\/shutterstock_648596593.jpg\" \/>\n<meta name=\"twitter:card\" content=\"summary_large_image\" \/>\n<meta name=\"twitter:label1\" content=\"Gesch\u00e4tzte Lesezeit\" \/>\n\t<meta name=\"twitter:data1\" content=\"1\u00a0Minute\" \/>\n<script type=\"application\/ld+json\" class=\"yoast-schema-graph\">{\"@context\":\"https:\/\/schema.org\",\"@graph\":[{\"@type\":\"WebPage\",\"@id\":\"https:\/\/old.lamer-santorini.com\/de\/flitterwochen-romantik\/\",\"url\":\"https:\/\/old.lamer-santorini.com\/de\/flitterwochen-romantik\/\",\"name\":\"Flitterwochen & Romantik auf Santorini | Flitterwochen-Pakete | La Mer\",\"isPartOf\":{\"@id\":\"https:\/\/old.lamer-santorini.com\/#website\"},\"primaryImageOfPage\":{\"@id\":\"https:\/\/old.lamer-santorini.com\/de\/flitterwochen-romantik\/#primaryimage\"},\"image\":{\"@id\":\"https:\/\/old.lamer-santorini.com\/de\/flitterwochen-romantik\/#primaryimage\"},\"thumbnailUrl\":\"https:\/\/old.lamer-santorini.com\/wp-content\/uploads\/2017\/08\/shutterstock_648596593.jpg\",\"datePublished\":\"2017-11-15T12:47:19+00:00\",\"dateModified\":\"2019-09-06T13:13:01+00:00\",\"description\":\"Genie\u00dfen Sie das beste Honeymoon-Erlebnis, das auf Ihre W\u00fcnsche, Bed\u00fcrfnisse und Ihren Stil zugeschnitten ist. Das La Mer Deluxe Hotel & Spa bietet Ihnen einzigartige Flitterwochen.\",\"breadcrumb\":{\"@id\":\"https:\/\/old.lamer-santorini.com\/de\/flitterwochen-romantik\/#breadcrumb\"},\"inLanguage\":\"de\",\"potentialAction\":[{\"@type\":\"ReadAction\",\"target\":[\"https:\/\/old.lamer-santorini.com\/de\/flitterwochen-romantik\/\"]}]},{\"@type\":\"ImageObject\",\"inLanguage\":\"de\",\"@id\":\"https:\/\/old.lamer-santorini.com\/de\/flitterwochen-romantik\/#primaryimage\",\"url\":\"https:\/\/old.lamer-santorini.com\/wp-content\/uploads\/2017\/08\/shutterstock_648596593.jpg\",\"contentUrl\":\"https:\/\/old.lamer-santorini.com\/wp-content\/uploads\/2017\/08\/shutterstock_648596593.jpg\"},{\"@type\":\"BreadcrumbList\",\"@id\":\"https:\/\/old.lamer-santorini.com\/de\/flitterwochen-romantik\/#breadcrumb\",\"itemListElement\":[{\"@type\":\"ListItem\",\"position\":1,\"name\":\"Home\",\"item\":\"https:\/\/old.lamer-santorini.com\/de\/\"},{\"@type\":\"ListItem\",\"position\":2,\"name\":\"Flitterwochen &#038; Romantik\"}]},{\"@type\":\"WebSite\",\"@id\":\"https:\/\/old.lamer-santorini.com\/#website\",\"url\":\"https:\/\/old.lamer-santorini.com\/\",\"name\":\"La Mer\",\"description\":\"Deluxe Hotel & Spa Resort Kamari Santorini Greece | Book Online\",\"publisher\":{\"@id\":\"https:\/\/old.lamer-santorini.com\/#organization\"},\"potentialAction\":[{\"@type\":\"SearchAction\",\"target\":{\"@type\":\"EntryPoint\",\"urlTemplate\":\"https:\/\/old.lamer-santorini.com\/?s={search_term_string}\"},\"query-input\":{\"@type\":\"PropertyValueSpecification\",\"valueRequired\":true,\"valueName\":\"search_term_string\"}}],\"inLanguage\":\"de\"},{\"@type\":\"Organization\",\"@id\":\"https:\/\/old.lamer-santorini.com\/#organization\",\"name\":\"La Mer Deluxe Hotel & Spa\",\"url\":\"https:\/\/old.lamer-santorini.com\/\",\"logo\":{\"@type\":\"ImageObject\",\"inLanguage\":\"de\",\"@id\":\"https:\/\/old.lamer-santorini.com\/#\/schema\/logo\/image\/\",\"url\":\"https:\/\/old.lamer-santorini.com\/wp-content\/uploads\/2017\/08\/logo1.png\",\"contentUrl\":\"https:\/\/old.lamer-santorini.com\/wp-content\/uploads\/2017\/08\/logo1.png\",\"width\":300,\"height\":169,\"caption\":\"La Mer Deluxe Hotel & Spa\"},\"image\":{\"@id\":\"https:\/\/old.lamer-santorini.com\/#\/schema\/logo\/image\/\"}}]}<\/script>\n<!-- \/ Yoast SEO plugin. -->","yoast_head_json":{"title":"Flitterwochen & Romantik auf Santorini | Flitterwochen-Pakete | La Mer","description":"Genie\u00dfen Sie das beste Honeymoon-Erlebnis, das auf Ihre W\u00fcnsche, Bed\u00fcrfnisse und Ihren Stil zugeschnitten ist. Das La Mer Deluxe Hotel & Spa bietet Ihnen einzigartige Flitterwochen.","robots":{"index":"index","follow":"follow","max-snippet":"max-snippet:-1","max-image-preview":"max-image-preview:large","max-video-preview":"max-video-preview:-1"},"canonical":"https:\/\/old.lamer-santorini.com\/de\/flitterwochen-romantik\/","og_locale":"de_DE","og_type":"article","og_title":"Flitterwochen & Romantik auf Santorini | Flitterwochen-Pakete | La Mer","og_description":"Genie\u00dfen Sie das beste Honeymoon-Erlebnis, das auf Ihre W\u00fcnsche, Bed\u00fcrfnisse und Ihren Stil zugeschnitten ist. Das La Mer Deluxe Hotel & Spa bietet Ihnen einzigartige Flitterwochen.","og_url":"https:\/\/old.lamer-santorini.com\/de\/flitterwochen-romantik\/","og_site_name":"La Mer","article_modified_time":"2019-09-06T13:13:01+00:00","og_image":[{"url":"https:\/\/old.lamer-santorini.com\/wp-content\/uploads\/2017\/08\/shutterstock_648596593.jpg","type":"","width":"","height":""}],"twitter_card":"summary_large_image","twitter_misc":{"Gesch\u00e4tzte Lesezeit":"1\u00a0Minute"},"schema":{"@context":"https:\/\/schema.org","@graph":[{"@type":"WebPage","@id":"https:\/\/old.lamer-santorini.com\/de\/flitterwochen-romantik\/","url":"https:\/\/old.lamer-santorini.com\/de\/flitterwochen-romantik\/","name":"Flitterwochen & Romantik auf Santorini | Flitterwochen-Pakete | La Mer","isPartOf":{"@id":"https:\/\/old.lamer-santorini.com\/#website"},"primaryImageOfPage":{"@id":"https:\/\/old.lamer-santorini.com\/de\/flitterwochen-romantik\/#primaryimage"},"image":{"@id":"https:\/\/old.lamer-santorini.com\/de\/flitterwochen-romantik\/#primaryimage"},"thumbnailUrl":"https:\/\/old.lamer-santorini.com\/wp-content\/uploads\/2017\/08\/shutterstock_648596593.jpg","datePublished":"2017-11-15T12:47:19+00:00","dateModified":"2019-09-06T13:13:01+00:00","description":"Genie\u00dfen Sie das beste Honeymoon-Erlebnis, das auf Ihre W\u00fcnsche, Bed\u00fcrfnisse und Ihren Stil zugeschnitten ist. Das La Mer Deluxe Hotel & Spa bietet Ihnen einzigartige Flitterwochen.","breadcrumb":{"@id":"https:\/\/old.lamer-santorini.com\/de\/flitterwochen-romantik\/#breadcrumb"},"inLanguage":"de","potentialAction":[{"@type":"ReadAction","target":["https:\/\/old.lamer-santorini.com\/de\/flitterwochen-romantik\/"]}]},{"@type":"ImageObject","inLanguage":"de","@id":"https:\/\/old.lamer-santorini.com\/de\/flitterwochen-romantik\/#primaryimage","url":"https:\/\/old.lamer-santorini.com\/wp-content\/uploads\/2017\/08\/shutterstock_648596593.jpg","contentUrl":"https:\/\/old.lamer-santorini.com\/wp-content\/uploads\/2017\/08\/shutterstock_648596593.jpg"},{"@type":"BreadcrumbList","@id":"https:\/\/old.lamer-santorini.com\/de\/flitterwochen-romantik\/#breadcrumb","itemListElement":[{"@type":"ListItem","position":1,"name":"Home","item":"https:\/\/old.lamer-santorini.com\/de\/"},{"@type":"ListItem","position":2,"name":"Flitterwochen &#038; Romantik"}]},{"@type":"WebSite","@id":"https:\/\/old.lamer-santorini.com\/#website","url":"https:\/\/old.lamer-santorini.com\/","name":"La Mer","description":"Deluxe Hotel & Spa Resort Kamari Santorini Greece | Book Online","publisher":{"@id":"https:\/\/old.lamer-santorini.com\/#organization"},"potentialAction":[{"@type":"SearchAction","target":{"@type":"EntryPoint","urlTemplate":"https:\/\/old.lamer-santorini.com\/?s={search_term_string}"},"query-input":{"@type":"PropertyValueSpecification","valueRequired":true,"valueName":"search_term_string"}}],"inLanguage":"de"},{"@type":"Organization","@id":"https:\/\/old.lamer-santorini.com\/#organization","name":"La Mer Deluxe Hotel & Spa","url":"https:\/\/old.lamer-santorini.com\/","logo":{"@type":"ImageObject","inLanguage":"de","@id":"https:\/\/old.lamer-santorini.com\/#\/schema\/logo\/image\/","url":"https:\/\/old.lamer-santorini.com\/wp-content\/uploads\/2017\/08\/logo1.png","contentUrl":"https:\/\/old.lamer-santorini.com\/wp-content\/uploads\/2017\/08\/logo1.png","width":300,"height":169,"caption":"La Mer Deluxe Hotel & Spa"},"image":{"@id":"https:\/\/old.lamer-santorini.com\/#\/schema\/logo\/image\/"}}]}},"_links":{"self":[{"href":"https:\/\/old.lamer-santorini.com\/de\/wp-json\/wp\/v2\/pages\/1948","targetHints":{"allow":["GET"]}}],"collection":[{"href":"https:\/\/old.lamer-santorini.com\/de\/wp-json\/wp\/v2\/pages"}],"about":[{"href":"https:\/\/old.lamer-santorini.com\/de\/wp-json\/wp\/v2\/types\/page"}],"author":[{"embeddable":true,"href":"https:\/\/old.lamer-santorini.com\/de\/wp-json\/wp\/v2\/users\/2"}],"replies":[{"embeddable":true,"href":"https:\/\/old.lamer-santorini.com\/de\/wp-json\/wp\/v2\/comments?post=1948"}],"version-history":[{"count":6,"href":"https:\/\/old.lamer-santorini.com\/de\/wp-json\/wp\/v2\/pages\/1948\/revisions"}],"predecessor-version":[{"id":2614,"href":"https:\/\/old.lamer-santorini.com\/de\/wp-json\/wp\/v2\/pages\/1948\/revisions\/2614"}],"wp:attachment":[{"href":"https:\/\/old.lamer-santorini.com\/de\/wp-json\/wp\/v2\/media?parent=1948"}],"curies":[{"name":"wp","href":"https:\/\/api.w.org\/{rel}","templated":true}]}}