{"id":1954,"date":"2017-11-15T16:01:51","date_gmt":"2017-11-15T13:01:51","guid":{"rendered":"https:\/\/old.lamer-santorini.com\/?page_id=1954"},"modified":"2019-09-06T15:51:43","modified_gmt":"2019-09-06T12:51:43","slug":"portierdienst","status":"publish","type":"page","link":"https:\/\/old.lamer-santorini.com\/de\/portierdienst\/","title":{"rendered":"Portierdienst"},"content":{"rendered":"<div class=\"video-home\" style=\"padding-top: 80px; text-align: center;\"><iframe loading=\"lazy\" src=\"https:\/\/www.youtube.com\/embed\/V4-mqWJFIdA?rel=0&amp;autoplay=1&amp;mute=1\" width=\"100%\" height=\"750\" frameborder=\"0\" align=\"center\" allowfullscreen=\"allowfullscreen\"><\/iframe><\/div>\n<div class=\"my-text\" style=\"background-image: url('https:\/\/old.lamer-santorini.com\/wp-content\/uploads\/2017\/08\/stock-photo-\u2026on-santorini-island-greece-beautiful-landscape-with-sea-view-235716055.jpg'); background-size: cover;\">\n<h2 style=\"text-align: center;\">VIP- &amp; Portierdienst<\/h2>\n<h3 style=\"text-align: center;\">Alles \u00fcber Santorini und Ihre perfekte Flucht<\/h3>\n<div style=\"text-align: center;\">\n<p><span style=\"color: #ffffff;\">Urlaub in Santorini ist f\u00fcr viele Menschen der Traum eines Lebens. Die Insel ist bekannt f\u00fcr die beeindruckende Caldera, den Vulkan und den romantischen Sonnenuntergang. <\/span><\/p>\n<\/div>\n<div style=\"text-align: center;\"><span style=\"color: #ffffff;\">Das La Mer Deluxe Hotel &amp; Spa ist bekannt f\u00fcr seine hervorragende Lage, sein hervorragendes Ambiente und den hervorragenden Service. <\/span><\/div>\n<div style=\"text-align: center;\"><span style=\"color: #ffffff;\">W\u00e4hrend Ihres Aufenthaltes genie\u00dfen Sie ein auf Ihre pers\u00f6nlichen Bed\u00fcrfnisse und W\u00fcnsche zugeschnittenes Erlebnis.<\/span><\/div>\n<div style=\"text-align: center;\"><span style=\"color: #ffffff;\">Von dem Moment an, in dem Sie einchecken, ist es unser Ziel, Ihren Urlaub so zu gestalten und anzupassen, dass alle Ihre Erwartungen erf\u00fcllt werden.<\/span><\/div>\n<div style=\"text-align: center;\"><span style=\"color: #ffffff;\">Sie m\u00fcssen nur im Voraus planen und sich auf ein au\u00dfergew\u00f6hnliches, ma\u00dfgeschneidertes Erlebnis in Santorini vorbereiten.<\/span><\/div>\n<div style=\"text-align: center;\"><\/div>\n<h3 style=\"text-align: center;\">Infinity-M\u00f6glichkeiten und au\u00dfergew\u00f6hnliche Reisedienstleistungen<\/h3>\n<div style=\"text-align: center;\"><span style=\"color: #ffffff;\">Unser Portier-Team hilft Ihnen dabei, ein unvergleichliches Reiseerlebnis zu erleben, w\u00e4hrend Sie die bezaubernden Sch\u00e4tze Ihres Reiseziels entdecken. Vom Autoservice bis zur Planung von Geburtstagsfeiern ist unser Portier-Team ist bereit, Ihre Tr\u00e4ume zu verwirklichen und das Leben zu erleichtern.<\/span><\/div>\n<div style=\"text-align: center;\"><span style=\"color: #ffffff;\">Unser Service ist darauf ausgerichtet, die Bed\u00fcrfnisse der G\u00e4ste zu unterst\u00fctzen und sicherzustellen.<br \/>\nDie Serviceleistungen umfassen:<br \/>\nTransfer, Organisation von Aktivit\u00e4ten, Besichtigungstouren und Vorschl\u00e4ge f\u00fcr Reiserouten<br \/>\n.Zus\u00e4tzliche Aktivit\u00e4ten wie Tauchen, Kajakfahren, Windsurfen.<br \/>\n<\/span><\/div>\n<div style=\"text-align: center;\"><span style=\"color: #ffffff;\">Wir k\u00f6nnen Ihre Segelausfl\u00fcge zu den interessantesten und faszinierendsten Orten auf Santorini und zu den anderen benachbarten Inseln organisieren, die nur mit dem Boot erreichbar sind.<\/span><\/div>\n<div style=\"text-align: center;\"><span style=\"color: #ffffff;\">&nbsp;<\/span><\/div>\n<div style=\"text-align: center;\"><span style=\"color: #ffffff;\">Und lassen Sie Ihre Seele weiter reisen&#8230;<\/span><\/div>\n<\/div>\n<div><\/div>\n<div><img decoding=\"async\" class=\"aligncenter wp-image-909 size-full\" src=\"https:\/\/old.lamer-santorini.com\/wp-content\/uploads\/2017\/08\/shutterstock_235716055.jpg\" alt=\"\"><\/div>\n","protected":false},"excerpt":{"rendered":"<p>VIP- &amp; Portierdienst Alles \u00fcber Santorini und Ihre perfekte Flucht Urlaub in Santorini ist f\u00fcr viele Menschen der Traum eines Lebens. Die Insel ist bekannt f\u00fcr die beeindruckende Caldera, den Vulkan und den romantischen Sonnenuntergang. Das La Mer Deluxe Hotel &amp; Spa ist bekannt f\u00fcr seine hervorragende Lage, sein hervorragendes Ambiente und den hervorragenden Service. W\u00e4hrend Ihres Aufenthaltes genie\u00dfen Sie ein auf Ihre pers\u00f6nlichen Bed\u00fcrfnisse&#8230;<\/p>\n<div class=\"read-more-container\"><a class=\"more-link btn btn-default btn-sm read-more\" href=\"https:\/\/old.lamer-santorini.com\/de\/portierdienst\/\">Weiterlesen<\/a><\/div>\n","protected":false},"author":2,"featured_media":0,"parent":0,"menu_order":0,"comment_status":"closed","ping_status":"closed","template":"","meta":{"footnotes":""},"class_list":["post-1954","page","type-page","status-publish","hentry"],"yoast_head":"<!-- This site is optimized with the Yoast SEO plugin v26.5 - https:\/\/yoast.com\/wordpress\/plugins\/seo\/ -->\n<title>VIP &amp; Concierge Service Santorini | La Mer Deluxe Hotel &amp; Spa<\/title>\n<meta name=\"description\" content=\"Concierge auf Santorini: Urlaub auf Santorini ist f\u00fcr viele Menschen der Traum ihres Lebens. Da dies das beliebteste Reiseziel in Griechenland ist, ist die Insel ber\u00fchmt f\u00fcr die beeindruckende Caldera, den Vulkan und den romantischen Sonnenuntergang.\" \/>\n<meta name=\"robots\" content=\"index, follow, max-snippet:-1, max-image-preview:large, max-video-preview:-1\" \/>\n<link rel=\"canonical\" href=\"https:\/\/old.lamer-santorini.com\/de\/portierdienst\/\" \/>\n<meta property=\"og:locale\" content=\"de_DE\" \/>\n<meta property=\"og:type\" content=\"article\" \/>\n<meta property=\"og:title\" content=\"VIP &amp; Concierge Service Santorini | La Mer Deluxe Hotel &amp; Spa\" \/>\n<meta property=\"og:description\" content=\"Concierge auf Santorini: Urlaub auf Santorini ist f\u00fcr viele Menschen der Traum ihres Lebens. Da dies das beliebteste Reiseziel in Griechenland ist, ist die Insel ber\u00fchmt f\u00fcr die beeindruckende Caldera, den Vulkan und den romantischen Sonnenuntergang.\" \/>\n<meta property=\"og:url\" content=\"https:\/\/old.lamer-santorini.com\/de\/portierdienst\/\" \/>\n<meta property=\"og:site_name\" content=\"La Mer\" \/>\n<meta property=\"article:modified_time\" content=\"2019-09-06T12:51:43+00:00\" \/>\n<meta property=\"og:image\" content=\"https:\/\/old.lamer-santorini.com\/wp-content\/uploads\/2017\/08\/shutterstock_235716055.jpg\" \/>\n<meta name=\"twitter:card\" content=\"summary_large_image\" \/>\n<meta name=\"twitter:label1\" content=\"Gesch\u00e4tzte Lesezeit\" \/>\n\t<meta name=\"twitter:data1\" content=\"1\u00a0Minute\" \/>\n<script type=\"application\/ld+json\" class=\"yoast-schema-graph\">{\"@context\":\"https:\/\/schema.org\",\"@graph\":[{\"@type\":\"WebPage\",\"@id\":\"https:\/\/old.lamer-santorini.com\/de\/portierdienst\/\",\"url\":\"https:\/\/old.lamer-santorini.com\/de\/portierdienst\/\",\"name\":\"VIP & Concierge Service Santorini | La Mer Deluxe Hotel & Spa\",\"isPartOf\":{\"@id\":\"https:\/\/old.lamer-santorini.com\/#website\"},\"primaryImageOfPage\":{\"@id\":\"https:\/\/old.lamer-santorini.com\/de\/portierdienst\/#primaryimage\"},\"image\":{\"@id\":\"https:\/\/old.lamer-santorini.com\/de\/portierdienst\/#primaryimage\"},\"thumbnailUrl\":\"https:\/\/old.lamer-santorini.com\/wp-content\/uploads\/2017\/08\/shutterstock_235716055.jpg\",\"datePublished\":\"2017-11-15T13:01:51+00:00\",\"dateModified\":\"2019-09-06T12:51:43+00:00\",\"description\":\"Concierge auf Santorini: Urlaub auf Santorini ist f\u00fcr viele Menschen der Traum ihres Lebens. Da dies das beliebteste Reiseziel in Griechenland ist, ist die Insel ber\u00fchmt f\u00fcr die beeindruckende Caldera, den Vulkan und den romantischen Sonnenuntergang.\",\"breadcrumb\":{\"@id\":\"https:\/\/old.lamer-santorini.com\/de\/portierdienst\/#breadcrumb\"},\"inLanguage\":\"de\",\"potentialAction\":[{\"@type\":\"ReadAction\",\"target\":[\"https:\/\/old.lamer-santorini.com\/de\/portierdienst\/\"]}]},{\"@type\":\"ImageObject\",\"inLanguage\":\"de\",\"@id\":\"https:\/\/old.lamer-santorini.com\/de\/portierdienst\/#primaryimage\",\"url\":\"https:\/\/old.lamer-santorini.com\/wp-content\/uploads\/2017\/08\/shutterstock_235716055.jpg\",\"contentUrl\":\"https:\/\/old.lamer-santorini.com\/wp-content\/uploads\/2017\/08\/shutterstock_235716055.jpg\"},{\"@type\":\"BreadcrumbList\",\"@id\":\"https:\/\/old.lamer-santorini.com\/de\/portierdienst\/#breadcrumb\",\"itemListElement\":[{\"@type\":\"ListItem\",\"position\":1,\"name\":\"Home\",\"item\":\"https:\/\/old.lamer-santorini.com\/de\/\"},{\"@type\":\"ListItem\",\"position\":2,\"name\":\"Portierdienst\"}]},{\"@type\":\"WebSite\",\"@id\":\"https:\/\/old.lamer-santorini.com\/#website\",\"url\":\"https:\/\/old.lamer-santorini.com\/\",\"name\":\"La Mer\",\"description\":\"Deluxe Hotel & Spa Resort Kamari Santorini Greece | Book Online\",\"publisher\":{\"@id\":\"https:\/\/old.lamer-santorini.com\/#organization\"},\"potentialAction\":[{\"@type\":\"SearchAction\",\"target\":{\"@type\":\"EntryPoint\",\"urlTemplate\":\"https:\/\/old.lamer-santorini.com\/?s={search_term_string}\"},\"query-input\":{\"@type\":\"PropertyValueSpecification\",\"valueRequired\":true,\"valueName\":\"search_term_string\"}}],\"inLanguage\":\"de\"},{\"@type\":\"Organization\",\"@id\":\"https:\/\/old.lamer-santorini.com\/#organization\",\"name\":\"La Mer Deluxe Hotel & Spa\",\"url\":\"https:\/\/old.lamer-santorini.com\/\",\"logo\":{\"@type\":\"ImageObject\",\"inLanguage\":\"de\",\"@id\":\"https:\/\/old.lamer-santorini.com\/#\/schema\/logo\/image\/\",\"url\":\"https:\/\/old.lamer-santorini.com\/wp-content\/uploads\/2017\/08\/logo1.png\",\"contentUrl\":\"https:\/\/old.lamer-santorini.com\/wp-content\/uploads\/2017\/08\/logo1.png\",\"width\":300,\"height\":169,\"caption\":\"La Mer Deluxe Hotel & Spa\"},\"image\":{\"@id\":\"https:\/\/old.lamer-santorini.com\/#\/schema\/logo\/image\/\"}}]}<\/script>\n<!-- \/ Yoast SEO plugin. -->","yoast_head_json":{"title":"VIP & Concierge Service Santorini | La Mer Deluxe Hotel & Spa","description":"Concierge auf Santorini: Urlaub auf Santorini ist f\u00fcr viele Menschen der Traum ihres Lebens. Da dies das beliebteste Reiseziel in Griechenland ist, ist die Insel ber\u00fchmt f\u00fcr die beeindruckende Caldera, den Vulkan und den romantischen Sonnenuntergang.","robots":{"index":"index","follow":"follow","max-snippet":"max-snippet:-1","max-image-preview":"max-image-preview:large","max-video-preview":"max-video-preview:-1"},"canonical":"https:\/\/old.lamer-santorini.com\/de\/portierdienst\/","og_locale":"de_DE","og_type":"article","og_title":"VIP & Concierge Service Santorini | La Mer Deluxe Hotel & Spa","og_description":"Concierge auf Santorini: Urlaub auf Santorini ist f\u00fcr viele Menschen der Traum ihres Lebens. Da dies das beliebteste Reiseziel in Griechenland ist, ist die Insel ber\u00fchmt f\u00fcr die beeindruckende Caldera, den Vulkan und den romantischen Sonnenuntergang.","og_url":"https:\/\/old.lamer-santorini.com\/de\/portierdienst\/","og_site_name":"La Mer","article_modified_time":"2019-09-06T12:51:43+00:00","og_image":[{"url":"https:\/\/old.lamer-santorini.com\/wp-content\/uploads\/2017\/08\/shutterstock_235716055.jpg","type":"","width":"","height":""}],"twitter_card":"summary_large_image","twitter_misc":{"Gesch\u00e4tzte Lesezeit":"1\u00a0Minute"},"schema":{"@context":"https:\/\/schema.org","@graph":[{"@type":"WebPage","@id":"https:\/\/old.lamer-santorini.com\/de\/portierdienst\/","url":"https:\/\/old.lamer-santorini.com\/de\/portierdienst\/","name":"VIP & Concierge Service Santorini | La Mer Deluxe Hotel & Spa","isPartOf":{"@id":"https:\/\/old.lamer-santorini.com\/#website"},"primaryImageOfPage":{"@id":"https:\/\/old.lamer-santorini.com\/de\/portierdienst\/#primaryimage"},"image":{"@id":"https:\/\/old.lamer-santorini.com\/de\/portierdienst\/#primaryimage"},"thumbnailUrl":"https:\/\/old.lamer-santorini.com\/wp-content\/uploads\/2017\/08\/shutterstock_235716055.jpg","datePublished":"2017-11-15T13:01:51+00:00","dateModified":"2019-09-06T12:51:43+00:00","description":"Concierge auf Santorini: Urlaub auf Santorini ist f\u00fcr viele Menschen der Traum ihres Lebens. Da dies das beliebteste Reiseziel in Griechenland ist, ist die Insel ber\u00fchmt f\u00fcr die beeindruckende Caldera, den Vulkan und den romantischen Sonnenuntergang.","breadcrumb":{"@id":"https:\/\/old.lamer-santorini.com\/de\/portierdienst\/#breadcrumb"},"inLanguage":"de","potentialAction":[{"@type":"ReadAction","target":["https:\/\/old.lamer-santorini.com\/de\/portierdienst\/"]}]},{"@type":"ImageObject","inLanguage":"de","@id":"https:\/\/old.lamer-santorini.com\/de\/portierdienst\/#primaryimage","url":"https:\/\/old.lamer-santorini.com\/wp-content\/uploads\/2017\/08\/shutterstock_235716055.jpg","contentUrl":"https:\/\/old.lamer-santorini.com\/wp-content\/uploads\/2017\/08\/shutterstock_235716055.jpg"},{"@type":"BreadcrumbList","@id":"https:\/\/old.lamer-santorini.com\/de\/portierdienst\/#breadcrumb","itemListElement":[{"@type":"ListItem","position":1,"name":"Home","item":"https:\/\/old.lamer-santorini.com\/de\/"},{"@type":"ListItem","position":2,"name":"Portierdienst"}]},{"@type":"WebSite","@id":"https:\/\/old.lamer-santorini.com\/#website","url":"https:\/\/old.lamer-santorini.com\/","name":"La Mer","description":"Deluxe Hotel & Spa Resort Kamari Santorini Greece | Book Online","publisher":{"@id":"https:\/\/old.lamer-santorini.com\/#organization"},"potentialAction":[{"@type":"SearchAction","target":{"@type":"EntryPoint","urlTemplate":"https:\/\/old.lamer-santorini.com\/?s={search_term_string}"},"query-input":{"@type":"PropertyValueSpecification","valueRequired":true,"valueName":"search_term_string"}}],"inLanguage":"de"},{"@type":"Organization","@id":"https:\/\/old.lamer-santorini.com\/#organization","name":"La Mer Deluxe Hotel & Spa","url":"https:\/\/old.lamer-santorini.com\/","logo":{"@type":"ImageObject","inLanguage":"de","@id":"https:\/\/old.lamer-santorini.com\/#\/schema\/logo\/image\/","url":"https:\/\/old.lamer-santorini.com\/wp-content\/uploads\/2017\/08\/logo1.png","contentUrl":"https:\/\/old.lamer-santorini.com\/wp-content\/uploads\/2017\/08\/logo1.png","width":300,"height":169,"caption":"La Mer Deluxe Hotel & Spa"},"image":{"@id":"https:\/\/old.lamer-santorini.com\/#\/schema\/logo\/image\/"}}]}},"_links":{"self":[{"href":"https:\/\/old.lamer-santorini.com\/de\/wp-json\/wp\/v2\/pages\/1954","targetHints":{"allow":["GET"]}}],"collection":[{"href":"https:\/\/old.lamer-santorini.com\/de\/wp-json\/wp\/v2\/pages"}],"about":[{"href":"https:\/\/old.lamer-santorini.com\/de\/wp-json\/wp\/v2\/types\/page"}],"author":[{"embeddable":true,"href":"https:\/\/old.lamer-santorini.com\/de\/wp-json\/wp\/v2\/users\/2"}],"replies":[{"embeddable":true,"href":"https:\/\/old.lamer-santorini.com\/de\/wp-json\/wp\/v2\/comments?post=1954"}],"version-history":[{"count":5,"href":"https:\/\/old.lamer-santorini.com\/de\/wp-json\/wp\/v2\/pages\/1954\/revisions"}],"predecessor-version":[{"id":2608,"href":"https:\/\/old.lamer-santorini.com\/de\/wp-json\/wp\/v2\/pages\/1954\/revisions\/2608"}],"wp:attachment":[{"href":"https:\/\/old.lamer-santorini.com\/de\/wp-json\/wp\/v2\/media?parent=1954"}],"curies":[{"name":"wp","href":"https:\/\/api.w.org\/{rel}","templated":true}]}}