{"id":1960,"date":"2018-02-01T14:43:20","date_gmt":"2018-02-01T11:43:20","guid":{"rendered":"https:\/\/old.lamer-santorini.com\/?page_id=1960"},"modified":"2023-05-05T14:48:13","modified_gmt":"2023-05-05T11:48:13","slug":"la-mer-deluxe-spa-wellness","status":"publish","type":"page","link":"https:\/\/old.lamer-santorini.com\/de\/la-mer-deluxe-spa-wellness\/","title":{"rendered":"La Mer Deluxe Spa &#038; Wellness"},"content":{"rendered":"<p>\n\t\t\t\t<section id=\"welcome-section\" class=\"simple \">\n\t\t\t\t\t<div class=\"inner-container container\">\n\t\t\t\t\t\t<div class=\"l-sec \">\n\t\t\t\t\t\t\t<div class=\"ravis-title-t-1\">\n\t\t\t\t\t\t\t\t<div class=\"title\"><span>La Mer Deluxe Spa &amp; Wellness<\/span><\/div>\n\t\t\t\t\t\t\t\t<div class=\"sub-title\">Genuss ... Entspannung und Gelassenheit<\/div>\n\t\t\t\t\t\t\t<\/div>\n\t\t\t\t\t\t\t<div class=\"content\"><\/div><\/div>\n\t\t\t\t\t<\/div>\n\t\t\t\t<\/section><br \/>\nWir haben alles, was Sie wirklich brauchen, um in unserem Fitnessstudio und Spa fit und gesund zu bleiben.<\/p>\n<div>Willkommen in einem Himmel von Entspannung, in dem K\u00f6rper und Seele in v\u00f6lliger Gelassenheit gen\u00e4hrt werden. In ruhiger, pers\u00f6nlicher Umgebung werden wirksame Massagen und K\u00f6rperpflegebehandlungen angewandt &#8211; alles in einer ruhigen Umgebung mit sanften Aromen und D\u00fcften.<\/div>\n<div>Viele unserer Behandlungen verbinden die lokalen botanischen Ressourcen mit den traditionellen, spirituellen und physischen Heilk\u00fcnsten. Executive-Packages sind wirksam zur Linderung von Stress, zur Bek\u00e4mpfung von Schlaflosigkeit, zur Verringerung der psychischen Erm\u00fcdung und zur Linderung von Muskel- und Gelenkschmerzen. Lassen Sie sich die Hautporen in der Sauna \u00f6ffnen und bereiten Sie Ihren K\u00f6rper auf das ultimative Verw\u00f6hnprogramm vor. Gl\u00e4tte, Geschmeidigkeit und K\u00f6rperenergie werden durch die Anwendung unserer Luxusprodukte wiederhergestellt. Sie appellieren an alle Menschen und stellen die anspruchsvollsten G\u00e4ste zufrieden.<\/div>\n<div>Unsere Wellnesseinrichtungen umfassen:\u00a0<img loading=\"lazy\" decoding=\"async\" class=\"alignright wp-image-552\" src=\"https:\/\/old.lamer-santorini.com\/wp-content\/uploads\/2017\/11\/5830361a874a4a5332d0ff6d-large-300x200.jpg\" alt=\"Santorini Spa &amp; Wellness | La Mer Deluxe Hotel &amp; Spa\" width=\"500\" height=\"334\" srcset=\"https:\/\/old.lamer-santorini.com\/wp-content\/uploads\/2017\/11\/5830361a874a4a5332d0ff6d-large-300x200.jpg 300w, https:\/\/old.lamer-santorini.com\/wp-content\/uploads\/2017\/11\/5830361a874a4a5332d0ff6d-large-768x513.jpg 768w, https:\/\/old.lamer-santorini.com\/wp-content\/uploads\/2017\/11\/5830361a874a4a5332d0ff6d-large-1024x684.jpg 1024w, https:\/\/old.lamer-santorini.com\/wp-content\/uploads\/2017\/11\/5830361a874a4a5332d0ff6d-large.jpg 1920w\" sizes=\"auto, (max-width: 500px) 100vw, 500px\" \/><\/div>\n<ul>\n<li>Innen-Jacuzzi<\/li>\n<li>Innenpool<\/li>\n<li>Sauna<\/li>\n<li>K\u00f6rpermassagen<\/li>\n<li>Gesichtsbehandlungen<\/li>\n<\/ul>\n<p>Der Zugang zum Innenpool und zum Innen-Whirlpool ist kostenlos.<\/p>\n<p><a style=\"color: #d2bd7f;\" href=\"https:\/\/old.lamer-santorini.com\/wp-content\/uploads\/2017\/08\/SPA-MENU.pdf\" target=\"_blank\" rel=\"noopener noreferrer\">Sehen Sie hier unser SPA-Men\u00fc<\/a><\/p>\n\n<div class=\"wpcf7 no-js\" id=\"wpcf7-f2015-o1\" lang=\"en-US\" dir=\"ltr\" data-wpcf7-id=\"2015\">\n<div class=\"screen-reader-response\"><p role=\"status\" aria-live=\"polite\" aria-atomic=\"true\"><\/p> <ul><\/ul><\/div>\n<form action=\"\/de\/wp-json\/wp\/v2\/pages\/1960#wpcf7-f2015-o1\" method=\"post\" class=\"wpcf7-form init\" aria-label=\"Contact form\" novalidate=\"novalidate\" data-status=\"init\">\n<fieldset class=\"hidden-fields-container\"><input type=\"hidden\" name=\"_wpcf7\" value=\"2015\" \/><input type=\"hidden\" name=\"_wpcf7_version\" value=\"6.1.4\" \/><input type=\"hidden\" name=\"_wpcf7_locale\" value=\"en_US\" \/><input type=\"hidden\" name=\"_wpcf7_unit_tag\" value=\"wpcf7-f2015-o1\" \/><input type=\"hidden\" name=\"_wpcf7_container_post\" value=\"0\" \/><input type=\"hidden\" name=\"_wpcf7_posted_data_hash\" value=\"\" \/><input type=\"hidden\" name=\"_wpcf7_recaptcha_response\" value=\"\" \/>\n<\/fieldset>\n<div class=\"field-row\">\n\t<p>Wenn Sie \u00fcber Ihre personenbezogenen Daten informiert werden m\u00f6chten, die auf der Grundlage der neuen europ\u00e4ischen Datenschutzverordnung (DSGVO) \u00fcber den Umgang mit personenbezogenen Daten von EU-B\u00fcrgern gespeichert sind, k\u00f6nnen Sie uns eine E-Mail senden.\n\t<\/p>\n<\/div>\n<div class=\"field-row\">\n\t<p><span class=\"wpcf7-form-control-wrap\" data-name=\"text-788\"><input size=\"40\" maxlength=\"400\" class=\"wpcf7-form-control wpcf7-text wpcf7-validates-as-required\" aria-required=\"true\" aria-invalid=\"false\" placeholder=\"Vollst\u00e4ndiger Name\" value=\"\" type=\"text\" name=\"text-788\" \/><\/span>\n\t<\/p>\n<\/div>\n<div class=\"field-row\">\n\t<p><span class=\"wpcf7-form-control-wrap\" data-name=\"email-357\"><input size=\"40\" maxlength=\"400\" class=\"wpcf7-form-control wpcf7-email wpcf7-validates-as-required wpcf7-text wpcf7-validates-as-email\" aria-required=\"true\" aria-invalid=\"false\" placeholder=\"Email\" value=\"\" type=\"email\" name=\"email-357\" \/><\/span>\n\t<\/p>\n<\/div>\n<div class=\"field-row\">\n\t<p><span class=\"wpcf7-form-control-wrap\" data-name=\"text-792\"><input size=\"40\" maxlength=\"400\" class=\"wpcf7-form-control wpcf7-text wpcf7-validates-as-required\" aria-required=\"true\" aria-invalid=\"false\" placeholder=\"Telefon\" value=\"\" type=\"text\" name=\"text-792\" \/><\/span>\n\t<\/p>\n<\/div>\n<div class=\"field-row\">\n\t<p><span class=\"wpcf7-form-control-wrap\" data-name=\"date-907\"><input class=\"wpcf7-form-control wpcf7-date wpcf7-validates-as-required wpcf7-validates-as-date\" aria-required=\"true\" aria-invalid=\"false\" value=\"\" type=\"date\" name=\"date-907\" \/><\/span>\n\t<\/p>\n<\/div>\n<div class=\"field-row\">\n\t<p><span class=\"wpcf7-form-control-wrap\" data-name=\"text-791\"><input size=\"40\" maxlength=\"400\" class=\"wpcf7-form-control wpcf7-text wpcf7-validates-as-required\" aria-required=\"true\" aria-invalid=\"false\" placeholder=\"Betreff\" value=\"\" type=\"text\" name=\"text-791\" \/><\/span>\n\t<\/p>\n<\/div>\n<div class=\"field-row\">\n\t<p><span class=\"wpcf7-form-control-wrap\" data-name=\"textarea-547\"><textarea cols=\"40\" rows=\"10\" maxlength=\"2000\" class=\"wpcf7-form-control wpcf7-textarea wpcf7-validates-as-required\" aria-required=\"true\" aria-invalid=\"false\" placeholder=\"Deine Nachricht\" name=\"textarea-547\"><\/textarea><\/span>\n\t<\/p>\n<\/div>\n<div class=\"field-row\">\n\t<p><span class=\"wpcf7-form-control-wrap\" data-name=\"gdpr-acceptance\"><span class=\"wpcf7-form-control wpcf7-acceptance\"><span class=\"wpcf7-list-item\"><label><input type=\"checkbox\" name=\"gdpr-acceptance\" value=\"1\" aria-invalid=\"false\" \/><span class=\"wpcf7-list-item-label\">Bitte kreuzen Sie an, dass Ihre Daten in \u00dcbereinstimmung mit den Richtlinien der neuen Europ\u00e4ischen Datenschutzverordnung (DSGVO) zum Umgang mit personenbezogenen Daten von EU-B\u00fcrgern gespeichert werden sollen<\/span><\/label><\/span><\/span><\/span>\n\t<\/p>\n<\/div>\n<div class=\"field-row\">\n\t<p><input class=\"wpcf7-form-control wpcf7-submit has-spinner\" type=\"submit\" value=\"Anfrage\" \/>\n\t<\/p>\n<\/div><input type='hidden' class='wpcf7-pum' value='{\"closepopup\":false,\"closedelay\":0,\"openpopup\":false,\"openpopup_id\":0}' \/><div class=\"wpcf7-response-output\" aria-hidden=\"true\"><\/div>\n<\/form>\n<\/div>\n\n","protected":false},"excerpt":{"rendered":"<p>Wir haben alles, was Sie wirklich brauchen, um in unserem Fitnessstudio und Spa fit und gesund zu bleiben. Willkommen in einem Himmel von Entspannung, in dem K\u00f6rper und Seele in v\u00f6lliger Gelassenheit gen\u00e4hrt werden. In ruhiger, pers\u00f6nlicher Umgebung werden wirksame Massagen und K\u00f6rperpflegebehandlungen angewandt &#8211; alles in einer ruhigen Umgebung mit sanften Aromen und D\u00fcften. Viele unserer Behandlungen verbinden die lokalen botanischen Ressourcen mit den&#8230;<\/p>\n<div class=\"read-more-container\"><a class=\"more-link btn btn-default btn-sm read-more\" href=\"https:\/\/old.lamer-santorini.com\/de\/la-mer-deluxe-spa-wellness\/\">Weiterlesen<\/a><\/div>\n","protected":false},"author":2,"featured_media":0,"parent":0,"menu_order":0,"comment_status":"closed","ping_status":"closed","template":"","meta":{"footnotes":""},"class_list":["post-1960","page","type-page","status-publish","hentry"],"yoast_head":"<!-- This site is optimized with the Yoast SEO plugin v26.5 - https:\/\/yoast.com\/wordpress\/plugins\/seo\/ -->\n<title>Santorini Spa &amp; Wellness | La Mer Deluxe Hotel &amp; Spa<\/title>\n<meta name=\"description\" content=\"Santorini Spa: Luxuri\u00f6se Spa- und Wellnesseinrichtungen in Kamari, Santorini. Erleben Sie das 5 Sterne Hotel Spa des La Mer Deluxe Hotel &amp; Spa.\" \/>\n<meta name=\"robots\" content=\"index, follow, max-snippet:-1, max-image-preview:large, max-video-preview:-1\" \/>\n<link rel=\"canonical\" href=\"https:\/\/old.lamer-santorini.com\/de\/la-mer-deluxe-spa-wellness\/\" \/>\n<meta property=\"og:locale\" content=\"de_DE\" \/>\n<meta property=\"og:type\" content=\"article\" \/>\n<meta property=\"og:title\" content=\"Santorini Spa &amp; Wellness | La Mer Deluxe Hotel &amp; Spa\" \/>\n<meta property=\"og:description\" content=\"Santorini Spa: Luxuri\u00f6se Spa- und Wellnesseinrichtungen in Kamari, Santorini. Erleben Sie das 5 Sterne Hotel Spa des La Mer Deluxe Hotel &amp; Spa.\" \/>\n<meta property=\"og:url\" content=\"https:\/\/old.lamer-santorini.com\/de\/la-mer-deluxe-spa-wellness\/\" \/>\n<meta property=\"og:site_name\" content=\"La Mer\" \/>\n<meta property=\"article:modified_time\" content=\"2023-05-05T11:48:13+00:00\" \/>\n<meta property=\"og:image\" content=\"https:\/\/old.lamer-santorini.com\/wp-content\/uploads\/2017\/11\/5830361a874a4a5332d0ff6d-large-300x200.jpg\" \/>\n<meta name=\"twitter:card\" content=\"summary_large_image\" \/>\n<meta name=\"twitter:label1\" content=\"Gesch\u00e4tzte Lesezeit\" \/>\n\t<meta name=\"twitter:data1\" content=\"1\u00a0Minute\" \/>\n<script type=\"application\/ld+json\" class=\"yoast-schema-graph\">{\"@context\":\"https:\/\/schema.org\",\"@graph\":[{\"@type\":\"WebPage\",\"@id\":\"https:\/\/old.lamer-santorini.com\/de\/la-mer-deluxe-spa-wellness\/\",\"url\":\"https:\/\/old.lamer-santorini.com\/de\/la-mer-deluxe-spa-wellness\/\",\"name\":\"Santorini Spa & Wellness | La Mer Deluxe Hotel & Spa\",\"isPartOf\":{\"@id\":\"https:\/\/old.lamer-santorini.com\/#website\"},\"primaryImageOfPage\":{\"@id\":\"https:\/\/old.lamer-santorini.com\/de\/la-mer-deluxe-spa-wellness\/#primaryimage\"},\"image\":{\"@id\":\"https:\/\/old.lamer-santorini.com\/de\/la-mer-deluxe-spa-wellness\/#primaryimage\"},\"thumbnailUrl\":\"https:\/\/old.lamer-santorini.com\/wp-content\/uploads\/2017\/11\/5830361a874a4a5332d0ff6d-large-300x200.jpg\",\"datePublished\":\"2018-02-01T11:43:20+00:00\",\"dateModified\":\"2023-05-05T11:48:13+00:00\",\"description\":\"Santorini Spa: Luxuri\u00f6se Spa- und Wellnesseinrichtungen in Kamari, Santorini. Erleben Sie das 5 Sterne Hotel Spa des La Mer Deluxe Hotel & Spa.\",\"breadcrumb\":{\"@id\":\"https:\/\/old.lamer-santorini.com\/de\/la-mer-deluxe-spa-wellness\/#breadcrumb\"},\"inLanguage\":\"de\",\"potentialAction\":[{\"@type\":\"ReadAction\",\"target\":[\"https:\/\/old.lamer-santorini.com\/de\/la-mer-deluxe-spa-wellness\/\"]}]},{\"@type\":\"ImageObject\",\"inLanguage\":\"de\",\"@id\":\"https:\/\/old.lamer-santorini.com\/de\/la-mer-deluxe-spa-wellness\/#primaryimage\",\"url\":\"https:\/\/old.lamer-santorini.com\/wp-content\/uploads\/2017\/11\/5830361a874a4a5332d0ff6d-large-300x200.jpg\",\"contentUrl\":\"https:\/\/old.lamer-santorini.com\/wp-content\/uploads\/2017\/11\/5830361a874a4a5332d0ff6d-large-300x200.jpg\"},{\"@type\":\"BreadcrumbList\",\"@id\":\"https:\/\/old.lamer-santorini.com\/de\/la-mer-deluxe-spa-wellness\/#breadcrumb\",\"itemListElement\":[{\"@type\":\"ListItem\",\"position\":1,\"name\":\"Home\",\"item\":\"https:\/\/old.lamer-santorini.com\/de\/\"},{\"@type\":\"ListItem\",\"position\":2,\"name\":\"La Mer Deluxe Spa &#038; Wellness\"}]},{\"@type\":\"WebSite\",\"@id\":\"https:\/\/old.lamer-santorini.com\/#website\",\"url\":\"https:\/\/old.lamer-santorini.com\/\",\"name\":\"La Mer\",\"description\":\"Deluxe Hotel & Spa Resort Kamari Santorini Greece | Book Online\",\"publisher\":{\"@id\":\"https:\/\/old.lamer-santorini.com\/#organization\"},\"potentialAction\":[{\"@type\":\"SearchAction\",\"target\":{\"@type\":\"EntryPoint\",\"urlTemplate\":\"https:\/\/old.lamer-santorini.com\/?s={search_term_string}\"},\"query-input\":{\"@type\":\"PropertyValueSpecification\",\"valueRequired\":true,\"valueName\":\"search_term_string\"}}],\"inLanguage\":\"de\"},{\"@type\":\"Organization\",\"@id\":\"https:\/\/old.lamer-santorini.com\/#organization\",\"name\":\"La Mer Deluxe Hotel & Spa\",\"url\":\"https:\/\/old.lamer-santorini.com\/\",\"logo\":{\"@type\":\"ImageObject\",\"inLanguage\":\"de\",\"@id\":\"https:\/\/old.lamer-santorini.com\/#\/schema\/logo\/image\/\",\"url\":\"https:\/\/old.lamer-santorini.com\/wp-content\/uploads\/2017\/08\/logo1.png\",\"contentUrl\":\"https:\/\/old.lamer-santorini.com\/wp-content\/uploads\/2017\/08\/logo1.png\",\"width\":300,\"height\":169,\"caption\":\"La Mer Deluxe Hotel & Spa\"},\"image\":{\"@id\":\"https:\/\/old.lamer-santorini.com\/#\/schema\/logo\/image\/\"}}]}<\/script>\n<!-- \/ Yoast SEO plugin. -->","yoast_head_json":{"title":"Santorini Spa & Wellness | La Mer Deluxe Hotel & Spa","description":"Santorini Spa: Luxuri\u00f6se Spa- und Wellnesseinrichtungen in Kamari, Santorini. Erleben Sie das 5 Sterne Hotel Spa des La Mer Deluxe Hotel & Spa.","robots":{"index":"index","follow":"follow","max-snippet":"max-snippet:-1","max-image-preview":"max-image-preview:large","max-video-preview":"max-video-preview:-1"},"canonical":"https:\/\/old.lamer-santorini.com\/de\/la-mer-deluxe-spa-wellness\/","og_locale":"de_DE","og_type":"article","og_title":"Santorini Spa & Wellness | La Mer Deluxe Hotel & Spa","og_description":"Santorini Spa: Luxuri\u00f6se Spa- und Wellnesseinrichtungen in Kamari, Santorini. Erleben Sie das 5 Sterne Hotel Spa des La Mer Deluxe Hotel & Spa.","og_url":"https:\/\/old.lamer-santorini.com\/de\/la-mer-deluxe-spa-wellness\/","og_site_name":"La Mer","article_modified_time":"2023-05-05T11:48:13+00:00","og_image":[{"url":"https:\/\/old.lamer-santorini.com\/wp-content\/uploads\/2017\/11\/5830361a874a4a5332d0ff6d-large-300x200.jpg","type":"","width":"","height":""}],"twitter_card":"summary_large_image","twitter_misc":{"Gesch\u00e4tzte Lesezeit":"1\u00a0Minute"},"schema":{"@context":"https:\/\/schema.org","@graph":[{"@type":"WebPage","@id":"https:\/\/old.lamer-santorini.com\/de\/la-mer-deluxe-spa-wellness\/","url":"https:\/\/old.lamer-santorini.com\/de\/la-mer-deluxe-spa-wellness\/","name":"Santorini Spa & Wellness | La Mer Deluxe Hotel & Spa","isPartOf":{"@id":"https:\/\/old.lamer-santorini.com\/#website"},"primaryImageOfPage":{"@id":"https:\/\/old.lamer-santorini.com\/de\/la-mer-deluxe-spa-wellness\/#primaryimage"},"image":{"@id":"https:\/\/old.lamer-santorini.com\/de\/la-mer-deluxe-spa-wellness\/#primaryimage"},"thumbnailUrl":"https:\/\/old.lamer-santorini.com\/wp-content\/uploads\/2017\/11\/5830361a874a4a5332d0ff6d-large-300x200.jpg","datePublished":"2018-02-01T11:43:20+00:00","dateModified":"2023-05-05T11:48:13+00:00","description":"Santorini Spa: Luxuri\u00f6se Spa- und Wellnesseinrichtungen in Kamari, Santorini. Erleben Sie das 5 Sterne Hotel Spa des La Mer Deluxe Hotel & Spa.","breadcrumb":{"@id":"https:\/\/old.lamer-santorini.com\/de\/la-mer-deluxe-spa-wellness\/#breadcrumb"},"inLanguage":"de","potentialAction":[{"@type":"ReadAction","target":["https:\/\/old.lamer-santorini.com\/de\/la-mer-deluxe-spa-wellness\/"]}]},{"@type":"ImageObject","inLanguage":"de","@id":"https:\/\/old.lamer-santorini.com\/de\/la-mer-deluxe-spa-wellness\/#primaryimage","url":"https:\/\/old.lamer-santorini.com\/wp-content\/uploads\/2017\/11\/5830361a874a4a5332d0ff6d-large-300x200.jpg","contentUrl":"https:\/\/old.lamer-santorini.com\/wp-content\/uploads\/2017\/11\/5830361a874a4a5332d0ff6d-large-300x200.jpg"},{"@type":"BreadcrumbList","@id":"https:\/\/old.lamer-santorini.com\/de\/la-mer-deluxe-spa-wellness\/#breadcrumb","itemListElement":[{"@type":"ListItem","position":1,"name":"Home","item":"https:\/\/old.lamer-santorini.com\/de\/"},{"@type":"ListItem","position":2,"name":"La Mer Deluxe Spa &#038; Wellness"}]},{"@type":"WebSite","@id":"https:\/\/old.lamer-santorini.com\/#website","url":"https:\/\/old.lamer-santorini.com\/","name":"La Mer","description":"Deluxe Hotel & Spa Resort Kamari Santorini Greece | Book Online","publisher":{"@id":"https:\/\/old.lamer-santorini.com\/#organization"},"potentialAction":[{"@type":"SearchAction","target":{"@type":"EntryPoint","urlTemplate":"https:\/\/old.lamer-santorini.com\/?s={search_term_string}"},"query-input":{"@type":"PropertyValueSpecification","valueRequired":true,"valueName":"search_term_string"}}],"inLanguage":"de"},{"@type":"Organization","@id":"https:\/\/old.lamer-santorini.com\/#organization","name":"La Mer Deluxe Hotel & Spa","url":"https:\/\/old.lamer-santorini.com\/","logo":{"@type":"ImageObject","inLanguage":"de","@id":"https:\/\/old.lamer-santorini.com\/#\/schema\/logo\/image\/","url":"https:\/\/old.lamer-santorini.com\/wp-content\/uploads\/2017\/08\/logo1.png","contentUrl":"https:\/\/old.lamer-santorini.com\/wp-content\/uploads\/2017\/08\/logo1.png","width":300,"height":169,"caption":"La Mer Deluxe Hotel & Spa"},"image":{"@id":"https:\/\/old.lamer-santorini.com\/#\/schema\/logo\/image\/"}}]}},"_links":{"self":[{"href":"https:\/\/old.lamer-santorini.com\/de\/wp-json\/wp\/v2\/pages\/1960","targetHints":{"allow":["GET"]}}],"collection":[{"href":"https:\/\/old.lamer-santorini.com\/de\/wp-json\/wp\/v2\/pages"}],"about":[{"href":"https:\/\/old.lamer-santorini.com\/de\/wp-json\/wp\/v2\/types\/page"}],"author":[{"embeddable":true,"href":"https:\/\/old.lamer-santorini.com\/de\/wp-json\/wp\/v2\/users\/2"}],"replies":[{"embeddable":true,"href":"https:\/\/old.lamer-santorini.com\/de\/wp-json\/wp\/v2\/comments?post=1960"}],"version-history":[{"count":7,"href":"https:\/\/old.lamer-santorini.com\/de\/wp-json\/wp\/v2\/pages\/1960\/revisions"}],"predecessor-version":[{"id":2814,"href":"https:\/\/old.lamer-santorini.com\/de\/wp-json\/wp\/v2\/pages\/1960\/revisions\/2814"}],"wp:attachment":[{"href":"https:\/\/old.lamer-santorini.com\/de\/wp-json\/wp\/v2\/media?parent=1960"}],"curies":[{"name":"wp","href":"https:\/\/api.w.org\/{rel}","templated":true}]}}