{"id":1892,"date":"2019-01-08T14:25:57","date_gmt":"2019-01-08T11:25:57","guid":{"rendered":"https:\/\/old.lamer-santorini.com\/?page_id=1892"},"modified":"2019-09-06T16:22:53","modified_gmt":"2019-09-06T13:22:53","slug":"chambres-suites","status":"publish","type":"page","link":"https:\/\/old.lamer-santorini.com\/fr\/chambres-suites\/","title":{"rendered":"Chambres &#038; Suites"},"content":{"rendered":"\n\t\t\t\t<section id=\"rooms-section\" class=\"row-view\">\n\t\t\t\t\t<div class=\"inner-container container\">\n\t\t\t\t\t\t<div class=\"ravis-title-t-2\">\n\t\t\t\t\t\t\t<div class=\"title\"><span>Chambre Deluxe<\/span><\/div>\n\t\t\t\t\t\t\t<div class=\"sub-title\"><\/div>\n\t\t\t\t\t\t<\/div><div class=\"desc\">La Mer Deluxe Hotel &amp; Spa atteint un bel \u00e9quilibre entre confort, luxe et style. Toutes les chambres et suites sont con\u00e7ues pour incarner une esth\u00e9tique de l\u2019\u00eele contemporaine minimaliste, tout en restant fid\u00e8le au caract\u00e8re et \u00e0 l\u2019architecture traditionnelle des \u00eeles des Cyclades. Toutes les commodit\u00e9s modernes sont fournies pour assurer une exp\u00e9rience confortable, tandis que d\u2019excellentes touches de luxe sont ajout\u00e9es comme des baignoires Jacuzzi int\u00e9rieures ou ext\u00e9rieures. Pour un s\u00e9jour vraiment m\u00e9morable, notre h\u00e9bergement vous offre tous les conforts que vous \u00eates en droit d\u2019attendre d\u2019un h\u00f4tel cinq \u00e9toiles. <\/div><div class=\"room-container clearfix\">\n\t\t\t\t\t\t\t<div class=\"room-box row animated-box\" data-animation=\"fadeInUp\">\n\t\t\t\t\t\t\t\t<div class=\"col-md-4 room-img\" data-bg-img=\"https:\/\/old.lamer-santorini.com\/wp-content\/uploads\/2017\/08\/58303c48874a4a9b32d0ff6d-large.jpg\">\n\t\t\t\t\t\t\t\t\t<a href=\"https:\/\/old.lamer-santorini.com\/fr\/rooms\/suite-royale\/\" class=\"more-info-url\"><\/a>\n\t\t\t\t\t\t\t\t<\/div>\n\t\t\t\t\t\t\t\t<div class=\"r-sec col-md-8\">\n\t\t\t\t\t\t\t\t\t<div class=\"col-md-6 m-sec\">\n\t\t\t\t\t\t\t\t\t\t<div class=\"title-box\">\n\t\t\t\t\t\t\t\t\t\t\t<div class=\"title\">Suite royale<\/div>\n\t\t\t\t\t\t\t\t\t\t\t<div class=\"price\">\n\t\t\t\t\t\t\t\t\t\t\t\t<div class=\"title\">Starting from :<\/div>\n\t\t\t\t\t\t\t\t\t\t\t\t<div class=\"value\">0\u20ac<\/div>\n\t\t\t\t\t\t\t\t\t\t\t<\/div>\n\t\t\t\t\t\t\t\t\t\t<\/div>\n\t\t\t\t\t\t\t\t\t\t<div class=\"amenities\">\n\t\t\t\t\t\t\t\t\t\t\t<ul class=\"list-inline clearfix\">\n\t\t\t\t\t\t\t\t\t\t\t\t<li class=\"col-md-12\">\n\t\t\t\t\t\t\t\t\t\t\t\t\t<div class=\"title\">Installations :<\/div>\n\t\t\t\t\t\t\t\t\t\t\t\t\t<div class=\"value\">Connexion Internet Wifi\u2013Gratuit, Jacuzzi ext\u00e9rieur, Peignoirs, Produits de bain, Coffre-fort, S\u00e8che-cheveux, Mini bar, TV, Installations de salle de bain priv\u00e9e, Installations de salle de bain priv\u00e9e, Installations de salle de bain priv\u00e9e, Balcon ou terrasse, Chaussons de bain, Miroir rasage\/beaut\u00e9<\/div>\n\t\t\t\t\t\t\t\t\t\t\t\t<\/li>\n\t\t\t\t\t\t\t\t\t\t\t<\/ul>\n\t\t\t\t\t\t\t\t\t\t<\/div>\n\t\t\t\t\t\t\t\t\t\t<a href=\"https:\/\/old.lamer-santorini.com\/fr\/rooms\/suite-royale\/\" class=\"more-info\">Lire la suite<\/a>\n\t\t\t\t\t\t\t\t\t<\/div>\n\t\t\t\t\t\t\t\t\t<div class=\"col-md-6 desc\">La suite royale, \u00e9l\u00e9gamment meubl\u00e9e, dispose d\u2019un jacuzzi ext\u00e9rieur priv\u00e9,  d\u2019un balcon spacieux et d\u2019un grand salon. Le design modern et la lumi\u00e8re naturelle composent le choix id\u00e9al pour les couples visitant l\u2019\u00eele de Santorin. <\/div>\n\t\t\t\t\t\t\t\t<\/div>\n\t\t\t\t\t\t\t<\/div>\n\t\t\t\t\t\t\t<div class=\"room-box row animated-box\" data-animation=\"fadeInUp\">\n\t\t\t\t\t\t\t\t<div class=\"col-md-4 room-img\" data-bg-img=\"https:\/\/old.lamer-santorini.com\/wp-content\/uploads\/2017\/08\/59e1cea35545063d4e72c216-large.jpg\">\n\t\t\t\t\t\t\t\t\t<a href=\"https:\/\/old.lamer-santorini.com\/fr\/rooms\/honeymoon-suite-avec-jacuzzi\/\" class=\"more-info-url\"><\/a>\n\t\t\t\t\t\t\t\t<\/div>\n\t\t\t\t\t\t\t\t<div class=\"r-sec col-md-8\">\n\t\t\t\t\t\t\t\t\t<div class=\"col-md-6 m-sec\">\n\t\t\t\t\t\t\t\t\t\t<div class=\"title-box\">\n\t\t\t\t\t\t\t\t\t\t\t<div class=\"title\">Honeymoon suite avec jacuzzi<\/div>\n\t\t\t\t\t\t\t\t\t\t\t<div class=\"price\">\n\t\t\t\t\t\t\t\t\t\t\t\t<div class=\"title\">Starting from :<\/div>\n\t\t\t\t\t\t\t\t\t\t\t\t<div class=\"value\">0\u20ac<\/div>\n\t\t\t\t\t\t\t\t\t\t\t<\/div>\n\t\t\t\t\t\t\t\t\t\t<\/div>\n\t\t\t\t\t\t\t\t\t\t<div class=\"amenities\">\n\t\t\t\t\t\t\t\t\t\t\t<ul class=\"list-inline clearfix\">\n\t\t\t\t\t\t\t\t\t\t\t\t<li class=\"col-md-12\">\n\t\t\t\t\t\t\t\t\t\t\t\t\t<div class=\"title\">Installations :<\/div>\n\t\t\t\t\t\t\t\t\t\t\t\t\t<div class=\"value\">Connexion Internet Wifi\u2013Gratuit, Jacuzzi ext\u00e9rieur, Peignoirs, Produits de bain, Coffre-fort, S\u00e8che-cheveux, Mini bar, TV, A\/C, Serviettes de piscine, Installations de salle de bain priv\u00e9e, Balcon ou terrasse, Chaussons de bain, Miroir rasage\/beaut\u00e9<\/div>\n\t\t\t\t\t\t\t\t\t\t\t\t<\/li>\n\t\t\t\t\t\t\t\t\t\t\t<\/ul>\n\t\t\t\t\t\t\t\t\t\t<\/div>\n\t\t\t\t\t\t\t\t\t\t<a href=\"https:\/\/old.lamer-santorini.com\/fr\/rooms\/honeymoon-suite-avec-jacuzzi\/\" class=\"more-info\">Lire la suite<\/a>\n\t\t\t\t\t\t\t\t\t<\/div>\n\t\t\t\t\t\t\t\t\t<div class=\"col-md-6 desc\">La luxueuse suite Honeymoon dispose d\u2019un jacuzzi int\u00e9rieur avec un ensemble complet d\u2019\u00e9quipements et d\u2019installations assurant un s\u00e9jour m\u00e9morable.   <\/div>\n\t\t\t\t\t\t\t\t<\/div>\n\t\t\t\t\t\t\t<\/div>\n\t\t\t\t\t\t\t<div class=\"room-box row animated-box\" data-animation=\"fadeInUp\">\n\t\t\t\t\t\t\t\t<div class=\"col-md-4 room-img\" data-bg-img=\"https:\/\/old.lamer-santorini.com\/wp-content\/uploads\/2017\/08\/582c4f36874a4a6a06d0ff6c-large.jpg\">\n\t\t\t\t\t\t\t\t\t<a href=\"https:\/\/old.lamer-santorini.com\/fr\/rooms\/suite-de-luxe-avec-jacuzzi\/\" class=\"more-info-url\"><\/a>\n\t\t\t\t\t\t\t\t<\/div>\n\t\t\t\t\t\t\t\t<div class=\"r-sec col-md-8\">\n\t\t\t\t\t\t\t\t\t<div class=\"col-md-6 m-sec\">\n\t\t\t\t\t\t\t\t\t\t<div class=\"title-box\">\n\t\t\t\t\t\t\t\t\t\t\t<div class=\"title\">Suite de luxe avec jacuzzi<\/div>\n\t\t\t\t\t\t\t\t\t\t\t<div class=\"price\">\n\t\t\t\t\t\t\t\t\t\t\t\t<div class=\"title\">Starting from :<\/div>\n\t\t\t\t\t\t\t\t\t\t\t\t<div class=\"value\">0\u20ac<\/div>\n\t\t\t\t\t\t\t\t\t\t\t<\/div>\n\t\t\t\t\t\t\t\t\t\t<\/div>\n\t\t\t\t\t\t\t\t\t\t<div class=\"amenities\">\n\t\t\t\t\t\t\t\t\t\t\t<ul class=\"list-inline clearfix\">\n\t\t\t\t\t\t\t\t\t\t\t\t<li class=\"col-md-12\">\n\t\t\t\t\t\t\t\t\t\t\t\t\t<div class=\"title\">Installations :<\/div>\n\t\t\t\t\t\t\t\t\t\t\t\t\t<div class=\"value\">Connexion Internet Wifi\u2013Gratuit, T\u00e9l\u00e9phone, Peignoirs, Produits de bain, Coffre-fort, S\u00e8che-cheveux, Mini bar, TV, A\/C, Serviettes de piscine, Installations de salle de bain priv\u00e9e, Balcon ou terrasse, Chaussons de bain, Jacuzzi ext\u00e9rieur, Miroir rasage\/beaut\u00e9<\/div>\n\t\t\t\t\t\t\t\t\t\t\t\t<\/li>\n\t\t\t\t\t\t\t\t\t\t\t<\/ul>\n\t\t\t\t\t\t\t\t\t\t<\/div>\n\t\t\t\t\t\t\t\t\t\t<a href=\"https:\/\/old.lamer-santorini.com\/fr\/rooms\/suite-de-luxe-avec-jacuzzi\/\" class=\"more-info\">Lire la suite<\/a>\n\t\t\t\t\t\t\t\t\t<\/div>\n\t\t\t\t\t\t\t\t\t<div class=\"col-md-6 desc\">Disposant de nombreux \u00e9quipements et confort de luxe,  ces belles chambres garantissent un s\u00e9jour agr\u00e9able \u00e0 Santorin. Les chambres de luxe disposent d\u2019un balcon ou d\u2019une terrasse spacieux et d\u2019un jacuzzi ext\u00e9rieur priv\u00e9. <\/div>\n\t\t\t\t\t\t\t\t<\/div>\n\t\t\t\t\t\t\t<\/div>\n\t\t\t\t\t\t\t<div class=\"room-box row animated-box\" data-animation=\"fadeInUp\">\n\t\t\t\t\t\t\t\t<div class=\"col-md-4 room-img\" data-bg-img=\"https:\/\/old.lamer-santorini.com\/wp-content\/uploads\/2017\/08\/5996fc9c554506122532dcfc-large.jpg\">\n\t\t\t\t\t\t\t\t\t<a href=\"https:\/\/old.lamer-santorini.com\/fr\/rooms\/suite-avec-canape-convertible\/\" class=\"more-info-url\"><\/a>\n\t\t\t\t\t\t\t\t<\/div>\n\t\t\t\t\t\t\t\t<div class=\"r-sec col-md-8\">\n\t\t\t\t\t\t\t\t\t<div class=\"col-md-6 m-sec\">\n\t\t\t\t\t\t\t\t\t\t<div class=\"title-box\">\n\t\t\t\t\t\t\t\t\t\t\t<div class=\"title\">Suite avec canap\u00e9 convertible<\/div>\n\t\t\t\t\t\t\t\t\t\t\t<div class=\"price\">\n\t\t\t\t\t\t\t\t\t\t\t\t<div class=\"title\">Starting from :<\/div>\n\t\t\t\t\t\t\t\t\t\t\t\t<div class=\"value\">0\u20ac<\/div>\n\t\t\t\t\t\t\t\t\t\t\t<\/div>\n\t\t\t\t\t\t\t\t\t\t<\/div>\n\t\t\t\t\t\t\t\t\t\t<div class=\"amenities\">\n\t\t\t\t\t\t\t\t\t\t\t<ul class=\"list-inline clearfix\">\n\t\t\t\t\t\t\t\t\t\t\t\t<li class=\"col-md-12\">\n\t\t\t\t\t\t\t\t\t\t\t\t\t<div class=\"title\">Installations :<\/div>\n\t\t\t\t\t\t\t\t\t\t\t\t\t<div class=\"value\">Connexion Internet Wifi\u2013Gratuit, T\u00e9l\u00e9phone, Peignoirs, Produits de bain, Coffre-fort, S\u00e8che-cheveux, Mini bar, TV, A\/C, Serviettes de piscine, Installations de salle de bain priv\u00e9e, Balcon ou terrasse, Chaussons de bain, Miroir rasage\/beaut\u00e9<\/div>\n\t\t\t\t\t\t\t\t\t\t\t\t<\/li>\n\t\t\t\t\t\t\t\t\t\t\t<\/ul>\n\t\t\t\t\t\t\t\t\t\t<\/div>\n\t\t\t\t\t\t\t\t\t\t<a href=\"https:\/\/old.lamer-santorini.com\/fr\/rooms\/suite-avec-canape-convertible\/\" class=\"more-info\">Lire la suite<\/a>\n\t\t\t\t\t\t\t\t\t<\/div>\n\t\t\t\t\t\t\t\t\t<div class=\"col-md-6 desc\">Choisissez une de nos suites modernes pour une exp\u00e9rience exclusive! Les tons blancs et le design minimaliste composent l\u2019int\u00e9rieur de cette suite confortable. Les Suites avec canap\u00e9 convertible dispose d\u2019une chambre spacieuse, un salon s\u00e9par\u00e9 et une terrasse priv\u00e9e avec vue sur la piscine. <\/div>\n\t\t\t\t\t\t\t\t<\/div>\n\t\t\t\t\t\t\t<\/div>\n\t\t\t\t\t\t\t<div class=\"room-box row animated-box\" data-animation=\"fadeInUp\">\n\t\t\t\t\t\t\t\t<div class=\"col-md-4 room-img\" data-bg-img=\"https:\/\/old.lamer-santorini.com\/wp-content\/uploads\/2017\/08\/59949f94554506a07836d74e-large.jpg\">\n\t\t\t\t\t\t\t\t\t<a href=\"https:\/\/old.lamer-santorini.com\/fr\/rooms\/chambre-executive\/\" class=\"more-info-url\"><\/a>\n\t\t\t\t\t\t\t\t<\/div>\n\t\t\t\t\t\t\t\t<div class=\"r-sec col-md-8\">\n\t\t\t\t\t\t\t\t\t<div class=\"col-md-6 m-sec\">\n\t\t\t\t\t\t\t\t\t\t<div class=\"title-box\">\n\t\t\t\t\t\t\t\t\t\t\t<div class=\"title\">Chambre Ex\u00e9cutive<\/div>\n\t\t\t\t\t\t\t\t\t\t\t<div class=\"price\">\n\t\t\t\t\t\t\t\t\t\t\t\t<div class=\"title\">Starting from :<\/div>\n\t\t\t\t\t\t\t\t\t\t\t\t<div class=\"value\">0\u20ac<\/div>\n\t\t\t\t\t\t\t\t\t\t\t<\/div>\n\t\t\t\t\t\t\t\t\t\t<\/div>\n\t\t\t\t\t\t\t\t\t\t<div class=\"amenities\">\n\t\t\t\t\t\t\t\t\t\t\t<ul class=\"list-inline clearfix\">\n\t\t\t\t\t\t\t\t\t\t\t\t<li class=\"col-md-12\">\n\t\t\t\t\t\t\t\t\t\t\t\t\t<div class=\"title\">Installations :<\/div>\n\t\t\t\t\t\t\t\t\t\t\t\t\t<div class=\"value\">Connexion Internet Wifi\u2013Gratuit, T\u00e9l\u00e9phone, Peignoirs, Produits de bain, Coffre-fort, S\u00e8che-cheveux, Mini bar, TV, A\/C, Serviettes de piscine, Installations de salle de bain priv\u00e9e, Balcon ou terrasse, Chaussons de bain<\/div>\n\t\t\t\t\t\t\t\t\t\t\t\t<\/li>\n\t\t\t\t\t\t\t\t\t\t\t<\/ul>\n\t\t\t\t\t\t\t\t\t\t<\/div>\n\t\t\t\t\t\t\t\t\t\t<a href=\"https:\/\/old.lamer-santorini.com\/fr\/rooms\/chambre-executive\/\" class=\"more-info\">Lire la suite<\/a>\n\t\t\t\t\t\t\t\t\t<\/div>\n\t\t\t\t\t\t\t\t\t<div class=\"col-md-6 desc\">Chambre \u00e9l\u00e9gante \u00e0 l\u2019architecture traditionnelle et aux tons de terre blancs. Cette chambre offre calme et confort \u00e0 nos clients. Situ\u00e9 au premier \u00e9tage, il dispose d\u2019un balcon priv\u00e9 avec vue sur la piscine ou le terrain. <\/div>\n\t\t\t\t\t\t\t\t<\/div>\n\t\t\t\t\t\t\t<\/div>\n\t\t\t\t\t\t\t<div class=\"room-box row animated-box\" data-animation=\"fadeInUp\">\n\t\t\t\t\t\t\t\t<div class=\"col-md-4 room-img\" data-bg-img=\"https:\/\/old.lamer-santorini.com\/wp-content\/uploads\/2017\/08\/582c41e3874a4a0105d0ff6c-large.jpg\">\n\t\t\t\t\t\t\t\t\t<a href=\"https:\/\/old.lamer-santorini.com\/fr\/rooms\/chambre-standard\/\" class=\"more-info-url\"><\/a>\n\t\t\t\t\t\t\t\t<\/div>\n\t\t\t\t\t\t\t\t<div class=\"r-sec col-md-8\">\n\t\t\t\t\t\t\t\t\t<div class=\"col-md-6 m-sec\">\n\t\t\t\t\t\t\t\t\t\t<div class=\"title-box\">\n\t\t\t\t\t\t\t\t\t\t\t<div class=\"title\">Chambre Standard<\/div>\n\t\t\t\t\t\t\t\t\t\t\t<div class=\"price\">\n\t\t\t\t\t\t\t\t\t\t\t\t<div class=\"title\">Starting from :<\/div>\n\t\t\t\t\t\t\t\t\t\t\t\t<div class=\"value\">0\u20ac<\/div>\n\t\t\t\t\t\t\t\t\t\t\t<\/div>\n\t\t\t\t\t\t\t\t\t\t<\/div>\n\t\t\t\t\t\t\t\t\t\t<div class=\"amenities\">\n\t\t\t\t\t\t\t\t\t\t\t<ul class=\"list-inline clearfix\">\n\t\t\t\t\t\t\t\t\t\t\t\t<li class=\"col-md-12\">\n\t\t\t\t\t\t\t\t\t\t\t\t\t<div class=\"title\">Installations :<\/div>\n\t\t\t\t\t\t\t\t\t\t\t\t\t<div class=\"value\">Connexion Internet Wifi\u2013Gratuit, T\u00e9l\u00e9phone, Peignoirs, Produits de bain, Coffre-fort, S\u00e8che-cheveux, Mini bar, TV, A\/C, Serviettes de piscine, Installations de salle de bain priv\u00e9e, Balcon ou terrasse, Chaussons de bain<\/div>\n\t\t\t\t\t\t\t\t\t\t\t\t<\/li>\n\t\t\t\t\t\t\t\t\t\t\t<\/ul>\n\t\t\t\t\t\t\t\t\t\t<\/div>\n\t\t\t\t\t\t\t\t\t\t<a href=\"https:\/\/old.lamer-santorini.com\/fr\/rooms\/chambre-standard\/\" class=\"more-info\">Lire la suite<\/a>\n\t\t\t\t\t\t\t\t\t<\/div>\n\t\t\t\t\t\t\t\t\t<div class=\"col-md-6 desc\">Alliant \u00e9l\u00e9gance et confort, le Standard Double ou Chambre Twin offre tous les conforts modernes pour un s\u00e9jour relaxant. Les chambres de ce type sont situ\u00e9es au rez-de-chauss\u00e9e et disposent de terrasses avec vue sur la piscine. <\/div>\n\t\t\t\t\t\t\t\t<\/div>\n\t\t\t\t\t\t\t<\/div><\/div>\n\t\t\t\t\t<\/div>\n\t\t\t\t<\/section>\n","protected":false},"excerpt":{"rendered":"","protected":false},"author":2,"featured_media":0,"parent":0,"menu_order":0,"comment_status":"closed","ping_status":"closed","template":"","meta":{"footnotes":""},"class_list":["post-1892","page","type-page","status-publish","hentry"],"yoast_head":"<!-- This site is optimized with the Yoast SEO plugin v26.5 - https:\/\/yoast.com\/wordpress\/plugins\/seo\/ -->\n<title>Chambres &amp; Suites | La Mer Deluxe Hotel &amp; Spa<\/title>\n<meta name=\"description\" content=\"La Mer Deluxe H\u00f4tel &amp; Spa r\u00e9alise un bel \u00e9quilibre entre confort, luxe et style. Toutes les chambres et suites sont con\u00e7ues pour incarner une esth\u00e9tique de l&#039;\u00eele contemporaine minimaliste, tout en restant fid\u00e8les au caract\u00e8re et \u00e0 l&#039;architecture traditionnels des \u00eeles des Cyclades.\" \/>\n<meta name=\"robots\" content=\"index, follow, max-snippet:-1, max-image-preview:large, max-video-preview:-1\" \/>\n<link rel=\"canonical\" href=\"https:\/\/old.lamer-santorini.com\/fr\/chambres-suites\/\" \/>\n<meta property=\"og:locale\" content=\"fr_FR\" \/>\n<meta property=\"og:type\" content=\"article\" \/>\n<meta property=\"og:title\" content=\"Chambres &amp; Suites | La Mer Deluxe Hotel &amp; Spa\" \/>\n<meta property=\"og:description\" content=\"La Mer Deluxe H\u00f4tel &amp; Spa r\u00e9alise un bel \u00e9quilibre entre confort, luxe et style. Toutes les chambres et suites sont con\u00e7ues pour incarner une esth\u00e9tique de l&#039;\u00eele contemporaine minimaliste, tout en restant fid\u00e8les au caract\u00e8re et \u00e0 l&#039;architecture traditionnels des \u00eeles des Cyclades.\" \/>\n<meta property=\"og:url\" content=\"https:\/\/old.lamer-santorini.com\/fr\/chambres-suites\/\" \/>\n<meta property=\"og:site_name\" content=\"La Mer\" \/>\n<meta property=\"article:modified_time\" content=\"2019-09-06T13:22:53+00:00\" \/>\n<meta name=\"twitter:card\" content=\"summary_large_image\" \/>\n<meta name=\"twitter:label1\" content=\"Dur\u00e9e de lecture estim\u00e9e\" \/>\n\t<meta name=\"twitter:data1\" content=\"1 minute\" \/>\n<script type=\"application\/ld+json\" class=\"yoast-schema-graph\">{\"@context\":\"https:\/\/schema.org\",\"@graph\":[{\"@type\":\"WebPage\",\"@id\":\"https:\/\/old.lamer-santorini.com\/fr\/chambres-suites\/\",\"url\":\"https:\/\/old.lamer-santorini.com\/fr\/chambres-suites\/\",\"name\":\"Chambres & Suites | La Mer Deluxe Hotel & Spa\",\"isPartOf\":{\"@id\":\"https:\/\/old.lamer-santorini.com\/#website\"},\"datePublished\":\"2019-01-08T11:25:57+00:00\",\"dateModified\":\"2019-09-06T13:22:53+00:00\",\"description\":\"La Mer Deluxe H\u00f4tel & Spa r\u00e9alise un bel \u00e9quilibre entre confort, luxe et style. Toutes les chambres et suites sont con\u00e7ues pour incarner une esth\u00e9tique de l'\u00eele contemporaine minimaliste, tout en restant fid\u00e8les au caract\u00e8re et \u00e0 l'architecture traditionnels des \u00eeles des Cyclades.\",\"breadcrumb\":{\"@id\":\"https:\/\/old.lamer-santorini.com\/fr\/chambres-suites\/#breadcrumb\"},\"inLanguage\":\"fr-FR\",\"potentialAction\":[{\"@type\":\"ReadAction\",\"target\":[\"https:\/\/old.lamer-santorini.com\/fr\/chambres-suites\/\"]}]},{\"@type\":\"BreadcrumbList\",\"@id\":\"https:\/\/old.lamer-santorini.com\/fr\/chambres-suites\/#breadcrumb\",\"itemListElement\":[{\"@type\":\"ListItem\",\"position\":1,\"name\":\"Home\",\"item\":\"https:\/\/old.lamer-santorini.com\/fr\/\"},{\"@type\":\"ListItem\",\"position\":2,\"name\":\"Chambres &#038; Suites\"}]},{\"@type\":\"WebSite\",\"@id\":\"https:\/\/old.lamer-santorini.com\/#website\",\"url\":\"https:\/\/old.lamer-santorini.com\/\",\"name\":\"La Mer\",\"description\":\"Deluxe Hotel & Spa Resort Kamari Santorini Greece | Book Online\",\"publisher\":{\"@id\":\"https:\/\/old.lamer-santorini.com\/#organization\"},\"potentialAction\":[{\"@type\":\"SearchAction\",\"target\":{\"@type\":\"EntryPoint\",\"urlTemplate\":\"https:\/\/old.lamer-santorini.com\/?s={search_term_string}\"},\"query-input\":{\"@type\":\"PropertyValueSpecification\",\"valueRequired\":true,\"valueName\":\"search_term_string\"}}],\"inLanguage\":\"fr-FR\"},{\"@type\":\"Organization\",\"@id\":\"https:\/\/old.lamer-santorini.com\/#organization\",\"name\":\"La Mer Deluxe Hotel & Spa\",\"url\":\"https:\/\/old.lamer-santorini.com\/\",\"logo\":{\"@type\":\"ImageObject\",\"inLanguage\":\"fr-FR\",\"@id\":\"https:\/\/old.lamer-santorini.com\/#\/schema\/logo\/image\/\",\"url\":\"https:\/\/old.lamer-santorini.com\/wp-content\/uploads\/2017\/08\/logo1.png\",\"contentUrl\":\"https:\/\/old.lamer-santorini.com\/wp-content\/uploads\/2017\/08\/logo1.png\",\"width\":300,\"height\":169,\"caption\":\"La Mer Deluxe Hotel & Spa\"},\"image\":{\"@id\":\"https:\/\/old.lamer-santorini.com\/#\/schema\/logo\/image\/\"}}]}<\/script>\n<!-- \/ Yoast SEO plugin. -->","yoast_head_json":{"title":"Chambres & Suites | La Mer Deluxe Hotel & Spa","description":"La Mer Deluxe H\u00f4tel & Spa r\u00e9alise un bel \u00e9quilibre entre confort, luxe et style. Toutes les chambres et suites sont con\u00e7ues pour incarner une esth\u00e9tique de l'\u00eele contemporaine minimaliste, tout en restant fid\u00e8les au caract\u00e8re et \u00e0 l'architecture traditionnels des \u00eeles des Cyclades.","robots":{"index":"index","follow":"follow","max-snippet":"max-snippet:-1","max-image-preview":"max-image-preview:large","max-video-preview":"max-video-preview:-1"},"canonical":"https:\/\/old.lamer-santorini.com\/fr\/chambres-suites\/","og_locale":"fr_FR","og_type":"article","og_title":"Chambres & Suites | La Mer Deluxe Hotel & Spa","og_description":"La Mer Deluxe H\u00f4tel & Spa r\u00e9alise un bel \u00e9quilibre entre confort, luxe et style. Toutes les chambres et suites sont con\u00e7ues pour incarner une esth\u00e9tique de l'\u00eele contemporaine minimaliste, tout en restant fid\u00e8les au caract\u00e8re et \u00e0 l'architecture traditionnels des \u00eeles des Cyclades.","og_url":"https:\/\/old.lamer-santorini.com\/fr\/chambres-suites\/","og_site_name":"La Mer","article_modified_time":"2019-09-06T13:22:53+00:00","twitter_card":"summary_large_image","twitter_misc":{"Dur\u00e9e de lecture estim\u00e9e":"1 minute"},"schema":{"@context":"https:\/\/schema.org","@graph":[{"@type":"WebPage","@id":"https:\/\/old.lamer-santorini.com\/fr\/chambres-suites\/","url":"https:\/\/old.lamer-santorini.com\/fr\/chambres-suites\/","name":"Chambres & Suites | La Mer Deluxe Hotel & Spa","isPartOf":{"@id":"https:\/\/old.lamer-santorini.com\/#website"},"datePublished":"2019-01-08T11:25:57+00:00","dateModified":"2019-09-06T13:22:53+00:00","description":"La Mer Deluxe H\u00f4tel & Spa r\u00e9alise un bel \u00e9quilibre entre confort, luxe et style. Toutes les chambres et suites sont con\u00e7ues pour incarner une esth\u00e9tique de l'\u00eele contemporaine minimaliste, tout en restant fid\u00e8les au caract\u00e8re et \u00e0 l'architecture traditionnels des \u00eeles des Cyclades.","breadcrumb":{"@id":"https:\/\/old.lamer-santorini.com\/fr\/chambres-suites\/#breadcrumb"},"inLanguage":"fr-FR","potentialAction":[{"@type":"ReadAction","target":["https:\/\/old.lamer-santorini.com\/fr\/chambres-suites\/"]}]},{"@type":"BreadcrumbList","@id":"https:\/\/old.lamer-santorini.com\/fr\/chambres-suites\/#breadcrumb","itemListElement":[{"@type":"ListItem","position":1,"name":"Home","item":"https:\/\/old.lamer-santorini.com\/fr\/"},{"@type":"ListItem","position":2,"name":"Chambres &#038; Suites"}]},{"@type":"WebSite","@id":"https:\/\/old.lamer-santorini.com\/#website","url":"https:\/\/old.lamer-santorini.com\/","name":"La Mer","description":"Deluxe Hotel & Spa Resort Kamari Santorini Greece | Book Online","publisher":{"@id":"https:\/\/old.lamer-santorini.com\/#organization"},"potentialAction":[{"@type":"SearchAction","target":{"@type":"EntryPoint","urlTemplate":"https:\/\/old.lamer-santorini.com\/?s={search_term_string}"},"query-input":{"@type":"PropertyValueSpecification","valueRequired":true,"valueName":"search_term_string"}}],"inLanguage":"fr-FR"},{"@type":"Organization","@id":"https:\/\/old.lamer-santorini.com\/#organization","name":"La Mer Deluxe Hotel & Spa","url":"https:\/\/old.lamer-santorini.com\/","logo":{"@type":"ImageObject","inLanguage":"fr-FR","@id":"https:\/\/old.lamer-santorini.com\/#\/schema\/logo\/image\/","url":"https:\/\/old.lamer-santorini.com\/wp-content\/uploads\/2017\/08\/logo1.png","contentUrl":"https:\/\/old.lamer-santorini.com\/wp-content\/uploads\/2017\/08\/logo1.png","width":300,"height":169,"caption":"La Mer Deluxe Hotel & Spa"},"image":{"@id":"https:\/\/old.lamer-santorini.com\/#\/schema\/logo\/image\/"}}]}},"_links":{"self":[{"href":"https:\/\/old.lamer-santorini.com\/fr\/wp-json\/wp\/v2\/pages\/1892","targetHints":{"allow":["GET"]}}],"collection":[{"href":"https:\/\/old.lamer-santorini.com\/fr\/wp-json\/wp\/v2\/pages"}],"about":[{"href":"https:\/\/old.lamer-santorini.com\/fr\/wp-json\/wp\/v2\/types\/page"}],"author":[{"embeddable":true,"href":"https:\/\/old.lamer-santorini.com\/fr\/wp-json\/wp\/v2\/users\/2"}],"replies":[{"embeddable":true,"href":"https:\/\/old.lamer-santorini.com\/fr\/wp-json\/wp\/v2\/comments?post=1892"}],"version-history":[{"count":4,"href":"https:\/\/old.lamer-santorini.com\/fr\/wp-json\/wp\/v2\/pages\/1892\/revisions"}],"predecessor-version":[{"id":2617,"href":"https:\/\/old.lamer-santorini.com\/fr\/wp-json\/wp\/v2\/pages\/1892\/revisions\/2617"}],"wp:attachment":[{"href":"https:\/\/old.lamer-santorini.com\/fr\/wp-json\/wp\/v2\/media?parent=1892"}],"curies":[{"name":"wp","href":"https:\/\/api.w.org\/{rel}","templated":true}]}}