{"id":1897,"date":"2019-01-08T14:30:39","date_gmt":"2019-01-08T11:30:39","guid":{"rendered":"https:\/\/old.lamer-santorini.com\/?page_id=1897"},"modified":"2023-07-07T15:11:00","modified_gmt":"2023-07-07T12:11:00","slug":"contactez-nous","status":"publish","type":"page","link":"https:\/\/old.lamer-santorini.com\/fr\/contactez-nous\/","title":{"rendered":"Contactez Nous"},"content":{"rendered":"<section id=\"contact-section\">\n<div class=\"inner-container container\">\n<div class=\"t-sec\">\n<div class=\"content\">\n<div class=\"ravis-title-t-2\">\n<div class=\"title\"><span>Contactez-nous<\/span><\/div>\n<div class=\"sub-title\">D\u00e9couvrez toutes les informations sur notre h\u00f4tel<\/div>\n<\/p><\/div>\n<\/p><\/div>\n<div class=\"contact-info\">\n<div class=\"contact-inf-box\">\n<div class=\"icon-box\">\n\t\t\t\t\t\t\t\t\t\t\t<i class=\"fa fa-home\"><\/i>\n\t\t\t\t\t\t\t\t\t\t<\/div>\n<div class=\"text\">La Mer Deluxe Hotel &amp; Spa, Kamari, Santorini 84700, Greece<\/div>\n<\/p><\/div>\n<div class=\"contact-inf-box\">\n<div class=\"icon-box\">\n\t\t\t\t\t\t\t\t\t\t\t\t<i class=\"fa fa-envelope\"><\/i>\n\t\t\t\t\t\t\t\t\t\t\t<\/div>\n<div class=\"text\"><a style=\"color:#d2bd7f\" href=\"mailto:info@lamer-santorini.com\" target=\"_self\" rel=\"noopener\">info@lamer-santorini.com<\/a><\/div>\n<\/p><\/div>\n<div class=\"contact-inf-box\">\n<div class=\"icon-box\">\n\t\t\t\t\t\t\t\t\t\t\t<i class=\"fa fa-phone\"><\/i>\n\t\t\t\t\t\t\t\t\t\t<\/div>\n<div class=\"text\"><a style=\"color:#d2bd7f\" href=\"tel:\/\/+30 22860 32061\"> +30 22860 32061<\/a><\/div>\n<\/p><\/div>\n<div class=\"contact-inf-box\">\n<div class=\"icon-box\">\n\t\t\t\t\t\t\t\t\t\t\t<i class=\"fa fa-fax\"><\/i>\n\t\t\t\t\t\t\t\t\t\t<\/div>\n<div class=\"text\"><a style=\"color:#d2bd7f\" href=\"tel:\/\/+30 22860 32031\"> +30 22860 32031<\/a><\/div>\n<\/p><\/div>\n<\/p><\/div>\n<\/p><\/div>\n<div class=\"swd_map_edit\"><iframe src=\"https:\/\/www.google.com\/maps\/embed?pb=!1m18!1m12!1m3!1d3212.2325649740633!2d25.483541115278094!3d36.379363680037436!2m3!1f0!2f0!3f0!3m2!1i1024!2i768!4f13.1!3m3!1m2!1s0x1499d1ddc220134d%3A0xb5e9e89a020221f6!2sLa%20Mer%20Deluxe%20Hotel%20%26%20Spa!5e0!3m2!1sen!2sgr!4v1688730704875!5m2!1sen!2sgr\" width=\"100%\" height=\"450\" style=\"border:0; \" allowfullscreen=\"\" loading=\"lazy\" referrerpolicy=\"no-referrer-when-downgrade\"><\/iframe><\/div>\n<div class=\"container\" style=\"margin-bottom: 50px;\">\n<div class=\"wpcf7 no-js\" id=\"wpcf7-f2179-o1\" lang=\"en-US\" dir=\"ltr\" data-wpcf7-id=\"2179\">\n<div class=\"screen-reader-response\"><p role=\"status\" aria-live=\"polite\" aria-atomic=\"true\"><\/p> <ul><\/ul><\/div>\n<form action=\"\/fr\/wp-json\/wp\/v2\/pages\/1897#wpcf7-f2179-o1\" method=\"post\" class=\"wpcf7-form init\" aria-label=\"Contact form\" novalidate=\"novalidate\" data-status=\"init\">\n<fieldset class=\"hidden-fields-container\"><input type=\"hidden\" name=\"_wpcf7\" value=\"2179\" \/><input type=\"hidden\" name=\"_wpcf7_version\" value=\"6.1.4\" \/><input type=\"hidden\" name=\"_wpcf7_locale\" value=\"en_US\" \/><input type=\"hidden\" name=\"_wpcf7_unit_tag\" value=\"wpcf7-f2179-o1\" \/><input type=\"hidden\" name=\"_wpcf7_container_post\" value=\"0\" \/><input type=\"hidden\" name=\"_wpcf7_posted_data_hash\" value=\"\" \/><input type=\"hidden\" name=\"_wpcf7_recaptcha_response\" value=\"\" \/>\n<\/fieldset>\n<div class=\"field-row\">\n\t<p>Si vous souhaitez d'\u00eatre inform\u00e9 de votre information personnelle stock\u00e9e sur la base du nouveau r\u00e8glement g\u00e9n\u00e9ral europ\u00e9en sur la protection des donn\u00e9es (GDPR) concernant le traitement des donn\u00e9es personnelles des r\u00e9sidents d\u2019UE, vous pouvez nous envoyer un e-mail.\n\t<\/p>\n<\/div>\n<div class=\"field-row\">\n\t<p><span class=\"wpcf7-form-control-wrap\" data-name=\"text-788\"><input size=\"40\" maxlength=\"400\" class=\"wpcf7-form-control wpcf7-text wpcf7-validates-as-required\" aria-required=\"true\" aria-invalid=\"false\" placeholder=\"Pr\u00e9nom\" value=\"\" type=\"text\" name=\"text-788\" \/><\/span>\n\t<\/p>\n<\/div>\n<div class=\"field-row\">\n\t<p><span class=\"wpcf7-form-control-wrap\" data-name=\"text-789\"><input size=\"40\" maxlength=\"400\" class=\"wpcf7-form-control wpcf7-text wpcf7-validates-as-required\" aria-required=\"true\" aria-invalid=\"false\" placeholder=\"Nom\" value=\"\" type=\"text\" name=\"text-789\" \/><\/span>\n\t<\/p>\n<\/div>\n<div class=\"field-row\">\n\t<p><span class=\"wpcf7-form-control-wrap\" data-name=\"text-790\"><input size=\"40\" maxlength=\"400\" class=\"wpcf7-form-control wpcf7-text wpcf7-validates-as-required\" aria-required=\"true\" aria-invalid=\"false\" placeholder=\"Nationalit\u00e9\" value=\"\" type=\"text\" name=\"text-790\" \/><\/span>\n\t<\/p>\n<\/div>\n<div class=\"field-row\">\n\t<p><span class=\"wpcf7-form-control-wrap\" data-name=\"email-357\"><input size=\"40\" maxlength=\"400\" class=\"wpcf7-form-control wpcf7-email wpcf7-validates-as-required wpcf7-text wpcf7-validates-as-email\" aria-required=\"true\" aria-invalid=\"false\" placeholder=\"Email\" value=\"\" type=\"email\" name=\"email-357\" \/><\/span>\n\t<\/p>\n<\/div>\n<div class=\"field-row\">\n\t<p><span class=\"wpcf7-form-control-wrap\" data-name=\"text-792\"><input size=\"40\" maxlength=\"400\" class=\"wpcf7-form-control wpcf7-text wpcf7-validates-as-required\" aria-required=\"true\" aria-invalid=\"false\" placeholder=\"T\u00e9l\u00e9phone\" value=\"\" type=\"text\" name=\"text-792\" \/><\/span>\n\t<\/p>\n<\/div>\n<div class=\"field-row\">\n\t<p><span class=\"wpcf7-form-control-wrap\" data-name=\"text-791\"><input size=\"40\" maxlength=\"400\" class=\"wpcf7-form-control wpcf7-text wpcf7-validates-as-required\" aria-required=\"true\" aria-invalid=\"false\" placeholder=\"Sujet\" value=\"\" type=\"text\" name=\"text-791\" \/><\/span>\n\t<\/p>\n<\/div>\n<div class=\"field-row\">\n\t<p><span class=\"wpcf7-form-control-wrap\" data-name=\"textarea-547\"><textarea cols=\"40\" rows=\"10\" maxlength=\"2000\" class=\"wpcf7-form-control wpcf7-textarea wpcf7-validates-as-required\" aria-required=\"true\" aria-invalid=\"false\" placeholder=\"Votre message\" name=\"textarea-547\"><\/textarea><\/span>\n\t<\/p>\n<\/div>\n<div class=\"field-row\">\n\t<p><span class=\"wpcf7-form-control-wrap\" data-name=\"gdpr-acceptance\"><span class=\"wpcf7-form-control wpcf7-acceptance\"><span class=\"wpcf7-list-item\"><label><input type=\"checkbox\" name=\"gdpr-acceptance\" value=\"1\" aria-invalid=\"false\" \/><span class=\"wpcf7-list-item-label\">Cochez la cage pour autoriser le stockage de vos donn\u00e9es conform\u00e9ment aux directives du nouveau r\u00e8glement g\u00e9n\u00e9ral europ\u00e9en sur la protection des donn\u00e9es (GDPR) concernant le traitement des donn\u00e9es personnelles des r\u00e9sidents d\u2019UE.<\/span><\/label><\/span><\/span><\/span>\n\t<\/p>\n<\/div>\n<div class=\"field-row\">\n\t<p><input class=\"wpcf7-form-control wpcf7-submit has-spinner\" type=\"submit\" value=\"Soumettre\" \/>\n\t<\/p>\n<\/div><input type='hidden' class='wpcf7-pum' value='{\"closepopup\":false,\"closedelay\":0,\"openpopup\":false,\"openpopup_id\":0}' \/><div class=\"wpcf7-response-output\" aria-hidden=\"true\"><\/div>\n<\/form>\n<\/div>\n<\/div>\n<p><img decoding=\"async\" class=\"aligncenter size-full wp-image-992\" src=\"https:\/\/old.lamer-santorini.com\/wp-content\/uploads\/2017\/08\/shutterstock_635919605.jpg\" alt=\"\"><br \/>\n\t\t\t<\/section>\n","protected":false},"excerpt":{"rendered":"<p>Contactez-nous D\u00e9couvrez toutes les informations sur notre h\u00f4tel La Mer Deluxe Hotel &amp; Spa, Kamari, Santorini 84700, Greece info@lamer-santorini.com +30 22860 32061 +30 22860 32031<\/p>\n","protected":false},"author":2,"featured_media":0,"parent":0,"menu_order":0,"comment_status":"closed","ping_status":"closed","template":"","meta":{"footnotes":""},"class_list":["post-1897","page","type-page","status-publish","hentry"],"yoast_head":"<!-- This site is optimized with the Yoast SEO plugin v26.5 - https:\/\/yoast.com\/wordpress\/plugins\/seo\/ -->\n<title>Contactez La Mer Deluxe Hotel &amp; Spa | H\u00f4tel 5 \u00e9toiles \u00e0 Santorin<\/title>\n<meta name=\"description\" content=\"Contactez La Mer Deluxe Hotel &amp; Spa. Appelez-nous au +30 22860 32061 ou envoyez-nous un e-mail \u00e0 info@lamer-santorini.com.\" \/>\n<meta name=\"robots\" content=\"index, follow, max-snippet:-1, max-image-preview:large, max-video-preview:-1\" \/>\n<link rel=\"canonical\" href=\"https:\/\/old.lamer-santorini.com\/fr\/contactez-nous\/\" \/>\n<meta property=\"og:locale\" content=\"fr_FR\" \/>\n<meta property=\"og:type\" content=\"article\" \/>\n<meta property=\"og:title\" content=\"Contactez La Mer Deluxe Hotel &amp; Spa | H\u00f4tel 5 \u00e9toiles \u00e0 Santorin\" \/>\n<meta property=\"og:description\" content=\"Contactez La Mer Deluxe Hotel &amp; Spa. Appelez-nous au +30 22860 32061 ou envoyez-nous un e-mail \u00e0 info@lamer-santorini.com.\" \/>\n<meta property=\"og:url\" content=\"https:\/\/old.lamer-santorini.com\/fr\/contactez-nous\/\" \/>\n<meta property=\"og:site_name\" content=\"La Mer\" \/>\n<meta property=\"article:modified_time\" content=\"2023-07-07T12:11:00+00:00\" \/>\n<meta property=\"og:image\" content=\"https:\/\/old.lamer-santorini.com\/wp-content\/uploads\/2017\/08\/shutterstock_635919605.jpg\" \/>\n<meta name=\"twitter:card\" content=\"summary_large_image\" \/>\n<script type=\"application\/ld+json\" class=\"yoast-schema-graph\">{\"@context\":\"https:\/\/schema.org\",\"@graph\":[{\"@type\":\"WebPage\",\"@id\":\"https:\/\/old.lamer-santorini.com\/fr\/contactez-nous\/\",\"url\":\"https:\/\/old.lamer-santorini.com\/fr\/contactez-nous\/\",\"name\":\"Contactez La Mer Deluxe Hotel & Spa | H\u00f4tel 5 \u00e9toiles \u00e0 Santorin\",\"isPartOf\":{\"@id\":\"https:\/\/old.lamer-santorini.com\/#website\"},\"primaryImageOfPage\":{\"@id\":\"https:\/\/old.lamer-santorini.com\/fr\/contactez-nous\/#primaryimage\"},\"image\":{\"@id\":\"https:\/\/old.lamer-santorini.com\/fr\/contactez-nous\/#primaryimage\"},\"thumbnailUrl\":\"https:\/\/old.lamer-santorini.com\/wp-content\/uploads\/2017\/08\/shutterstock_635919605.jpg\",\"datePublished\":\"2019-01-08T11:30:39+00:00\",\"dateModified\":\"2023-07-07T12:11:00+00:00\",\"description\":\"Contactez La Mer Deluxe Hotel & Spa. Appelez-nous au +30 22860 32061 ou envoyez-nous un e-mail \u00e0 info@lamer-santorini.com.\",\"breadcrumb\":{\"@id\":\"https:\/\/old.lamer-santorini.com\/fr\/contactez-nous\/#breadcrumb\"},\"inLanguage\":\"fr-FR\",\"potentialAction\":[{\"@type\":\"ReadAction\",\"target\":[\"https:\/\/old.lamer-santorini.com\/fr\/contactez-nous\/\"]}]},{\"@type\":\"ImageObject\",\"inLanguage\":\"fr-FR\",\"@id\":\"https:\/\/old.lamer-santorini.com\/fr\/contactez-nous\/#primaryimage\",\"url\":\"https:\/\/old.lamer-santorini.com\/wp-content\/uploads\/2017\/08\/shutterstock_635919605.jpg\",\"contentUrl\":\"https:\/\/old.lamer-santorini.com\/wp-content\/uploads\/2017\/08\/shutterstock_635919605.jpg\"},{\"@type\":\"BreadcrumbList\",\"@id\":\"https:\/\/old.lamer-santorini.com\/fr\/contactez-nous\/#breadcrumb\",\"itemListElement\":[{\"@type\":\"ListItem\",\"position\":1,\"name\":\"Home\",\"item\":\"https:\/\/old.lamer-santorini.com\/fr\/\"},{\"@type\":\"ListItem\",\"position\":2,\"name\":\"Contactez Nous\"}]},{\"@type\":\"WebSite\",\"@id\":\"https:\/\/old.lamer-santorini.com\/#website\",\"url\":\"https:\/\/old.lamer-santorini.com\/\",\"name\":\"La Mer\",\"description\":\"Deluxe Hotel & Spa Resort Kamari Santorini Greece | Book Online\",\"publisher\":{\"@id\":\"https:\/\/old.lamer-santorini.com\/#organization\"},\"potentialAction\":[{\"@type\":\"SearchAction\",\"target\":{\"@type\":\"EntryPoint\",\"urlTemplate\":\"https:\/\/old.lamer-santorini.com\/?s={search_term_string}\"},\"query-input\":{\"@type\":\"PropertyValueSpecification\",\"valueRequired\":true,\"valueName\":\"search_term_string\"}}],\"inLanguage\":\"fr-FR\"},{\"@type\":\"Organization\",\"@id\":\"https:\/\/old.lamer-santorini.com\/#organization\",\"name\":\"La Mer Deluxe Hotel & Spa\",\"url\":\"https:\/\/old.lamer-santorini.com\/\",\"logo\":{\"@type\":\"ImageObject\",\"inLanguage\":\"fr-FR\",\"@id\":\"https:\/\/old.lamer-santorini.com\/#\/schema\/logo\/image\/\",\"url\":\"https:\/\/old.lamer-santorini.com\/wp-content\/uploads\/2017\/08\/logo1.png\",\"contentUrl\":\"https:\/\/old.lamer-santorini.com\/wp-content\/uploads\/2017\/08\/logo1.png\",\"width\":300,\"height\":169,\"caption\":\"La Mer Deluxe Hotel & Spa\"},\"image\":{\"@id\":\"https:\/\/old.lamer-santorini.com\/#\/schema\/logo\/image\/\"}}]}<\/script>\n<!-- \/ Yoast SEO plugin. -->","yoast_head_json":{"title":"Contactez La Mer Deluxe Hotel & Spa | H\u00f4tel 5 \u00e9toiles \u00e0 Santorin","description":"Contactez La Mer Deluxe Hotel & Spa. Appelez-nous au +30 22860 32061 ou envoyez-nous un e-mail \u00e0 info@lamer-santorini.com.","robots":{"index":"index","follow":"follow","max-snippet":"max-snippet:-1","max-image-preview":"max-image-preview:large","max-video-preview":"max-video-preview:-1"},"canonical":"https:\/\/old.lamer-santorini.com\/fr\/contactez-nous\/","og_locale":"fr_FR","og_type":"article","og_title":"Contactez La Mer Deluxe Hotel & Spa | H\u00f4tel 5 \u00e9toiles \u00e0 Santorin","og_description":"Contactez La Mer Deluxe Hotel & Spa. Appelez-nous au +30 22860 32061 ou envoyez-nous un e-mail \u00e0 info@lamer-santorini.com.","og_url":"https:\/\/old.lamer-santorini.com\/fr\/contactez-nous\/","og_site_name":"La Mer","article_modified_time":"2023-07-07T12:11:00+00:00","og_image":[{"url":"https:\/\/old.lamer-santorini.com\/wp-content\/uploads\/2017\/08\/shutterstock_635919605.jpg","type":"","width":"","height":""}],"twitter_card":"summary_large_image","schema":{"@context":"https:\/\/schema.org","@graph":[{"@type":"WebPage","@id":"https:\/\/old.lamer-santorini.com\/fr\/contactez-nous\/","url":"https:\/\/old.lamer-santorini.com\/fr\/contactez-nous\/","name":"Contactez La Mer Deluxe Hotel & Spa | H\u00f4tel 5 \u00e9toiles \u00e0 Santorin","isPartOf":{"@id":"https:\/\/old.lamer-santorini.com\/#website"},"primaryImageOfPage":{"@id":"https:\/\/old.lamer-santorini.com\/fr\/contactez-nous\/#primaryimage"},"image":{"@id":"https:\/\/old.lamer-santorini.com\/fr\/contactez-nous\/#primaryimage"},"thumbnailUrl":"https:\/\/old.lamer-santorini.com\/wp-content\/uploads\/2017\/08\/shutterstock_635919605.jpg","datePublished":"2019-01-08T11:30:39+00:00","dateModified":"2023-07-07T12:11:00+00:00","description":"Contactez La Mer Deluxe Hotel & Spa. Appelez-nous au +30 22860 32061 ou envoyez-nous un e-mail \u00e0 info@lamer-santorini.com.","breadcrumb":{"@id":"https:\/\/old.lamer-santorini.com\/fr\/contactez-nous\/#breadcrumb"},"inLanguage":"fr-FR","potentialAction":[{"@type":"ReadAction","target":["https:\/\/old.lamer-santorini.com\/fr\/contactez-nous\/"]}]},{"@type":"ImageObject","inLanguage":"fr-FR","@id":"https:\/\/old.lamer-santorini.com\/fr\/contactez-nous\/#primaryimage","url":"https:\/\/old.lamer-santorini.com\/wp-content\/uploads\/2017\/08\/shutterstock_635919605.jpg","contentUrl":"https:\/\/old.lamer-santorini.com\/wp-content\/uploads\/2017\/08\/shutterstock_635919605.jpg"},{"@type":"BreadcrumbList","@id":"https:\/\/old.lamer-santorini.com\/fr\/contactez-nous\/#breadcrumb","itemListElement":[{"@type":"ListItem","position":1,"name":"Home","item":"https:\/\/old.lamer-santorini.com\/fr\/"},{"@type":"ListItem","position":2,"name":"Contactez Nous"}]},{"@type":"WebSite","@id":"https:\/\/old.lamer-santorini.com\/#website","url":"https:\/\/old.lamer-santorini.com\/","name":"La Mer","description":"Deluxe Hotel & Spa Resort Kamari Santorini Greece | Book Online","publisher":{"@id":"https:\/\/old.lamer-santorini.com\/#organization"},"potentialAction":[{"@type":"SearchAction","target":{"@type":"EntryPoint","urlTemplate":"https:\/\/old.lamer-santorini.com\/?s={search_term_string}"},"query-input":{"@type":"PropertyValueSpecification","valueRequired":true,"valueName":"search_term_string"}}],"inLanguage":"fr-FR"},{"@type":"Organization","@id":"https:\/\/old.lamer-santorini.com\/#organization","name":"La Mer Deluxe Hotel & Spa","url":"https:\/\/old.lamer-santorini.com\/","logo":{"@type":"ImageObject","inLanguage":"fr-FR","@id":"https:\/\/old.lamer-santorini.com\/#\/schema\/logo\/image\/","url":"https:\/\/old.lamer-santorini.com\/wp-content\/uploads\/2017\/08\/logo1.png","contentUrl":"https:\/\/old.lamer-santorini.com\/wp-content\/uploads\/2017\/08\/logo1.png","width":300,"height":169,"caption":"La Mer Deluxe Hotel & Spa"},"image":{"@id":"https:\/\/old.lamer-santorini.com\/#\/schema\/logo\/image\/"}}]}},"_links":{"self":[{"href":"https:\/\/old.lamer-santorini.com\/fr\/wp-json\/wp\/v2\/pages\/1897","targetHints":{"allow":["GET"]}}],"collection":[{"href":"https:\/\/old.lamer-santorini.com\/fr\/wp-json\/wp\/v2\/pages"}],"about":[{"href":"https:\/\/old.lamer-santorini.com\/fr\/wp-json\/wp\/v2\/types\/page"}],"author":[{"embeddable":true,"href":"https:\/\/old.lamer-santorini.com\/fr\/wp-json\/wp\/v2\/users\/2"}],"replies":[{"embeddable":true,"href":"https:\/\/old.lamer-santorini.com\/fr\/wp-json\/wp\/v2\/comments?post=1897"}],"version-history":[{"count":7,"href":"https:\/\/old.lamer-santorini.com\/fr\/wp-json\/wp\/v2\/pages\/1897\/revisions"}],"predecessor-version":[{"id":2841,"href":"https:\/\/old.lamer-santorini.com\/fr\/wp-json\/wp\/v2\/pages\/1897\/revisions\/2841"}],"wp:attachment":[{"href":"https:\/\/old.lamer-santorini.com\/fr\/wp-json\/wp\/v2\/media?parent=1897"}],"curies":[{"name":"wp","href":"https:\/\/api.w.org\/{rel}","templated":true}]}}