{"id":1902,"date":"2017-11-21T13:33:10","date_gmt":"2017-11-21T10:33:10","guid":{"rendered":"https:\/\/old.lamer-santorini.com\/?page_id=1902"},"modified":"2019-09-06T16:28:59","modified_gmt":"2019-09-06T13:28:59","slug":"mariages","status":"publish","type":"page","link":"https:\/\/old.lamer-santorini.com\/fr\/mariages\/","title":{"rendered":"Mariages"},"content":{"rendered":"\n\t\t\t\t<section id=\"welcome-section\" class=\"simple \">\n\t\t\t\t\t<div class=\"inner-container container\">\n\t\t\t\t\t\t<div class=\"l-sec \">\n\t\t\t\t\t\t\t<div class=\"ravis-title-t-1\">\n\t\t\t\t\t\t\t\t<div class=\"title\"><span>Salle de mariage \u00e0 Santorin<\/span><\/div>\n\t\t\t\t\t\t\t\t<div class=\"sub-title\">Gem salle de mariage \u00e0 Caldera<\/div>\n\t\t\t\t\t\t\t<\/div>\n\t\t\t\t\t\t\t<div class=\"content\">Un de plus beaux sites de l\u2019\u00eele avec un vue unique sur la Caldera<br \/>\net le c\u00e9l\u00e8bre Volcan entour\u00e9 par le bleu de la mer \u00c9g\u00e9e.<br \/>\nLa mer se repose sous mille nuances du soleil d\u2019or m\u00e9diterran\u00e9en.<br \/>\nUn lieu magique pour un mariage magnifique exactement comme vous en avez r\u00eav\u00e9.<\/p>\n<p>Installations de lieu de c\u00e9r\u00e9monie: Salle de pr\u00e9paration nuptiale priv\u00e9e avec salle de bain priv\u00e9e,<br \/>\nc\u00e9r\u00e9monie sur le point culminant de la propri\u00e9t\u00e9, r\u00e9ception &amp; cocktails,&nbsp; 1 bar ext\u00e9rieur,<br \/>\npiscine de 200 m<sup>2<\/sup>, jacuzzi infini surplombant Caldera, parking, salle de bain des invit\u00e9s.<\/div><a href=\"https:\/\/santorinigem.com\/packages\/the-wedding-ceremony-and-reception\/\" class=\"ravis-btn btn-type-2\" target=\"_blank\">Lire la suite<\/a><\/div>\n\t\t\t\t\t<\/div>\n\t\t\t\t<\/section>\n\n\t\t\t\t<section id=\"welcome-section\" class=\"simple \">\n\t\t\t\t\t<div class=\"inner-container container\">\n\t\t\t\t\t\t<div class=\"l-sec \">\n\t\t\t\t\t\t\t<div class=\"ravis-title-t-1\">\n\t\t\t\t\t\t\t\t<div class=\"title\"><span>Villa de mariage Santorin<\/span><\/div>\n\t\t\t\t\t\t\t\t<div class=\"sub-title\">Villa de mariage \u00e0 Caldera Santorin<\/div>\n\t\t\t\t\t\t\t<\/div>\n\t\t\t\t\t\t\t<div class=\"content\">Un domaine de 5000 m<sup>2<\/sup> avec un emplacement privil\u00e9gi\u00e9 unique, un des points<br \/>\nles plus \u00e9lev\u00e9s a Santorin, offre un vue magnifique sur la caldera et le c\u00e9l\u00e8bre volcan.<\/p>\n<p>Une villa de 400m<sup>2 <\/sup>&nbsp;entour\u00e9e de beaux jardins entretenus, d\u2019\u00e9l\u00e9gantes pergolas \u00e9tendues<br \/>\ndes c\u00f4t\u00e9s de la villa et reli\u00e9es \u00e0 la zone principale<br \/>\nde la propri\u00e9t\u00e9 ou diff\u00e9rents niveaux, cr\u00e9ent le point central ext\u00e9rieur avec des espaces<br \/>\nde restauration et de relaxation, bar ext\u00e9rieur, barbaque,<br \/>\npiscines de 25 m\u00e8tres et une piscine avec jacuzzi infini chauff\u00e9e, tous surplombant Caldera et le Volcan.<\/p>\n<p>L\u2019int\u00e9rieur de la villa est d\u00e9cor\u00e9 avec gout, sols en marbre,<br \/>\nmeubl\u00e9 avec de pi\u00e8ces modernes et embelli dans diff\u00e9rentes nuances de pastel.<\/p>\n<p>L\u2019entr\u00e9e principale m\u00e8ne directement \u00e0 un salon de 90 m<sup>2<\/sup> avec<br \/>\nun \u00e9clairage naturel et un acc\u00e8s direct au point central ext\u00e9rieur de la propri\u00e9t\u00e9.<\/div><a href=\"https:\/\/santorinigem.com\/packages\/the-wedding-villa-the-view-of-your-first-morning-together\/\" class=\"ravis-btn btn-type-2\" target=\"_blank\">Lire la suite<\/a><\/div>\n\t\t\t\t\t<\/div>\n\t\t\t\t<\/section>\n\n\t\t\t\t<section id=\"welcome-section\" class=\"simple \">\n\t\t\t\t\t<div class=\"inner-container container\">\n\t\t\t\t\t\t<div class=\"l-sec \">\n\t\t\t\t\t\t\t<div class=\"ravis-title-t-1\">\n\t\t\t\t\t\t\t\t<div class=\"title\"><span>Services de planification \u00e0 Santorin<\/span><\/div>\n\t\t\t\t\t\t\t\t<div class=\"sub-title\">Un r\u00eav\u00e9 sans un plan ce ne qu\u2019un souhait\u2026<\/div>\n\t\t\t\t\t\t\t<\/div>\n\t\t\t\t\t\t\t<div class=\"content\">Vivez de moments inoubliables pour votre journ\u00e9e sp\u00e9ciale. Paysages stup\u00e9fiants, le plus beau coucher<br \/>\ndu soleil au monde, plages de sable noir ou des vignons traditionnels de Santorin.<br \/>\nTout \u00e0 votre disposition, avec nos services de planification de mariage complets.<br \/>\nChoisissez parmi &nbsp;une grande vari\u00e9t\u00e9 de packages incluant des arrangements de demandes<br \/>\nde mariage \u00e0 la coordination de tous les types de mariages,<br \/>\ndes petits et intimes \u00e0 grande \u00e9chelle \u00e9v\u00e8nements.<\/div><a href=\"http:\/\/idosantorini.com\/\" class=\"ravis-btn btn-type-2\" target=\"_blank\">Lire la suite<\/a><\/div>\n\t\t\t\t\t<\/div>\n\t\t\t\t<\/section>\n<div class=\"my-text\" style=\"background-image: url('https:\/\/old.lamer-santorini.com\/wp-content\/uploads\/2017\/12\/weddingvenuenew.jpg'); background-size: cover;\">\n<div><\/div>\n<\/div>\n","protected":false},"excerpt":{"rendered":"","protected":false},"author":2,"featured_media":0,"parent":0,"menu_order":0,"comment_status":"closed","ping_status":"closed","template":"","meta":{"footnotes":""},"class_list":["post-1902","page","type-page","status-publish","hentry"],"yoast_head":"<!-- This site is optimized with the Yoast SEO plugin v26.5 - https:\/\/yoast.com\/wordpress\/plugins\/seo\/ -->\n<title>Mariage \u00e0 Santorin | La Mer Deluxe Hotel &amp; Spa<\/title>\n<meta name=\"description\" content=\"Vivez des moments inoubliables lors de votre journ\u00e9e sp\u00e9ciale. Des paysages \u00e0 couper le souffle, les couchers de soleil les plus \u00e9poustouflants au monde, les plages de sable noir de Glary ou les caves \u00e0 vin de Santorin. Tous \u00e0 votre disposition, avec nos services complets de planification de mariage.\" \/>\n<meta name=\"robots\" content=\"index, follow, max-snippet:-1, max-image-preview:large, max-video-preview:-1\" \/>\n<link rel=\"canonical\" href=\"https:\/\/old.lamer-santorini.com\/fr\/mariages\/\" \/>\n<meta property=\"og:locale\" content=\"fr_FR\" \/>\n<meta property=\"og:type\" content=\"article\" \/>\n<meta property=\"og:title\" content=\"Mariage \u00e0 Santorin | La Mer Deluxe Hotel &amp; Spa\" \/>\n<meta property=\"og:description\" content=\"Vivez des moments inoubliables lors de votre journ\u00e9e sp\u00e9ciale. Des paysages \u00e0 couper le souffle, les couchers de soleil les plus \u00e9poustouflants au monde, les plages de sable noir de Glary ou les caves \u00e0 vin de Santorin. Tous \u00e0 votre disposition, avec nos services complets de planification de mariage.\" \/>\n<meta property=\"og:url\" content=\"https:\/\/old.lamer-santorini.com\/fr\/mariages\/\" \/>\n<meta property=\"og:site_name\" content=\"La Mer\" \/>\n<meta property=\"article:modified_time\" content=\"2019-09-06T13:28:59+00:00\" \/>\n<meta name=\"twitter:card\" content=\"summary_large_image\" \/>\n<meta name=\"twitter:label1\" content=\"Dur\u00e9e de lecture estim\u00e9e\" \/>\n\t<meta name=\"twitter:data1\" content=\"2 minutes\" \/>\n<script type=\"application\/ld+json\" class=\"yoast-schema-graph\">{\"@context\":\"https:\/\/schema.org\",\"@graph\":[{\"@type\":\"WebPage\",\"@id\":\"https:\/\/old.lamer-santorini.com\/fr\/mariages\/\",\"url\":\"https:\/\/old.lamer-santorini.com\/fr\/mariages\/\",\"name\":\"Mariage \u00e0 Santorin | La Mer Deluxe Hotel & Spa\",\"isPartOf\":{\"@id\":\"https:\/\/old.lamer-santorini.com\/#website\"},\"datePublished\":\"2017-11-21T10:33:10+00:00\",\"dateModified\":\"2019-09-06T13:28:59+00:00\",\"description\":\"Vivez des moments inoubliables lors de votre journ\u00e9e sp\u00e9ciale. Des paysages \u00e0 couper le souffle, les couchers de soleil les plus \u00e9poustouflants au monde, les plages de sable noir de Glary ou les caves \u00e0 vin de Santorin. Tous \u00e0 votre disposition, avec nos services complets de planification de mariage.\",\"breadcrumb\":{\"@id\":\"https:\/\/old.lamer-santorini.com\/fr\/mariages\/#breadcrumb\"},\"inLanguage\":\"fr-FR\",\"potentialAction\":[{\"@type\":\"ReadAction\",\"target\":[\"https:\/\/old.lamer-santorini.com\/fr\/mariages\/\"]}]},{\"@type\":\"BreadcrumbList\",\"@id\":\"https:\/\/old.lamer-santorini.com\/fr\/mariages\/#breadcrumb\",\"itemListElement\":[{\"@type\":\"ListItem\",\"position\":1,\"name\":\"Home\",\"item\":\"https:\/\/old.lamer-santorini.com\/fr\/\"},{\"@type\":\"ListItem\",\"position\":2,\"name\":\"Mariages\"}]},{\"@type\":\"WebSite\",\"@id\":\"https:\/\/old.lamer-santorini.com\/#website\",\"url\":\"https:\/\/old.lamer-santorini.com\/\",\"name\":\"La Mer\",\"description\":\"Deluxe Hotel & Spa Resort Kamari Santorini Greece | Book Online\",\"publisher\":{\"@id\":\"https:\/\/old.lamer-santorini.com\/#organization\"},\"potentialAction\":[{\"@type\":\"SearchAction\",\"target\":{\"@type\":\"EntryPoint\",\"urlTemplate\":\"https:\/\/old.lamer-santorini.com\/?s={search_term_string}\"},\"query-input\":{\"@type\":\"PropertyValueSpecification\",\"valueRequired\":true,\"valueName\":\"search_term_string\"}}],\"inLanguage\":\"fr-FR\"},{\"@type\":\"Organization\",\"@id\":\"https:\/\/old.lamer-santorini.com\/#organization\",\"name\":\"La Mer Deluxe Hotel & Spa\",\"url\":\"https:\/\/old.lamer-santorini.com\/\",\"logo\":{\"@type\":\"ImageObject\",\"inLanguage\":\"fr-FR\",\"@id\":\"https:\/\/old.lamer-santorini.com\/#\/schema\/logo\/image\/\",\"url\":\"https:\/\/old.lamer-santorini.com\/wp-content\/uploads\/2017\/08\/logo1.png\",\"contentUrl\":\"https:\/\/old.lamer-santorini.com\/wp-content\/uploads\/2017\/08\/logo1.png\",\"width\":300,\"height\":169,\"caption\":\"La Mer Deluxe Hotel & Spa\"},\"image\":{\"@id\":\"https:\/\/old.lamer-santorini.com\/#\/schema\/logo\/image\/\"}}]}<\/script>\n<!-- \/ Yoast SEO plugin. -->","yoast_head_json":{"title":"Mariage \u00e0 Santorin | La Mer Deluxe Hotel & Spa","description":"Vivez des moments inoubliables lors de votre journ\u00e9e sp\u00e9ciale. Des paysages \u00e0 couper le souffle, les couchers de soleil les plus \u00e9poustouflants au monde, les plages de sable noir de Glary ou les caves \u00e0 vin de Santorin. Tous \u00e0 votre disposition, avec nos services complets de planification de mariage.","robots":{"index":"index","follow":"follow","max-snippet":"max-snippet:-1","max-image-preview":"max-image-preview:large","max-video-preview":"max-video-preview:-1"},"canonical":"https:\/\/old.lamer-santorini.com\/fr\/mariages\/","og_locale":"fr_FR","og_type":"article","og_title":"Mariage \u00e0 Santorin | La Mer Deluxe Hotel & Spa","og_description":"Vivez des moments inoubliables lors de votre journ\u00e9e sp\u00e9ciale. Des paysages \u00e0 couper le souffle, les couchers de soleil les plus \u00e9poustouflants au monde, les plages de sable noir de Glary ou les caves \u00e0 vin de Santorin. Tous \u00e0 votre disposition, avec nos services complets de planification de mariage.","og_url":"https:\/\/old.lamer-santorini.com\/fr\/mariages\/","og_site_name":"La Mer","article_modified_time":"2019-09-06T13:28:59+00:00","twitter_card":"summary_large_image","twitter_misc":{"Dur\u00e9e de lecture estim\u00e9e":"2 minutes"},"schema":{"@context":"https:\/\/schema.org","@graph":[{"@type":"WebPage","@id":"https:\/\/old.lamer-santorini.com\/fr\/mariages\/","url":"https:\/\/old.lamer-santorini.com\/fr\/mariages\/","name":"Mariage \u00e0 Santorin | La Mer Deluxe Hotel & Spa","isPartOf":{"@id":"https:\/\/old.lamer-santorini.com\/#website"},"datePublished":"2017-11-21T10:33:10+00:00","dateModified":"2019-09-06T13:28:59+00:00","description":"Vivez des moments inoubliables lors de votre journ\u00e9e sp\u00e9ciale. Des paysages \u00e0 couper le souffle, les couchers de soleil les plus \u00e9poustouflants au monde, les plages de sable noir de Glary ou les caves \u00e0 vin de Santorin. Tous \u00e0 votre disposition, avec nos services complets de planification de mariage.","breadcrumb":{"@id":"https:\/\/old.lamer-santorini.com\/fr\/mariages\/#breadcrumb"},"inLanguage":"fr-FR","potentialAction":[{"@type":"ReadAction","target":["https:\/\/old.lamer-santorini.com\/fr\/mariages\/"]}]},{"@type":"BreadcrumbList","@id":"https:\/\/old.lamer-santorini.com\/fr\/mariages\/#breadcrumb","itemListElement":[{"@type":"ListItem","position":1,"name":"Home","item":"https:\/\/old.lamer-santorini.com\/fr\/"},{"@type":"ListItem","position":2,"name":"Mariages"}]},{"@type":"WebSite","@id":"https:\/\/old.lamer-santorini.com\/#website","url":"https:\/\/old.lamer-santorini.com\/","name":"La Mer","description":"Deluxe Hotel & Spa Resort Kamari Santorini Greece | Book Online","publisher":{"@id":"https:\/\/old.lamer-santorini.com\/#organization"},"potentialAction":[{"@type":"SearchAction","target":{"@type":"EntryPoint","urlTemplate":"https:\/\/old.lamer-santorini.com\/?s={search_term_string}"},"query-input":{"@type":"PropertyValueSpecification","valueRequired":true,"valueName":"search_term_string"}}],"inLanguage":"fr-FR"},{"@type":"Organization","@id":"https:\/\/old.lamer-santorini.com\/#organization","name":"La Mer Deluxe Hotel & Spa","url":"https:\/\/old.lamer-santorini.com\/","logo":{"@type":"ImageObject","inLanguage":"fr-FR","@id":"https:\/\/old.lamer-santorini.com\/#\/schema\/logo\/image\/","url":"https:\/\/old.lamer-santorini.com\/wp-content\/uploads\/2017\/08\/logo1.png","contentUrl":"https:\/\/old.lamer-santorini.com\/wp-content\/uploads\/2017\/08\/logo1.png","width":300,"height":169,"caption":"La Mer Deluxe Hotel & Spa"},"image":{"@id":"https:\/\/old.lamer-santorini.com\/#\/schema\/logo\/image\/"}}]}},"_links":{"self":[{"href":"https:\/\/old.lamer-santorini.com\/fr\/wp-json\/wp\/v2\/pages\/1902","targetHints":{"allow":["GET"]}}],"collection":[{"href":"https:\/\/old.lamer-santorini.com\/fr\/wp-json\/wp\/v2\/pages"}],"about":[{"href":"https:\/\/old.lamer-santorini.com\/fr\/wp-json\/wp\/v2\/types\/page"}],"author":[{"embeddable":true,"href":"https:\/\/old.lamer-santorini.com\/fr\/wp-json\/wp\/v2\/users\/2"}],"replies":[{"embeddable":true,"href":"https:\/\/old.lamer-santorini.com\/fr\/wp-json\/wp\/v2\/comments?post=1902"}],"version-history":[{"count":16,"href":"https:\/\/old.lamer-santorini.com\/fr\/wp-json\/wp\/v2\/pages\/1902\/revisions"}],"predecessor-version":[{"id":2619,"href":"https:\/\/old.lamer-santorini.com\/fr\/wp-json\/wp\/v2\/pages\/1902\/revisions\/2619"}],"wp:attachment":[{"href":"https:\/\/old.lamer-santorini.com\/fr\/wp-json\/wp\/v2\/media?parent=1902"}],"curies":[{"name":"wp","href":"https:\/\/api.w.org\/{rel}","templated":true}]}}