{"id":1953,"date":"2017-11-15T16:01:51","date_gmt":"2017-11-15T13:01:51","guid":{"rendered":"https:\/\/old.lamer-santorini.com\/?page_id=1953"},"modified":"2019-09-06T15:48:46","modified_gmt":"2019-09-06T12:48:46","slug":"concierge","status":"publish","type":"page","link":"https:\/\/old.lamer-santorini.com\/fr\/concierge\/","title":{"rendered":"Concierge"},"content":{"rendered":"<div class=\"video-home\" style=\"padding-top: 80px; text-align: center;\"><iframe loading=\"lazy\" src=\"https:\/\/www.youtube.com\/embed\/V4-mqWJFIdA?rel=0&amp;autoplay=1&amp;mute=1\" width=\"100%\" height=\"750\" frameborder=\"0\" align=\"center\" allowfullscreen=\"allowfullscreen\"><\/iframe><\/div>\n<div class=\"my-text\" style=\"background-image: url('https:\/\/old.lamer-santorini.com\/wp-content\/uploads\/2017\/08\/stock-photo-\u2026on-santorini-island-greece-beautiful-landscape-with-sea-view-235716055.jpg'); background-size: cover;\">\n<h2 style=\"text-align: center;\">SERVICES VIP ET CONCIERGE<\/h2>\n<h3 style=\"text-align: center;\">Tout \u00e0 propos de Santorin et votre escapade parfaite<\/h3>\n<div style=\"text-align: center;\">\n<p><span style=\"color: #ffffff;\">Faire de vacances \u00e0 Santorin est un r\u00eave d\u2019une vie pour beaucoup de personnes. Comme il s\u2019agit de la premi\u00e8re destination touristique en Gr\u00e8ce, l\u2019\u00eele est renomm\u00e9e pour son impressionnante caldera, son volcan et son coucher du soleil. <\/span><\/p>\n<\/div>\n<div style=\"text-align: center;\"><span style=\"color: #ffffff;\">La Mer Deluxe Hotel &amp; Spa est r\u00e9put\u00e9 pour son emplacement exceptionnel, sa superbe ambiance et son service fabuleux. <\/span><\/div>\n<div style=\"text-align: center;\"><span style=\"color: #ffffff;\">Pendant votre s\u00e9jour, vous vivrez une exp\u00e9rience fait sur mesure, personnalis\u00e9 \u00e0 vos besoins et d\u00e9sirs.<\/span><\/div>\n<div style=\"text-align: center;\"><span style=\"color: #ffffff;\">D\u00e8s votre arriv\u00e9e,  notre objectif est d\u2019organiser et de personnaliser vos vacances de satisfaire toutes vos attentes. Tout ce dont vous avez besoin est d\u2019\u00eatre pr\u00e9par\u00e9s pour une exp\u00e9rience extraordinaire \u00e0 Santorin.<\/span><\/div>\n<div style=\"text-align: center;\"><\/div>\n<h3 style=\"text-align: center;\">Laissez notre \u00e9quipe de concierge vous aider \u00e0 jouir une exp\u00e9rience de voyage incomparable tout en d\u00e9couvrant les tr\u00e9sors enchanteurs de votre destination.<\/h3>\n<div style=\"text-align: center;\"><span style=\"color: #ffffff;\">Du service de voiture \u00e0 la planification des f\u00eates d\u2019anniversaires, notre concierge est pr\u00eate de r\u00e9aliser vos r\u00eaves et de faire ton vie plus facile.<br \/>\nNos services sont con\u00e7us pour r\u00e9pondre aux besoins de clients. <\/span><\/div>\n<div style=\"text-align: center;\"><span style=\"color: #ffffff;\">Les services incluent: le transfert, l\u2019organisation d\u2019activit\u00e9s, des visites guid\u00e9es et des suggestions d\u2019itin\u00e9raire.<br \/>\nActivit\u00e9s additionnelles comme plong\u00e9e sous-marine, kayak, planche \u00e0 voile.<\/span><\/div>\n<div style=\"text-align: center;\"><span style=\"color: #ffffff;\">Nous organisons des excursions de voile aux endroits les plus int\u00e9ressantes et fascinantes a Santorin et aux autres \u00eeles voisines accessibles seulement par bateau.  <\/span><\/div>\n<div style=\"text-align: center;\"><span style=\"color: #ffffff;\">&nbsp;<\/span><\/div>\n<div style=\"text-align: center;\"><span style=\"color: #ffffff;\">Laissez votre \u00e2me voyager plus loin&#8230;<\/span><\/div>\n<\/div>\n<div><\/div>\n<div><img decoding=\"async\" class=\"aligncenter wp-image-909 size-full\" src=\"https:\/\/old.lamer-santorini.com\/wp-content\/uploads\/2017\/08\/shutterstock_235716055.jpg\" alt=\"\"><\/div>\n","protected":false},"excerpt":{"rendered":"<p>SERVICES VIP ET CONCIERGE Tout \u00e0 propos de Santorin et votre escapade parfaite Faire de vacances \u00e0 Santorin est un r\u00eave d\u2019une vie pour beaucoup de personnes. Comme il s\u2019agit de la premi\u00e8re destination touristique en Gr\u00e8ce, l\u2019\u00eele est renomm\u00e9e pour son impressionnante caldera, son volcan et son coucher du soleil. La Mer Deluxe Hotel &amp; Spa est r\u00e9put\u00e9 pour son emplacement exceptionnel, sa superbe&#8230;<\/p>\n<div class=\"read-more-container\"><a class=\"more-link btn btn-default btn-sm read-more\" href=\"https:\/\/old.lamer-santorini.com\/fr\/concierge\/\">en savoir plus<\/a><\/div>\n","protected":false},"author":2,"featured_media":0,"parent":0,"menu_order":0,"comment_status":"closed","ping_status":"closed","template":"","meta":{"footnotes":""},"class_list":["post-1953","page","type-page","status-publish","hentry"],"yoast_head":"<!-- This site is optimized with the Yoast SEO plugin v26.5 - https:\/\/yoast.com\/wordpress\/plugins\/seo\/ -->\n<title>Services de conciergerie et VIP Santorin | La Mer Deluxe Hotel &amp; Spa<\/title>\n<meta name=\"description\" content=\"Concierge \u00e0 Santorin: Pour de nombreuses personnes, les vacances \u00e0 Santorin sont le r\u00eave d&#039;une vie. Comme il s&#039;agit de la premi\u00e8re destination touristique de Gr\u00e8ce, l&#039;\u00eele est r\u00e9put\u00e9e pour son impressionnante caldera, son volcan et son coucher de soleil romantique.\" \/>\n<meta name=\"robots\" content=\"index, follow, max-snippet:-1, max-image-preview:large, max-video-preview:-1\" \/>\n<link rel=\"canonical\" href=\"https:\/\/old.lamer-santorini.com\/fr\/concierge\/\" \/>\n<meta property=\"og:locale\" content=\"fr_FR\" \/>\n<meta property=\"og:type\" content=\"article\" \/>\n<meta property=\"og:title\" content=\"Services de conciergerie et VIP Santorin | La Mer Deluxe Hotel &amp; Spa\" \/>\n<meta property=\"og:description\" content=\"Concierge \u00e0 Santorin: Pour de nombreuses personnes, les vacances \u00e0 Santorin sont le r\u00eave d&#039;une vie. Comme il s&#039;agit de la premi\u00e8re destination touristique de Gr\u00e8ce, l&#039;\u00eele est r\u00e9put\u00e9e pour son impressionnante caldera, son volcan et son coucher de soleil romantique.\" \/>\n<meta property=\"og:url\" content=\"https:\/\/old.lamer-santorini.com\/fr\/concierge\/\" \/>\n<meta property=\"og:site_name\" content=\"La Mer\" \/>\n<meta property=\"article:modified_time\" content=\"2019-09-06T12:48:46+00:00\" \/>\n<meta property=\"og:image\" content=\"https:\/\/old.lamer-santorini.com\/wp-content\/uploads\/2017\/08\/shutterstock_235716055.jpg\" \/>\n<meta name=\"twitter:card\" content=\"summary_large_image\" \/>\n<meta name=\"twitter:label1\" content=\"Dur\u00e9e de lecture estim\u00e9e\" \/>\n\t<meta name=\"twitter:data1\" content=\"1 minute\" \/>\n<script type=\"application\/ld+json\" class=\"yoast-schema-graph\">{\"@context\":\"https:\/\/schema.org\",\"@graph\":[{\"@type\":\"WebPage\",\"@id\":\"https:\/\/old.lamer-santorini.com\/fr\/concierge\/\",\"url\":\"https:\/\/old.lamer-santorini.com\/fr\/concierge\/\",\"name\":\"Services de conciergerie et VIP Santorin | La Mer Deluxe Hotel & Spa\",\"isPartOf\":{\"@id\":\"https:\/\/old.lamer-santorini.com\/#website\"},\"primaryImageOfPage\":{\"@id\":\"https:\/\/old.lamer-santorini.com\/fr\/concierge\/#primaryimage\"},\"image\":{\"@id\":\"https:\/\/old.lamer-santorini.com\/fr\/concierge\/#primaryimage\"},\"thumbnailUrl\":\"https:\/\/old.lamer-santorini.com\/wp-content\/uploads\/2017\/08\/shutterstock_235716055.jpg\",\"datePublished\":\"2017-11-15T13:01:51+00:00\",\"dateModified\":\"2019-09-06T12:48:46+00:00\",\"description\":\"Concierge \u00e0 Santorin: Pour de nombreuses personnes, les vacances \u00e0 Santorin sont le r\u00eave d'une vie. Comme il s'agit de la premi\u00e8re destination touristique de Gr\u00e8ce, l'\u00eele est r\u00e9put\u00e9e pour son impressionnante caldera, son volcan et son coucher de soleil romantique.\",\"breadcrumb\":{\"@id\":\"https:\/\/old.lamer-santorini.com\/fr\/concierge\/#breadcrumb\"},\"inLanguage\":\"fr-FR\",\"potentialAction\":[{\"@type\":\"ReadAction\",\"target\":[\"https:\/\/old.lamer-santorini.com\/fr\/concierge\/\"]}]},{\"@type\":\"ImageObject\",\"inLanguage\":\"fr-FR\",\"@id\":\"https:\/\/old.lamer-santorini.com\/fr\/concierge\/#primaryimage\",\"url\":\"https:\/\/old.lamer-santorini.com\/wp-content\/uploads\/2017\/08\/shutterstock_235716055.jpg\",\"contentUrl\":\"https:\/\/old.lamer-santorini.com\/wp-content\/uploads\/2017\/08\/shutterstock_235716055.jpg\"},{\"@type\":\"BreadcrumbList\",\"@id\":\"https:\/\/old.lamer-santorini.com\/fr\/concierge\/#breadcrumb\",\"itemListElement\":[{\"@type\":\"ListItem\",\"position\":1,\"name\":\"Home\",\"item\":\"https:\/\/old.lamer-santorini.com\/fr\/\"},{\"@type\":\"ListItem\",\"position\":2,\"name\":\"Concierge\"}]},{\"@type\":\"WebSite\",\"@id\":\"https:\/\/old.lamer-santorini.com\/#website\",\"url\":\"https:\/\/old.lamer-santorini.com\/\",\"name\":\"La Mer\",\"description\":\"Deluxe Hotel & Spa Resort Kamari Santorini Greece | Book Online\",\"publisher\":{\"@id\":\"https:\/\/old.lamer-santorini.com\/#organization\"},\"potentialAction\":[{\"@type\":\"SearchAction\",\"target\":{\"@type\":\"EntryPoint\",\"urlTemplate\":\"https:\/\/old.lamer-santorini.com\/?s={search_term_string}\"},\"query-input\":{\"@type\":\"PropertyValueSpecification\",\"valueRequired\":true,\"valueName\":\"search_term_string\"}}],\"inLanguage\":\"fr-FR\"},{\"@type\":\"Organization\",\"@id\":\"https:\/\/old.lamer-santorini.com\/#organization\",\"name\":\"La Mer Deluxe Hotel & Spa\",\"url\":\"https:\/\/old.lamer-santorini.com\/\",\"logo\":{\"@type\":\"ImageObject\",\"inLanguage\":\"fr-FR\",\"@id\":\"https:\/\/old.lamer-santorini.com\/#\/schema\/logo\/image\/\",\"url\":\"https:\/\/old.lamer-santorini.com\/wp-content\/uploads\/2017\/08\/logo1.png\",\"contentUrl\":\"https:\/\/old.lamer-santorini.com\/wp-content\/uploads\/2017\/08\/logo1.png\",\"width\":300,\"height\":169,\"caption\":\"La Mer Deluxe Hotel & Spa\"},\"image\":{\"@id\":\"https:\/\/old.lamer-santorini.com\/#\/schema\/logo\/image\/\"}}]}<\/script>\n<!-- \/ Yoast SEO plugin. -->","yoast_head_json":{"title":"Services de conciergerie et VIP Santorin | La Mer Deluxe Hotel & Spa","description":"Concierge \u00e0 Santorin: Pour de nombreuses personnes, les vacances \u00e0 Santorin sont le r\u00eave d'une vie. Comme il s'agit de la premi\u00e8re destination touristique de Gr\u00e8ce, l'\u00eele est r\u00e9put\u00e9e pour son impressionnante caldera, son volcan et son coucher de soleil romantique.","robots":{"index":"index","follow":"follow","max-snippet":"max-snippet:-1","max-image-preview":"max-image-preview:large","max-video-preview":"max-video-preview:-1"},"canonical":"https:\/\/old.lamer-santorini.com\/fr\/concierge\/","og_locale":"fr_FR","og_type":"article","og_title":"Services de conciergerie et VIP Santorin | La Mer Deluxe Hotel & Spa","og_description":"Concierge \u00e0 Santorin: Pour de nombreuses personnes, les vacances \u00e0 Santorin sont le r\u00eave d'une vie. Comme il s'agit de la premi\u00e8re destination touristique de Gr\u00e8ce, l'\u00eele est r\u00e9put\u00e9e pour son impressionnante caldera, son volcan et son coucher de soleil romantique.","og_url":"https:\/\/old.lamer-santorini.com\/fr\/concierge\/","og_site_name":"La Mer","article_modified_time":"2019-09-06T12:48:46+00:00","og_image":[{"url":"https:\/\/old.lamer-santorini.com\/wp-content\/uploads\/2017\/08\/shutterstock_235716055.jpg","type":"","width":"","height":""}],"twitter_card":"summary_large_image","twitter_misc":{"Dur\u00e9e de lecture estim\u00e9e":"1 minute"},"schema":{"@context":"https:\/\/schema.org","@graph":[{"@type":"WebPage","@id":"https:\/\/old.lamer-santorini.com\/fr\/concierge\/","url":"https:\/\/old.lamer-santorini.com\/fr\/concierge\/","name":"Services de conciergerie et VIP Santorin | La Mer Deluxe Hotel & Spa","isPartOf":{"@id":"https:\/\/old.lamer-santorini.com\/#website"},"primaryImageOfPage":{"@id":"https:\/\/old.lamer-santorini.com\/fr\/concierge\/#primaryimage"},"image":{"@id":"https:\/\/old.lamer-santorini.com\/fr\/concierge\/#primaryimage"},"thumbnailUrl":"https:\/\/old.lamer-santorini.com\/wp-content\/uploads\/2017\/08\/shutterstock_235716055.jpg","datePublished":"2017-11-15T13:01:51+00:00","dateModified":"2019-09-06T12:48:46+00:00","description":"Concierge \u00e0 Santorin: Pour de nombreuses personnes, les vacances \u00e0 Santorin sont le r\u00eave d'une vie. Comme il s'agit de la premi\u00e8re destination touristique de Gr\u00e8ce, l'\u00eele est r\u00e9put\u00e9e pour son impressionnante caldera, son volcan et son coucher de soleil romantique.","breadcrumb":{"@id":"https:\/\/old.lamer-santorini.com\/fr\/concierge\/#breadcrumb"},"inLanguage":"fr-FR","potentialAction":[{"@type":"ReadAction","target":["https:\/\/old.lamer-santorini.com\/fr\/concierge\/"]}]},{"@type":"ImageObject","inLanguage":"fr-FR","@id":"https:\/\/old.lamer-santorini.com\/fr\/concierge\/#primaryimage","url":"https:\/\/old.lamer-santorini.com\/wp-content\/uploads\/2017\/08\/shutterstock_235716055.jpg","contentUrl":"https:\/\/old.lamer-santorini.com\/wp-content\/uploads\/2017\/08\/shutterstock_235716055.jpg"},{"@type":"BreadcrumbList","@id":"https:\/\/old.lamer-santorini.com\/fr\/concierge\/#breadcrumb","itemListElement":[{"@type":"ListItem","position":1,"name":"Home","item":"https:\/\/old.lamer-santorini.com\/fr\/"},{"@type":"ListItem","position":2,"name":"Concierge"}]},{"@type":"WebSite","@id":"https:\/\/old.lamer-santorini.com\/#website","url":"https:\/\/old.lamer-santorini.com\/","name":"La Mer","description":"Deluxe Hotel & Spa Resort Kamari Santorini Greece | Book Online","publisher":{"@id":"https:\/\/old.lamer-santorini.com\/#organization"},"potentialAction":[{"@type":"SearchAction","target":{"@type":"EntryPoint","urlTemplate":"https:\/\/old.lamer-santorini.com\/?s={search_term_string}"},"query-input":{"@type":"PropertyValueSpecification","valueRequired":true,"valueName":"search_term_string"}}],"inLanguage":"fr-FR"},{"@type":"Organization","@id":"https:\/\/old.lamer-santorini.com\/#organization","name":"La Mer Deluxe Hotel & Spa","url":"https:\/\/old.lamer-santorini.com\/","logo":{"@type":"ImageObject","inLanguage":"fr-FR","@id":"https:\/\/old.lamer-santorini.com\/#\/schema\/logo\/image\/","url":"https:\/\/old.lamer-santorini.com\/wp-content\/uploads\/2017\/08\/logo1.png","contentUrl":"https:\/\/old.lamer-santorini.com\/wp-content\/uploads\/2017\/08\/logo1.png","width":300,"height":169,"caption":"La Mer Deluxe Hotel & Spa"},"image":{"@id":"https:\/\/old.lamer-santorini.com\/#\/schema\/logo\/image\/"}}]}},"_links":{"self":[{"href":"https:\/\/old.lamer-santorini.com\/fr\/wp-json\/wp\/v2\/pages\/1953","targetHints":{"allow":["GET"]}}],"collection":[{"href":"https:\/\/old.lamer-santorini.com\/fr\/wp-json\/wp\/v2\/pages"}],"about":[{"href":"https:\/\/old.lamer-santorini.com\/fr\/wp-json\/wp\/v2\/types\/page"}],"author":[{"embeddable":true,"href":"https:\/\/old.lamer-santorini.com\/fr\/wp-json\/wp\/v2\/users\/2"}],"replies":[{"embeddable":true,"href":"https:\/\/old.lamer-santorini.com\/fr\/wp-json\/wp\/v2\/comments?post=1953"}],"version-history":[{"count":5,"href":"https:\/\/old.lamer-santorini.com\/fr\/wp-json\/wp\/v2\/pages\/1953\/revisions"}],"predecessor-version":[{"id":2607,"href":"https:\/\/old.lamer-santorini.com\/fr\/wp-json\/wp\/v2\/pages\/1953\/revisions\/2607"}],"wp:attachment":[{"href":"https:\/\/old.lamer-santorini.com\/fr\/wp-json\/wp\/v2\/media?parent=1953"}],"curies":[{"name":"wp","href":"https:\/\/api.w.org\/{rel}","templated":true}]}}