{"id":2186,"date":"2017-08-05T10:49:34","date_gmt":"2017-08-05T10:49:34","guid":{"rendered":"https:\/\/old.lamer-santorini.com\/facilities-services\/"},"modified":"2019-09-06T15:59:31","modified_gmt":"2019-09-06T12:59:31","slug":"installations-et-services","status":"publish","type":"page","link":"https:\/\/old.lamer-santorini.com\/fr\/installations-et-services\/","title":{"rendered":"Installations et Services"},"content":{"rendered":"<p>\n\t\t\t\t<section id=\"welcome-section\" class=\"simple \">\n\t\t\t\t\t<div class=\"inner-container container\">\n\t\t\t\t\t\t<div class=\"l-sec \">\n\t\t\t\t\t\t\t<div class=\"ravis-title-t-1\">\n\t\t\t\t\t\t\t\t<div class=\"title\"><span>La Mer Deluxe 5* Hotel &amp; Spa<\/span><\/div>\n\t\t\t\t\t\t\t\t<div class=\"sub-title\">We provide the most luxurious services<\/div>\n\t\t\t\t\t\t\t<\/div>\n\t\t\t\t\t\t\t<div class=\"content\"><\/div><\/div>\n\t\t\t\t\t<\/div>\n\t\t\t\t<\/section><section id=\"hotel-sections\"><div class=\"section-row clearfix\">\n\t\t\t\t\t\t\t<div class=\"desc animated-box\" data-animation=\"fadeInUp\" data-delay=\"400\">\n\t\t\t\t\t\t\t\t<div class=\"ravis-title-t-1\">\n\t\t\t\t\t\t\t\t\t<div class=\"title\"><span>Hotel Features and Benefits<\/span><\/div>\n\t\t\t\t\t\t\t\t\t<div class=\"sub-title\">Enjoy Relaxing Moments<\/div>\n\t\t\t\t\t\t\t\t<\/div>\n\t\t\t\t\t\t\t\t<div class=\"content\"><h3>Piscines<\/h3>\r\nLes piscines de notre h\u00f4tel constituent une option attrayant pour ces qui d\u00e9sirent de jouir le soleil dans un environnement modern et s\u00e9duisant. La Mer Deluxe Hotel &amp; Spa dispose de 3 piscines en maintenant toujours une atmosph\u00e8re calme et paisible.\r\n<h3>La Mer Spa installations<\/h3>\r\nUne vaste collection de massages et de soins du visage revitalisants sont propos\u00e9s dans notre superbe spa. Sp\u00e9cialement con\u00e7u pour maintenir la sant\u00e9, la beaut\u00e9 et am\u00e9liorer le bien-\u00eatre g\u00e9n\u00e9ral. Nos installations incluent Sauna, Jacuzzi, Salon de beaut\u00e9 et Salles de massage.<\/div>\n\t\t\t\t\t\t\t<\/div><div class=\"img-container animated-box\" data-animation=\"fadeInUp\" data-bg-img=\"https:\/\/old.lamer-santorini.com\/wp-content\/uploads\/2017\/08\/slide4.jpg\"><\/div><\/div><div class=\"section-row clearfix\"><div class=\"img-container animated-box\" data-animation=\"fadeInUp\" data-bg-img=\"https:\/\/old.lamer-santorini.com\/wp-content\/uploads\/2017\/08\/shutterstock_635919605.jpg\"><\/div>\n\t\t\t\t\t\t\t<div class=\"desc animated-box\" data-animation=\"fadeInUp\" data-delay=\"400\">\n\t\t\t\t\t\t\t\t<div class=\"ravis-title-t-1\">\n\t\t\t\t\t\t\t\t\t<div class=\"title\"><span>Leasure Activities &#038; Facilities<\/span><\/div>\n\t\t\t\t\t\t\t\t\t<div class=\"sub-title\">Indoor &amp; Outdoor Activities<\/div>\n\t\t\t\t\t\t\t\t<\/div>\n\t\t\t\t\t\t\t\t<div class=\"content\"><h3>Activit\u00e9s<\/h3>\r\n<div>Visitez notre salle de sport moderne enti\u00e8rement \u00e9quip\u00e9e qui vous permet de faire de l\u2019exercice  en jouissent vos vacances \u00e0 Santorin \u00e0 La Mer Deluxe Hotel &amp; Spa. L\u2019h\u00f4tel propose des services et d\u2019installations exclusives comme Billards, Ping-pong et Mini-golf, que vous pourrez appr\u00e9cier avec vos amis ou avec votre famille. <\/div>\r\n<h3>Kamari Plage Noir<\/h3>\r\nL\u2019h\u00f4tel est  parfaitement situe pr\u00e8s de la plage cosmopolite de sable noir de Kamari Village, pr\u00e8s des bars de plage, restaurants et magasins. La plage est \u00e0 quelques pas de l\u2019h\u00f4tel o\u00f9 vous pourrez jouir une large vari\u00e9t\u00e9 d\u2019activit\u00e9s nautiques, de chaises longues et de parasols. <\/div>\n\t\t\t\t\t\t\t<\/div><\/div><div class=\"section-row clearfix\">\n\t\t\t\t\t\t\t<div class=\"desc animated-box\" data-animation=\"fadeInUp\" data-delay=\"400\">\n\t\t\t\t\t\t\t\t<div class=\"ravis-title-t-1\">\n\t\t\t\t\t\t\t\t\t<div class=\"title\"><span>Installations pour personnes \u00e0 mobilit\u00e9 r\u00e9duite et besoins sp\u00e9ciaux<\/span><\/div>\n\t\t\t\t\t\t\t\t\t<div class=\"sub-title\">Vos besoins sp\u00e9ciaux, notre premi\u00e8re priorit\u00e9 <\/div>\n\t\t\t\t\t\t\t\t<\/div>\n\t\t\t\t\t\t\t\t<div class=\"content\">Notre h\u00f4tel poss\u00e8de de chambres adapt\u00e9es aux personnes \u00e0 mobilit\u00e9 r\u00e9duite. Pour les clients d\u00e9favoris\u00e9s \u00e0 mobilit\u00e9 r\u00e9duite, l\u2019h\u00f4tel dispose d\u2019installations suffisantes pour leur permettre de b\u00e9n\u00e9ficier du m\u00eame confort comme tous les clients. Piscines, restaurants, toilettes et salles de courtoisie sont accessibles par les rampes. Pour nous assurer votre confort, contactez-nous \u00e0 l\u2019avance et indiquez-nous votre handicap. <\/div>\n\t\t\t\t\t\t\t<\/div><div class=\"img-container animated-box\" data-animation=\"fadeInUp\" data-bg-img=\"https:\/\/old.lamer-santorini.com\/wp-content\/uploads\/2017\/08\/59de1ce6554506492472c213-large.jpg\"><\/div><\/div><div class=\"section-row clearfix\"><div class=\"img-container animated-box\" data-animation=\"fadeInUp\" data-bg-img=\"https:\/\/old.lamer-santorini.com\/wp-content\/uploads\/2017\/08\/59e482d2554506254c72c213-large.jpg\"><\/div>\n\t\t\t\t\t\t\t<div class=\"desc animated-box\" data-animation=\"fadeInUp\" data-delay=\"400\">\n\t\t\t\t\t\t\t\t<div class=\"ravis-title-t-1\">\n\t\t\t\t\t\t\t\t\t<div class=\"title\"><span>H\u00f4tel Installations<\/span><\/div>\n\t\t\t\t\t\t\t\t\t<div class=\"sub-title\">Toutes nos installations modernes \u00e0 votre disposition<\/div>\n\t\t\t\t\t\t\t\t<\/div>\n\t\t\t\t\t\t\t\t<div class=\"content\"><ul>\r\n \t<li>Business corner<\/li>\r\n \t<li>Salle de conf\u00e9rence et de r\u00e9union<\/li>\r\n \t<li>Spa installations, Sauna, Jacuzzi<\/li>\r\n \t<li>Salon de coiffure<\/li>\r\n \t<li>Soins des ongles et \u00e9pilation<\/li>\r\n \t<li>Salle de sport enti\u00e8rement \u00e9quip\u00e9e<\/li>\r\n<\/ul>\r\n<ul>\r\n \t<li>Bijouterie<\/li>\r\n \t<li>A La Carte Restaurant<\/li>\r\n \t<li>Petit-d\u00e9jeuner buffet am\u00e9ricain<\/li>\r\n \t<li>Trois piscines ext\u00e9rieures<\/li>\r\n \t<li>Une piscine int\u00e9rieure<\/li>\r\n \t<li>Un jacuzzi int\u00e9rieur et un jacuzzi ext\u00e9rieur<\/li>\r\n \t<li>Climatisation dans tout l\u2019h\u00f4tel et les chambres<\/li>\r\n \t<li>Salle de jeux avec billard et tennis de table<\/li>\r\n \t<li>Restaurant sur le toit<\/li>\r\n \t<li>Bar de la piscine<\/li>\r\n \t<li>Parking gratuit<\/li>\r\n<\/ul><\/div>\n\t\t\t\t\t\t\t<\/div><\/div><div class=\"section-row clearfix\">\n\t\t\t\t\t\t\t<div class=\"desc animated-box\" data-animation=\"fadeInUp\" data-delay=\"400\">\n\t\t\t\t\t\t\t\t<div class=\"ravis-title-t-1\">\n\t\t\t\t\t\t\t\t\t<div class=\"title\"><span>Services<\/span><\/div>\n\t\t\t\t\t\t\t\t\t<div class=\"sub-title\">Services luxueux qui d\u00e9passent vos attentes<\/div>\n\t\t\t\t\t\t\t\t<\/div>\n\t\t\t\t\t\t\t\t<div class=\"content\"><ul>\r\n \t<li>Internet connexion gratuite dans tout l\u2019h\u00f4tel et les chambres<\/li>\r\n \t<li>R\u00e9ception 24 heures<\/li>\r\n \t<li>Gestion de la relation client<\/li>\r\n \t<li>Concierge<\/li>\r\n \t<li>Location de voiture\/yacht<\/li>\r\n \t<li>Excursions priv\u00e9es\/ semi priv\u00e9es<\/li>\r\n \t<li>Transfert priv\u00e9e \u00e0 l\u2019arriv\u00e9e\/ d\u00e9part<\/li>\r\n \t<li>Room service (jusqu\u2019\u00e0 minuit)<\/li>\r\n \t<li>M\u00e9decin sur demande<\/li>\r\n \t<li>Service de porteur<\/li>\r\n \t<li>Salon de coiffure<\/li>\r\n \t<li>Service de blanchisserie<\/li>\r\n \t<li>Appel de r\u00e9veil<\/li>\r\n \t<li>Service de m\u00e9nage quotidien<\/li>\r\n \t<li>Boissons de bienvenue<\/li>\r\n \t<li>Service de postal<\/li>\r\n \t<li>Echange d\u2019argent<\/li>\r\n<\/ul><\/div>\n\t\t\t\t\t\t\t<\/div><div class=\"img-container animated-box\" data-animation=\"fadeInUp\" data-bg-img=\"https:\/\/old.lamer-santorini.com\/wp-content\/uploads\/2017\/08\/59e482d2554506254c72c213-large.jpg\"><\/div><\/div><div class=\"section-row clearfix\"><div class=\"img-container animated-box\" data-animation=\"fadeInUp\" data-bg-img=\"https:\/\/old.lamer-santorini.com\/wp-content\/uploads\/2017\/08\/DSC00769.jpg\"><\/div>\n\t\t\t\t\t\t\t<div class=\"desc animated-box\" data-animation=\"fadeInUp\" data-delay=\"400\">\n\t\t\t\t\t\t\t\t<div class=\"ravis-title-t-1\">\n\t\t\t\t\t\t\t\t\t<div class=\"title\"><span>Restaurant &#038; Bar<\/span><\/div>\n\t\t\t\t\t\t\t\t\t<div class=\"sub-title\">Cuisine de m\u00e9diterran\u00e9e cr\u00e9ative &amp; cocktails exclusifs<\/div>\n\t\t\t\t\t\t\t\t<\/div>\n\t\t\t\t\t\t\t\t<div class=\"content\">Dans notre restaurant vous connaissez une exp\u00e9rience de la cuisine cr\u00e9ative, dans laquelle les saveurs traditionnelles de la Gr\u00e8ce sont interpr\u00e9t\u00e9es et pr\u00e9sent\u00e9es aven un touche contemporaine. \r\n\r\nNotre restaurant est situ\u00e9  au bord de la piscine  aven un toit-terrace  additionnel, id\u00e9al pour l\u2019organisation de d\u00eeners aux chandelles. Pour un d\u00e9jeuner pendant la journ\u00e9e ou un diner au clair de lune, d\u00e9gustez des cr\u00e9ations m\u00e9diterran\u00e9es sp\u00e9cialement pr\u00e9par\u00e9es par notre Chef. Offrez-vous une fabuleuse exp\u00e9rience gastronomique qui reste dans votre m\u00e9moire. \r\n\r\nCompl\u00e9tez votre voyage avec une collection exceptionnelle de vins prim\u00e9s et de cocktails exclusifs. \r\n\r\n<b>Faites votre r\u00e9servation\u2026\u2026<\/b>\r\n\r\n<i class=\"fa fa-envelope\"><\/i><a style=\"color: #d2bd7f\" href=\"mailto:info@guest_relations@lamer-santorini.com\">guest_relations@lamer-santorini.com<\/a><i class=\"fa fa-phone\"><\/i><a style=\"color: #d2bd7f\" href=\"tel:\/\/+ 30 22860 32061\"> + 30 22860 32061<\/a><\/div>\n\t\t\t\t\t\t\t<\/div><\/div><div class=\"section-row clearfix\">\n\t\t\t\t\t\t\t<div class=\"desc animated-box\" data-animation=\"fadeInUp\" data-delay=\"400\">\n\t\t\t\t\t\t\t\t<div class=\"ravis-title-t-1\">\n\t\t\t\t\t\t\t\t\t<div class=\"title\"><span>Centre de Conf\u00e9rence<\/span><\/div>\n\t\t\t\t\t\t\t\t\t<div class=\"sub-title\">Conf\u00e9rences et r\u00e9unions d\u2019affaires<\/div>\n\t\t\t\t\t\t\t\t<\/div>\n\t\t\t\t\t\t\t\t<div class=\"content\"><b>Installations et capacit\u00e9s<\/b>\r\n<ul>\r\n \t<li>Taille: 200 m2<\/li>\r\n \t<li>U forme: 30<\/li>\r\n \t<li>Partitions: oui<\/li>\r\n \t<li>Int\u00e9rieur: oui<\/li>\r\n \t<li>Chauffage: oui<\/li>\r\n \t<li>Th\u00e9\u00e2tre: 100<\/li>\r\n \t<li>Salle de r\u00e9unions: 30<\/li>\r\n \t<li>Buffet: 100<\/li>\r\n \t<li>Ext\u00e9rieur: no<\/li>\r\n \t<li>Lumi\u00e8res de control \u00e0 distance: oui<\/li>\r\n \t<li>Salle: 50<\/li>\r\n \t<li>Menu fixe: 100<\/li>\r\n \t<li>Cocktail: 200<\/li>\r\n \t<li>Climatisation: oui<\/li>\r\n \t<li>Equipment audiovisuel*: oui<\/li>\r\n<\/ul>\r\n\r\n<b>equipment Technique \u00a0\u00a0\u00a0\u00a0\u00a0\u00a0\u00a0\u00a0<\/b>\r\n\r\nAudiovisual Equipment*<b><\/b>\r\n\r\n<b>Electric Projector Screen 2X2<\/b><b><\/b>\r\n\r\n<b>\u00a0<\/b><b>HitachiCP-X615 LCD PROJECTOR<\/b><b><\/b>\r\n<ul>\r\n \t<li>3LCD\u2122 Display Technology<\/li>\r\n \t<li>4000 ANSI Lumens<b><\/b><\/li>\r\n \t<li>1024 x 768 Native Resolution<\/li>\r\n \t<li>4:3 Native Aspect Ratio<b><\/b><\/li>\r\n \t<li>15.8 lbs<b><\/b><\/li>\r\n<\/ul>\r\n<b>Flip Chart\r\n<\/b>\r\n\r\n<b>Podium\r\n<\/b>\r\n\r\n<b>Microphone 1 wireless, 1 table<\/b><\/div>\n\t\t\t\t\t\t\t<\/div><div class=\"img-container animated-box\" data-animation=\"fadeInUp\" data-bg-img=\"https:\/\/old.lamer-santorini.com\/wp-content\/uploads\/2017\/08\/582c40b0874a4afe04d0ff6c-large.jpg\"><\/div><\/div><div class=\"section-row clearfix\"><div class=\"img-container animated-box\" data-animation=\"fadeInUp\" data-bg-img=\"https:\/\/old.lamer-santorini.com\/wp-content\/uploads\/2017\/11\/5830361a874a4a5332d0ff6d-large.jpg\"><\/div>\n\t\t\t\t\t\t\t<div class=\"desc animated-box\" data-animation=\"fadeInUp\" data-delay=\"400\">\n\t\t\t\t\t\t\t\t<div class=\"ravis-title-t-1\">\n\t\t\t\t\t\t\t\t\t<div class=\"title\"><span>La Mer Deluxe Spa &#038; Bien-\u00eatre<\/span><\/div>\n\t\t\t\t\t\t\t\t\t<div class=\"sub-title\">Plaisir... relaxation et s\u00e9r\u00e9nit\u00e9<\/div>\n\t\t\t\t\t\t\t\t<\/div>\n\t\t\t\t\t\t\t\t<div class=\"content\">Nous disposons tout ce dont vous avez vraiment besoin pour rester en forme et en bonne sant\u00e9 dans notre salle de sport de notre spa.\r\n<div>Bienvenus dans un paradis de relaxation o\u00f9 corps and \u00e2me se nourrissent en plein s\u00e9r\u00e9nit\u00e9. Dans tranquillit\u00e9 absolue, ajustements personnalis\u00e9es, techniques de relaxation efficaces sont appliqu\u00e9es aux massages et aux soins du corps-tous dans un enivrement tranquille d\u2019ar\u00f4mes et de parfums doux.<\/div>\r\n<div>Beaucoup de nos traitements fusionnent les ressources botaniques locales avec les arts de gu\u00e9rison traditionnelles, spirituels et physiques.<\/div>\r\n<div>Les Ex\u00e9cutive Packages sont efficaces pour soulager du stress, combattre l\u2019insomnie, soulager la fatigue mentale et att\u00e9nuer les douleurs musculaires et articulaires. Laissez les pores de la peau s\u2019ouvrir dans la sauna et pr\u00e9parez votre corps pour le sois ultime qui suit. Douceur, souplesse et \u00e9nergie du corporelle sont restaur\u00e9es avec l\u2019application de nos produits de luxe.<\/div>\r\n<div>Ils sont adress\u00e9s \u00e0 chaque personne et satisfont les clients le plus exigeants.<\/div>\r\n<div>Nos installations de bien-\u00eatre incluent:<\/div>\r\n<ul>\r\n \t<li>Jacuzzi int\u00e9rieur<\/li>\r\n \t<li>Piscine int\u00e9rieure<\/li>\r\n \t<li>Sauna<\/li>\r\n \t<li>Massages du corps<\/li>\r\n \t<li>Traitement du visage<\/li>\r\n<\/ul>\r\nAcc\u00e8s \u00e0 la piscine int\u00e9rieure at au jacuzzi int\u00e9rieur est gratuite\r\n\r\n<a style=\"color: #d2bd7f\" href=\"https:\/\/old.lamer-santorini.com\/wp-content\/uploads\/2017\/08\/MENU-SPA-2017.pdf\" target=\"_blank\" rel=\"noopener\">Consultez notre SPA menu<\/a><\/div>\n\t\t\t\t\t\t\t<\/div><\/div><\/section><\/p>\n","protected":false},"excerpt":{"rendered":"","protected":false},"author":2,"featured_media":0,"parent":0,"menu_order":0,"comment_status":"closed","ping_status":"closed","template":"","meta":{"footnotes":""},"class_list":["post-2186","page","type-page","status-publish","hentry"],"yoast_head":"<!-- This site is optimized with the Yoast SEO plugin v26.5 - https:\/\/yoast.com\/wordpress\/plugins\/seo\/ -->\n<title>Services et installations de l&#039;h\u00f4tel | Spa | Restaurant | La Mer Deluxe Hotel<\/title>\n<meta name=\"description\" content=\"La Mer Deluxe H\u00f4tel &amp; Spa propose une large gamme d&#039;\u00e9quipements et de services \u00e0 ses clients. Consultez nos services de luxe sur notre site!\" \/>\n<meta name=\"robots\" content=\"index, follow, max-snippet:-1, max-image-preview:large, max-video-preview:-1\" \/>\n<link rel=\"canonical\" href=\"https:\/\/old.lamer-santorini.com\/fr\/installations-et-services\/\" \/>\n<meta property=\"og:locale\" content=\"fr_FR\" \/>\n<meta property=\"og:type\" content=\"article\" \/>\n<meta property=\"og:title\" content=\"Services et installations de l&#039;h\u00f4tel | Spa | Restaurant | La Mer Deluxe Hotel\" \/>\n<meta property=\"og:description\" content=\"La Mer Deluxe H\u00f4tel &amp; Spa propose une large gamme d&#039;\u00e9quipements et de services \u00e0 ses clients. Consultez nos services de luxe sur notre site!\" \/>\n<meta property=\"og:url\" content=\"https:\/\/old.lamer-santorini.com\/fr\/installations-et-services\/\" \/>\n<meta property=\"og:site_name\" content=\"La Mer\" \/>\n<meta property=\"article:modified_time\" content=\"2019-09-06T12:59:31+00:00\" \/>\n<meta name=\"twitter:card\" content=\"summary_large_image\" \/>\n<script type=\"application\/ld+json\" class=\"yoast-schema-graph\">{\"@context\":\"https:\/\/schema.org\",\"@graph\":[{\"@type\":\"WebPage\",\"@id\":\"https:\/\/old.lamer-santorini.com\/fr\/installations-et-services\/\",\"url\":\"https:\/\/old.lamer-santorini.com\/fr\/installations-et-services\/\",\"name\":\"Services et installations de l'h\u00f4tel | Spa | Restaurant | La Mer Deluxe Hotel\",\"isPartOf\":{\"@id\":\"https:\/\/old.lamer-santorini.com\/#website\"},\"datePublished\":\"2017-08-05T10:49:34+00:00\",\"dateModified\":\"2019-09-06T12:59:31+00:00\",\"description\":\"La Mer Deluxe H\u00f4tel & Spa propose une large gamme d'\u00e9quipements et de services \u00e0 ses clients. Consultez nos services de luxe sur notre site!\",\"breadcrumb\":{\"@id\":\"https:\/\/old.lamer-santorini.com\/fr\/installations-et-services\/#breadcrumb\"},\"inLanguage\":\"fr-FR\",\"potentialAction\":[{\"@type\":\"ReadAction\",\"target\":[\"https:\/\/old.lamer-santorini.com\/fr\/installations-et-services\/\"]}]},{\"@type\":\"BreadcrumbList\",\"@id\":\"https:\/\/old.lamer-santorini.com\/fr\/installations-et-services\/#breadcrumb\",\"itemListElement\":[{\"@type\":\"ListItem\",\"position\":1,\"name\":\"Home\",\"item\":\"https:\/\/old.lamer-santorini.com\/fr\/\"},{\"@type\":\"ListItem\",\"position\":2,\"name\":\"Installations et Services\"}]},{\"@type\":\"WebSite\",\"@id\":\"https:\/\/old.lamer-santorini.com\/#website\",\"url\":\"https:\/\/old.lamer-santorini.com\/\",\"name\":\"La Mer\",\"description\":\"Deluxe Hotel & Spa Resort Kamari Santorini Greece | Book Online\",\"publisher\":{\"@id\":\"https:\/\/old.lamer-santorini.com\/#organization\"},\"potentialAction\":[{\"@type\":\"SearchAction\",\"target\":{\"@type\":\"EntryPoint\",\"urlTemplate\":\"https:\/\/old.lamer-santorini.com\/?s={search_term_string}\"},\"query-input\":{\"@type\":\"PropertyValueSpecification\",\"valueRequired\":true,\"valueName\":\"search_term_string\"}}],\"inLanguage\":\"fr-FR\"},{\"@type\":\"Organization\",\"@id\":\"https:\/\/old.lamer-santorini.com\/#organization\",\"name\":\"La Mer Deluxe Hotel & Spa\",\"url\":\"https:\/\/old.lamer-santorini.com\/\",\"logo\":{\"@type\":\"ImageObject\",\"inLanguage\":\"fr-FR\",\"@id\":\"https:\/\/old.lamer-santorini.com\/#\/schema\/logo\/image\/\",\"url\":\"https:\/\/old.lamer-santorini.com\/wp-content\/uploads\/2017\/08\/logo1.png\",\"contentUrl\":\"https:\/\/old.lamer-santorini.com\/wp-content\/uploads\/2017\/08\/logo1.png\",\"width\":300,\"height\":169,\"caption\":\"La Mer Deluxe Hotel & Spa\"},\"image\":{\"@id\":\"https:\/\/old.lamer-santorini.com\/#\/schema\/logo\/image\/\"}}]}<\/script>\n<!-- \/ Yoast SEO plugin. -->","yoast_head_json":{"title":"Services et installations de l'h\u00f4tel | Spa | Restaurant | La Mer Deluxe Hotel","description":"La Mer Deluxe H\u00f4tel & Spa propose une large gamme d'\u00e9quipements et de services \u00e0 ses clients. Consultez nos services de luxe sur notre site!","robots":{"index":"index","follow":"follow","max-snippet":"max-snippet:-1","max-image-preview":"max-image-preview:large","max-video-preview":"max-video-preview:-1"},"canonical":"https:\/\/old.lamer-santorini.com\/fr\/installations-et-services\/","og_locale":"fr_FR","og_type":"article","og_title":"Services et installations de l'h\u00f4tel | Spa | Restaurant | La Mer Deluxe Hotel","og_description":"La Mer Deluxe H\u00f4tel & Spa propose une large gamme d'\u00e9quipements et de services \u00e0 ses clients. Consultez nos services de luxe sur notre site!","og_url":"https:\/\/old.lamer-santorini.com\/fr\/installations-et-services\/","og_site_name":"La Mer","article_modified_time":"2019-09-06T12:59:31+00:00","twitter_card":"summary_large_image","schema":{"@context":"https:\/\/schema.org","@graph":[{"@type":"WebPage","@id":"https:\/\/old.lamer-santorini.com\/fr\/installations-et-services\/","url":"https:\/\/old.lamer-santorini.com\/fr\/installations-et-services\/","name":"Services et installations de l'h\u00f4tel | Spa | Restaurant | La Mer Deluxe Hotel","isPartOf":{"@id":"https:\/\/old.lamer-santorini.com\/#website"},"datePublished":"2017-08-05T10:49:34+00:00","dateModified":"2019-09-06T12:59:31+00:00","description":"La Mer Deluxe H\u00f4tel & Spa propose une large gamme d'\u00e9quipements et de services \u00e0 ses clients. Consultez nos services de luxe sur notre site!","breadcrumb":{"@id":"https:\/\/old.lamer-santorini.com\/fr\/installations-et-services\/#breadcrumb"},"inLanguage":"fr-FR","potentialAction":[{"@type":"ReadAction","target":["https:\/\/old.lamer-santorini.com\/fr\/installations-et-services\/"]}]},{"@type":"BreadcrumbList","@id":"https:\/\/old.lamer-santorini.com\/fr\/installations-et-services\/#breadcrumb","itemListElement":[{"@type":"ListItem","position":1,"name":"Home","item":"https:\/\/old.lamer-santorini.com\/fr\/"},{"@type":"ListItem","position":2,"name":"Installations et Services"}]},{"@type":"WebSite","@id":"https:\/\/old.lamer-santorini.com\/#website","url":"https:\/\/old.lamer-santorini.com\/","name":"La Mer","description":"Deluxe Hotel & Spa Resort Kamari Santorini Greece | Book Online","publisher":{"@id":"https:\/\/old.lamer-santorini.com\/#organization"},"potentialAction":[{"@type":"SearchAction","target":{"@type":"EntryPoint","urlTemplate":"https:\/\/old.lamer-santorini.com\/?s={search_term_string}"},"query-input":{"@type":"PropertyValueSpecification","valueRequired":true,"valueName":"search_term_string"}}],"inLanguage":"fr-FR"},{"@type":"Organization","@id":"https:\/\/old.lamer-santorini.com\/#organization","name":"La Mer Deluxe Hotel & Spa","url":"https:\/\/old.lamer-santorini.com\/","logo":{"@type":"ImageObject","inLanguage":"fr-FR","@id":"https:\/\/old.lamer-santorini.com\/#\/schema\/logo\/image\/","url":"https:\/\/old.lamer-santorini.com\/wp-content\/uploads\/2017\/08\/logo1.png","contentUrl":"https:\/\/old.lamer-santorini.com\/wp-content\/uploads\/2017\/08\/logo1.png","width":300,"height":169,"caption":"La Mer Deluxe Hotel & Spa"},"image":{"@id":"https:\/\/old.lamer-santorini.com\/#\/schema\/logo\/image\/"}}]}},"_links":{"self":[{"href":"https:\/\/old.lamer-santorini.com\/fr\/wp-json\/wp\/v2\/pages\/2186","targetHints":{"allow":["GET"]}}],"collection":[{"href":"https:\/\/old.lamer-santorini.com\/fr\/wp-json\/wp\/v2\/pages"}],"about":[{"href":"https:\/\/old.lamer-santorini.com\/fr\/wp-json\/wp\/v2\/types\/page"}],"author":[{"embeddable":true,"href":"https:\/\/old.lamer-santorini.com\/fr\/wp-json\/wp\/v2\/users\/2"}],"replies":[{"embeddable":true,"href":"https:\/\/old.lamer-santorini.com\/fr\/wp-json\/wp\/v2\/comments?post=2186"}],"version-history":[{"count":2,"href":"https:\/\/old.lamer-santorini.com\/fr\/wp-json\/wp\/v2\/pages\/2186\/revisions"}],"predecessor-version":[{"id":2320,"href":"https:\/\/old.lamer-santorini.com\/fr\/wp-json\/wp\/v2\/pages\/2186\/revisions\/2320"}],"wp:attachment":[{"href":"https:\/\/old.lamer-santorini.com\/fr\/wp-json\/wp\/v2\/media?parent=2186"}],"curies":[{"name":"wp","href":"https:\/\/api.w.org\/{rel}","templated":true}]}}